{"id":14135,"date":"2023-03-29T18:59:26","date_gmt":"2023-03-29T16:59:26","guid":{"rendered":"https:\/\/butikhome.pl\/index.php\/produkt\/figi-holi-183-biale\/"},"modified":"2023-05-30T14:21:48","modified_gmt":"2023-05-30T12:21:48","slug":"figi-holi-183-biale","status":"publish","type":"product","link":"https:\/\/butikhome.pl\/index.php\/produkt\/figi-holi-183-biale\/","title":{"rendered":"Figi Holi 183 Bia\u0142e"},"content":{"rendered":"<ul>\n<li>G\u0142adki ty\u0142<\/li>\n<li>Klasyczny kr\u00f3j majteczek<\/li>\n<li>Koronkowe zdobienia<\/li>\n<li>Kr\u00f3j kryje brzuszek<\/li>\n<li>Majteczki o komfortowym kroju<\/li>\n<li>Majteczki typu figi<\/li>\n<li>Model wyszczuplaj\u0105cy<\/li>\n<li>Pakowany w pude\u0142ko<\/li>\n<li>Produkt polski<\/li>\n<li>Przyjemna w dotyku, mi\u0119kka dzianina\/tkanina<\/li>\n<li>Wewn\u0105trz bawe\u0142niana wk\u0142adka<\/li>\n<li>Bawe\u0142na: 95%<\/li>\n<li>Elastan: 5%<\/li>\n<\/ul>\n","protected":false},"excerpt":{"rendered":"<p>G\u0142adki ty\u0142 Klasyczny kr\u00f3j majteczek Koronkowe zdobienia Kr\u00f3j kryje brzuszek Majteczki o komfortowym kroju Majteczki typu figi Model wyszczuplaj\u0105cy Pakowany w pude\u0142ko Produkt polski Przyjemna w dotyku, mi\u0119kka dzianina\/tkanina Wewn\u0105trz bawe\u0142niana wk\u0142adka Bawe\u0142na: 95% Elastan: 5%<\/p>\n","protected":false},"featured_media":15384,"comment_status":"open","ping_status":"closed","template":"","meta":[],"product_brand":[],"product_cat":[48,24,41,40,43,44],"product_tag":[709,710,768,1368,1338,408,1432,648,125,286,206,1433,1434,386,165,424,1390,388],"class_list":{"0":"post-14135","1":"product","2":"type-product","3":"status-publish","4":"has-post-thumbnail","6":"product_cat-majtki-podkategoria-do-bielizny","7":"product_cat-produkty","8":"product_cat-l","9":"product_cat-m","10":"product_cat-2xl","11":"product_cat-3xl","12":"product_tag-3-m","13":"product_tag-4-l","14":"product_tag-6-xxl","15":"product_tag-7-xxxl","16":"product_tag-bawelniana-wkladka","17":"product_tag-biale","18":"product_tag-figi-holi-183-biale","19":"product_tag-gabidar","20":"product_tag-gladki-tyl","21":"product_tag-klasyczny-kroj","22":"product_tag-koronkowe-zdobienia","23":"product_tag-kryje-brzuszek","24":"product_tag-majteczki-o-komfortowym-kroju","25":"product_tag-majteczki-typu-figi","26":"product_tag-miekka-tkanina","27":"product_tag-model-wyszczuplajacy","28":"product_tag-pakowany-w-pudelko","29":"product_tag-produkt-polski","31":"first","32":"instock","33":"taxable","34":"shipping-taxable","35":"purchasable","36":"product-type-simple"},"_links":{"self":[{"href":"https:\/\/butikhome.pl\/index.php\/wp-json\/wp\/v2\/product\/14135","targetHints":{"allow":["GET"]}}],"collection":[{"href":"https:\/\/butikhome.pl\/index.php\/wp-json\/wp\/v2\/product"}],"about":[{"href":"https:\/\/butikhome.pl\/index.php\/wp-json\/wp\/v2\/types\/product"}],"replies":[{"embeddable":true,"href":"https:\/\/butikhome.pl\/index.php\/wp-json\/wp\/v2\/comments?post=14135"}],"wp:featuredmedia":[{"embeddable":true,"href":"https:\/\/butikhome.pl\/index.php\/wp-json\/wp\/v2\/media\/15384"}],"wp:attachment":[{"href":"https:\/\/butikhome.pl\/index.php\/wp-json\/wp\/v2\/media?parent=14135"}],"wp:term":[{"taxonomy":"product_brand","embeddable":true,"href":"https:\/\/butikhome.pl\/index.php\/wp-json\/wp\/v2\/product_brand?post=14135"},{"taxonomy":"product_cat","embeddable":true,"href":"https:\/\/butikhome.pl\/index.php\/wp-json\/wp\/v2\/product_cat?post=14135"},{"taxonomy":"product_tag","embeddable":true,"href":"https:\/\/butikhome.pl\/index.php\/wp-json\/wp\/v2\/product_tag?post=14135"}],"curies":[{"name":"wp","href":"https:\/\/api.w.org\/{rel}","templated":true}]}}