{"id":14140,"date":"2023-03-29T18:59:35","date_gmt":"2023-03-29T16:59:35","guid":{"rendered":"https:\/\/butikhome.pl\/index.php\/produkt\/figi-holi-183-czarne\/"},"modified":"2023-05-30T14:13:27","modified_gmt":"2023-05-30T12:13:27","slug":"figi-holi-183-czarne","status":"publish","type":"product","link":"https:\/\/butikhome.pl\/index.php\/produkt\/figi-holi-183-czarne\/","title":{"rendered":"Figi Holi 183 Czarne"},"content":{"rendered":"<ul>\n<li>G\u0142adki ty\u0142<\/li>\n<li>Klasyczny kr\u00f3j majteczek<\/li>\n<li>Koronkowe zdobienia<\/li>\n<li>Majteczki o komfortowym kroju<\/li>\n<li>Majteczki typu figi<\/li>\n<li>Model wyszczuplaj\u0105cy<\/li>\n<li>Pakowany w pude\u0142ko<\/li>\n<li>Produkt polski<\/li>\n<li>Przyjemna w dotyku, mi\u0119kka dzianina\/tkanina<\/li>\n<li>Wewn\u0105trz bawe\u0142niana wk\u0142adka<\/li>\n<li>Bawe\u0142na: 95%<\/li>\n<li>Elastan: 5%<\/li>\n<\/ul>\n","protected":false},"excerpt":{"rendered":"<p>G\u0142adki ty\u0142 Klasyczny kr\u00f3j majteczek Koronkowe zdobienia Majteczki o komfortowym kroju Majteczki typu figi Model wyszczuplaj\u0105cy Pakowany w pude\u0142ko Produkt polski Przyjemna w dotyku, mi\u0119kka dzianina\/tkanina Wewn\u0105trz bawe\u0142niana wk\u0142adka Bawe\u0142na: 95% Elastan: 5%<\/p>\n","protected":false},"featured_media":15385,"comment_status":"open","ping_status":"closed","template":"","meta":[],"product_brand":[],"product_cat":[48,24,41,40,42,43,44],"product_tag":[709,710,736,768,1368,1338,52,1431,648,125,286,253,206,386,663,424,1297,1078,388],"class_list":{"0":"post-14140","1":"product","2":"type-product","3":"status-publish","4":"has-post-thumbnail","6":"product_cat-majtki-podkategoria-do-bielizny","7":"product_cat-produkty","8":"product_cat-l","9":"product_cat-m","10":"product_cat-xl","11":"product_cat-2xl","12":"product_cat-3xl","13":"product_tag-3-m","14":"product_tag-4-l","15":"product_tag-5-xl","16":"product_tag-6-xxl","17":"product_tag-7-xxxl","18":"product_tag-bawelniana-wkladka","19":"product_tag-czarne","20":"product_tag-figi-holi-183-czarne","21":"product_tag-gabidar","22":"product_tag-gladki-tyl","23":"product_tag-klasyczny-kroj","24":"product_tag-komfortowy-kroj","25":"product_tag-koronkowe-zdobienia","26":"product_tag-majteczki-typu-figi","27":"product_tag-miekka-dzianina","28":"product_tag-model-wyszczuplajacy","29":"product_tag-pakowane-w-pudelko","30":"product_tag-polski-produkt","31":"product_tag-produkt-polski","33":"first","34":"instock","35":"taxable","36":"shipping-taxable","37":"purchasable","38":"product-type-simple"},"_links":{"self":[{"href":"https:\/\/butikhome.pl\/index.php\/wp-json\/wp\/v2\/product\/14140","targetHints":{"allow":["GET"]}}],"collection":[{"href":"https:\/\/butikhome.pl\/index.php\/wp-json\/wp\/v2\/product"}],"about":[{"href":"https:\/\/butikhome.pl\/index.php\/wp-json\/wp\/v2\/types\/product"}],"replies":[{"embeddable":true,"href":"https:\/\/butikhome.pl\/index.php\/wp-json\/wp\/v2\/comments?post=14140"}],"wp:featuredmedia":[{"embeddable":true,"href":"https:\/\/butikhome.pl\/index.php\/wp-json\/wp\/v2\/media\/15385"}],"wp:attachment":[{"href":"https:\/\/butikhome.pl\/index.php\/wp-json\/wp\/v2\/media?parent=14140"}],"wp:term":[{"taxonomy":"product_brand","embeddable":true,"href":"https:\/\/butikhome.pl\/index.php\/wp-json\/wp\/v2\/product_brand?post=14140"},{"taxonomy":"product_cat","embeddable":true,"href":"https:\/\/butikhome.pl\/index.php\/wp-json\/wp\/v2\/product_cat?post=14140"},{"taxonomy":"product_tag","embeddable":true,"href":"https:\/\/butikhome.pl\/index.php\/wp-json\/wp\/v2\/product_tag?post=14140"}],"curies":[{"name":"wp","href":"https:\/\/api.w.org\/{rel}","templated":true}]}}