{"id":14144,"date":"2023-03-29T18:59:44","date_gmt":"2023-03-29T16:59:44","guid":{"rendered":"https:\/\/butikhome.pl\/index.php\/produkt\/figi-keisha-127\/"},"modified":"2023-05-30T14:01:31","modified_gmt":"2023-05-30T12:01:31","slug":"figi-keisha-127","status":"publish","type":"product","link":"https:\/\/butikhome.pl\/index.php\/produkt\/figi-keisha-127\/","title":{"rendered":"Figi Keisha 127"},"content":{"rendered":"<p>Bardzo \u0142adne, wyj\u0105tkowo kobiece figi, z kt\u00f3rych z pewno\u015bci\u0105 b\u0119dziesz zadowolona. Mi\u0119ciutka bawe\u0142na zadba o Tw\u00f3j komfort, a \u015bliczna koronka b\u0119dzie wyj\u0105tkowo przyjemna dla oka. Sk\u0142ad: 95% bawe\u0142na, 5% elastan.<\/p>\n","protected":false},"excerpt":{"rendered":"<p>Bardzo \u0142adne, wyj\u0105tkowo kobiece figi, z kt\u00f3rych z pewno\u015bci\u0105 b\u0119dziesz zadowolona. Mi\u0119ciutka bawe\u0142na zadba o Tw\u00f3j komfort, a \u015bliczna koronka b\u0119dzie wyj\u0105tkowo przyjemna dla oka. Sk\u0142ad: 95% bawe\u0142na, 5% elastan.<\/p>\n","protected":false},"featured_media":15383,"comment_status":"open","ping_status":"closed","template":"","meta":[],"product_brand":[],"product_cat":[48,24,41,40,42,43],"product_tag":[709,710,736,768,408,1430,648,286,402,1429,570,1078],"class_list":{"0":"post-14144","1":"product","2":"type-product","3":"status-publish","4":"has-post-thumbnail","6":"product_cat-majtki-podkategoria-do-bielizny","7":"product_cat-produkty","8":"product_cat-l","9":"product_cat-m","10":"product_cat-xl","11":"product_cat-2xl","12":"product_tag-3-m","13":"product_tag-4-l","14":"product_tag-5-xl","15":"product_tag-6-xxl","16":"product_tag-biale","17":"product_tag-figi-keisha-127-biale","18":"product_tag-gabidar","19":"product_tag-klasyczny-kroj","20":"product_tag-komfortowe","21":"product_tag-koronkowa-aplikacja","22":"product_tag-mieciutka-bawelna","23":"product_tag-polski-produkt","25":"first","26":"instock","27":"taxable","28":"shipping-taxable","29":"purchasable","30":"product-type-simple"},"_links":{"self":[{"href":"https:\/\/butikhome.pl\/index.php\/wp-json\/wp\/v2\/product\/14144","targetHints":{"allow":["GET"]}}],"collection":[{"href":"https:\/\/butikhome.pl\/index.php\/wp-json\/wp\/v2\/product"}],"about":[{"href":"https:\/\/butikhome.pl\/index.php\/wp-json\/wp\/v2\/types\/product"}],"replies":[{"embeddable":true,"href":"https:\/\/butikhome.pl\/index.php\/wp-json\/wp\/v2\/comments?post=14144"}],"wp:featuredmedia":[{"embeddable":true,"href":"https:\/\/butikhome.pl\/index.php\/wp-json\/wp\/v2\/media\/15383"}],"wp:attachment":[{"href":"https:\/\/butikhome.pl\/index.php\/wp-json\/wp\/v2\/media?parent=14144"}],"wp:term":[{"taxonomy":"product_brand","embeddable":true,"href":"https:\/\/butikhome.pl\/index.php\/wp-json\/wp\/v2\/product_brand?post=14144"},{"taxonomy":"product_cat","embeddable":true,"href":"https:\/\/butikhome.pl\/index.php\/wp-json\/wp\/v2\/product_cat?post=14144"},{"taxonomy":"product_tag","embeddable":true,"href":"https:\/\/butikhome.pl\/index.php\/wp-json\/wp\/v2\/product_tag?post=14144"}],"curies":[{"name":"wp","href":"https:\/\/api.w.org\/{rel}","templated":true}]}}