{"id":14152,"date":"2023-03-29T19:00:04","date_gmt":"2023-03-29T17:00:04","guid":{"rendered":"https:\/\/butikhome.pl\/index.php\/produkt\/figi-kristine-118\/"},"modified":"2023-05-30T13:45:52","modified_gmt":"2023-05-30T11:45:52","slug":"figi-kristine-118","status":"publish","type":"product","link":"https:\/\/butikhome.pl\/index.php\/produkt\/figi-kristine-118\/","title":{"rendered":"Figi Kristine 118"},"content":{"rendered":"<p>Wspania\u0142e figi o nieco wy\u017cszym fasonie. Bardzo eleganckie, z gustem ozdobione \u015bliczn\u0105, koronkow\u0105 aplikacj\u0105. Zdecydowanie powinna\u015b je mie\u0107. Sk\u0142ad: 95% bawe\u0142na, 5% elastan.<\/p>\n","protected":false},"excerpt":{"rendered":"<p>Wspania\u0142e figi o nieco wy\u017cszym fasonie. Bardzo eleganckie, z gustem ozdobione \u015bliczn\u0105, koronkow\u0105 aplikacj\u0105. Zdecydowanie powinna\u015b je mie\u0107. Sk\u0142ad: 95% bawe\u0142na, 5% elastan.<\/p>\n","protected":false},"featured_media":15382,"comment_status":"open","ping_status":"closed","template":"","meta":[],"product_brand":[],"product_cat":[48,24,41,40,42,43],"product_tag":[709,710,736,768,408,1428,648,125,321,1429,199,1078,486],"class_list":{"0":"post-14152","1":"product","2":"type-product","3":"status-publish","4":"has-post-thumbnail","6":"product_cat-majtki-podkategoria-do-bielizny","7":"product_cat-produkty","8":"product_cat-l","9":"product_cat-m","10":"product_cat-xl","11":"product_cat-2xl","12":"product_tag-3-m","13":"product_tag-4-l","14":"product_tag-5-xl","15":"product_tag-6-xxl","16":"product_tag-biale","17":"product_tag-figi-kristine-118-biale","18":"product_tag-gabidar","19":"product_tag-gladki-tyl","20":"product_tag-klasyczny-fason","21":"product_tag-koronkowa-aplikacja","22":"product_tag-koronkowe-wstawki","23":"product_tag-polski-produkt","24":"product_tag-wyzszy-fason","26":"first","27":"instock","28":"taxable","29":"shipping-taxable","30":"purchasable","31":"product-type-simple"},"_links":{"self":[{"href":"https:\/\/butikhome.pl\/index.php\/wp-json\/wp\/v2\/product\/14152","targetHints":{"allow":["GET"]}}],"collection":[{"href":"https:\/\/butikhome.pl\/index.php\/wp-json\/wp\/v2\/product"}],"about":[{"href":"https:\/\/butikhome.pl\/index.php\/wp-json\/wp\/v2\/types\/product"}],"replies":[{"embeddable":true,"href":"https:\/\/butikhome.pl\/index.php\/wp-json\/wp\/v2\/comments?post=14152"}],"wp:featuredmedia":[{"embeddable":true,"href":"https:\/\/butikhome.pl\/index.php\/wp-json\/wp\/v2\/media\/15382"}],"wp:attachment":[{"href":"https:\/\/butikhome.pl\/index.php\/wp-json\/wp\/v2\/media?parent=14152"}],"wp:term":[{"taxonomy":"product_brand","embeddable":true,"href":"https:\/\/butikhome.pl\/index.php\/wp-json\/wp\/v2\/product_brand?post=14152"},{"taxonomy":"product_cat","embeddable":true,"href":"https:\/\/butikhome.pl\/index.php\/wp-json\/wp\/v2\/product_cat?post=14152"},{"taxonomy":"product_tag","embeddable":true,"href":"https:\/\/butikhome.pl\/index.php\/wp-json\/wp\/v2\/product_tag?post=14152"}],"curies":[{"name":"wp","href":"https:\/\/api.w.org\/{rel}","templated":true}]}}