{"id":14160,"date":"2023-03-29T19:00:24","date_gmt":"2023-03-29T17:00:24","guid":{"rendered":"https:\/\/butikhome.pl\/index.php\/produkt\/figi-liliana-123\/"},"modified":"2023-05-30T13:15:26","modified_gmt":"2023-05-30T11:15:26","slug":"figi-liliana-123","status":"publish","type":"product","link":"https:\/\/butikhome.pl\/index.php\/produkt\/figi-liliana-123\/","title":{"rendered":"Figi Liliana 123"},"content":{"rendered":"<p>\u015aliczne, gustowne figi typu biodr\u00f3wki, kt\u00f3re od razu wpadaj\u0105 w oko. Stworzone z po\u0142\u0105czenia kwiecistej koronki i mi\u0119kkiej, elastycznej bawe\u0142ny. Jedne z najlepszych, jakie mo\u017cna mie\u0107! Sk\u0142ad: 95% bawe\u0142na, 5% elastan. <\/p>\n","protected":false},"excerpt":{"rendered":"<p>\u015aliczne, gustowne figi typu biodr\u00f3wki, kt\u00f3re od razu wpadaj\u0105 w oko. Stworzone z po\u0142\u0105czenia kwiecistej koronki i mi\u0119kkiej, elastycznej bawe\u0142ny. Jedne z najlepszych, jakie mo\u017cna mie\u0107! Sk\u0142ad: 95% bawe\u0142na, 5% elastan.<\/p>\n","protected":false},"featured_media":15381,"comment_status":"open","ping_status":"closed","template":"","meta":[],"product_brand":[],"product_cat":[48,24,41,40,39,42],"product_tag":[708,709,710,736,408,1426,306,648,505,1427,1078,301],"class_list":{"0":"post-14160","1":"product","2":"type-product","3":"status-publish","4":"has-post-thumbnail","6":"product_cat-majtki-podkategoria-do-bielizny","7":"product_cat-produkty","8":"product_cat-l","9":"product_cat-m","10":"product_cat-s","11":"product_cat-xl","12":"product_tag-2-s","13":"product_tag-3-m","14":"product_tag-4-l","15":"product_tag-5-xl","16":"product_tag-biale","17":"product_tag-figi-liliana-123-biale","18":"product_tag-figi-typu-biodrowki","19":"product_tag-gabidar","20":"product_tag-kwiecista-koronka","21":"product_tag-miekka-elastyczna-bawelna","22":"product_tag-polski-produkt","23":"product_tag-wysoka-jakosc","25":"first","26":"instock","27":"taxable","28":"shipping-taxable","29":"purchasable","30":"product-type-simple"},"_links":{"self":[{"href":"https:\/\/butikhome.pl\/index.php\/wp-json\/wp\/v2\/product\/14160","targetHints":{"allow":["GET"]}}],"collection":[{"href":"https:\/\/butikhome.pl\/index.php\/wp-json\/wp\/v2\/product"}],"about":[{"href":"https:\/\/butikhome.pl\/index.php\/wp-json\/wp\/v2\/types\/product"}],"replies":[{"embeddable":true,"href":"https:\/\/butikhome.pl\/index.php\/wp-json\/wp\/v2\/comments?post=14160"}],"wp:featuredmedia":[{"embeddable":true,"href":"https:\/\/butikhome.pl\/index.php\/wp-json\/wp\/v2\/media\/15381"}],"wp:attachment":[{"href":"https:\/\/butikhome.pl\/index.php\/wp-json\/wp\/v2\/media?parent=14160"}],"wp:term":[{"taxonomy":"product_brand","embeddable":true,"href":"https:\/\/butikhome.pl\/index.php\/wp-json\/wp\/v2\/product_brand?post=14160"},{"taxonomy":"product_cat","embeddable":true,"href":"https:\/\/butikhome.pl\/index.php\/wp-json\/wp\/v2\/product_cat?post=14160"},{"taxonomy":"product_tag","embeddable":true,"href":"https:\/\/butikhome.pl\/index.php\/wp-json\/wp\/v2\/product_tag?post=14160"}],"curies":[{"name":"wp","href":"https:\/\/api.w.org\/{rel}","templated":true}]}}