{"id":14180,"date":"2023-03-29T19:01:14","date_gmt":"2023-03-29T17:01:14","guid":{"rendered":"https:\/\/butikhome.pl\/index.php\/produkt\/figi-mona-139-czarne\/"},"modified":"2023-05-29T15:36:58","modified_gmt":"2023-05-29T13:36:58","slug":"figi-mona-139-czarne","status":"publish","type":"product","link":"https:\/\/butikhome.pl\/index.php\/produkt\/figi-mona-139-czarne\/","title":{"rendered":"Figi Mona 139 Czarne"},"content":{"rendered":"<p>Gustowne figi wykonane z najwy\u017cszej gatunkowo bawe\u0142ny, znanej, polskiej marki Gabidar. G\u0142adkie, z koronkowymi akcentami po bokach. Sk\u0142ad: 95% bawe\u0142na, 5% elastan. <\/p>\n","protected":false},"excerpt":{"rendered":"<p>Gustowne figi wykonane z najwy\u017cszej gatunkowo bawe\u0142ny, znanej, polskiej marki Gabidar. G\u0142adkie, z koronkowymi akcentami po bokach. Sk\u0142ad: 95% bawe\u0142na, 5% elastan.<\/p>\n","protected":false},"featured_media":15377,"comment_status":"open","ping_status":"closed","template":"","meta":[],"product_brand":[],"product_cat":[48,24,41,40,42,43],"product_tag":[52,1421,648,51,286,1422,386,313,271],"class_list":{"0":"post-14180","1":"product","2":"type-product","3":"status-publish","4":"has-post-thumbnail","6":"product_cat-majtki-podkategoria-do-bielizny","7":"product_cat-produkty","8":"product_cat-l","9":"product_cat-m","10":"product_cat-xl","11":"product_cat-2xl","12":"product_tag-czarne","13":"product_tag-figi-mona-139-czarne","14":"product_tag-gabidar","15":"product_tag-gladkie","16":"product_tag-klasyczny-kroj","17":"product_tag-koronkowe-zdobienia-pod-bokach","18":"product_tag-majteczki-typu-figi","19":"product_tag-polska-firma","20":"product_tag-wysokogatunkowa-bawelna","22":"first","23":"instock","24":"taxable","25":"shipping-taxable","26":"purchasable","27":"product-type-simple"},"_links":{"self":[{"href":"https:\/\/butikhome.pl\/index.php\/wp-json\/wp\/v2\/product\/14180","targetHints":{"allow":["GET"]}}],"collection":[{"href":"https:\/\/butikhome.pl\/index.php\/wp-json\/wp\/v2\/product"}],"about":[{"href":"https:\/\/butikhome.pl\/index.php\/wp-json\/wp\/v2\/types\/product"}],"replies":[{"embeddable":true,"href":"https:\/\/butikhome.pl\/index.php\/wp-json\/wp\/v2\/comments?post=14180"}],"wp:featuredmedia":[{"embeddable":true,"href":"https:\/\/butikhome.pl\/index.php\/wp-json\/wp\/v2\/media\/15377"}],"wp:attachment":[{"href":"https:\/\/butikhome.pl\/index.php\/wp-json\/wp\/v2\/media?parent=14180"}],"wp:term":[{"taxonomy":"product_brand","embeddable":true,"href":"https:\/\/butikhome.pl\/index.php\/wp-json\/wp\/v2\/product_brand?post=14180"},{"taxonomy":"product_cat","embeddable":true,"href":"https:\/\/butikhome.pl\/index.php\/wp-json\/wp\/v2\/product_cat?post=14180"},{"taxonomy":"product_tag","embeddable":true,"href":"https:\/\/butikhome.pl\/index.php\/wp-json\/wp\/v2\/product_tag?post=14180"}],"curies":[{"name":"wp","href":"https:\/\/api.w.org\/{rel}","templated":true}]}}