{"id":14184,"date":"2023-03-29T19:01:25","date_gmt":"2023-03-29T17:01:25","guid":{"rendered":"https:\/\/butikhome.pl\/index.php\/produkt\/figi-monica-77\/"},"modified":"2023-05-29T15:21:18","modified_gmt":"2023-05-29T13:21:18","slug":"figi-monica-77","status":"publish","type":"product","link":"https:\/\/butikhome.pl\/index.php\/produkt\/figi-monica-77\/","title":{"rendered":"Figi Monica 77"},"content":{"rendered":"<p><span>Szukasz bielizny o nieco wy\u017cszym stanie? &#8211; Monica, to figi, kt\u00f3re maj\u0105 szans\u0119 Ci si\u0119 spodoba\u0107. Pi\u0119kne, a\u017curowe prze\u015bwity na biodrach w najmodniejszym stylu. W dolnej cz\u0119\u015bci wysokogatunkowa bawe\u0142na. Sk\u0142ad: 95% bawe\u0142na, 5% elastan.><\/p>\n","protected":false},"excerpt":{"rendered":"<p>Szukasz bielizny o nieco wy\u017cszym stanie? &#8211; Monica, to figi, kt\u00f3re maj\u0105 szans\u0119 Ci si\u0119 spodoba\u0107. Pi\u0119kne, a\u017curowe prze\u015bwity na biodrach w najmodniejszym stylu. W dolnej cz\u0119\u015bci wysokogatunkowa bawe\u0142na. Sk\u0142ad: 95% bawe\u0142na, 5% elastan.><\/p>\n","protected":false},"featured_media":15376,"comment_status":"open","ping_status":"closed","template":"","meta":[],"product_brand":[],"product_cat":[48,24,41,40,42,43],"product_tag":[709,710,736,768,1420,408,1419,648,386,271,65],"class_list":{"0":"post-14184","1":"product","2":"type-product","3":"status-publish","4":"has-post-thumbnail","6":"product_cat-majtki-podkategoria-do-bielizny","7":"product_cat-produkty","8":"product_cat-l","9":"product_cat-m","10":"product_cat-xl","11":"product_cat-2xl","12":"product_tag-3-m","13":"product_tag-4-l","14":"product_tag-5-xl","15":"product_tag-6-xxl","16":"product_tag-azurowe-przeswity","17":"product_tag-biale","18":"product_tag-figi-monica-77-biale","19":"product_tag-gabidar","20":"product_tag-majteczki-typu-figi","21":"product_tag-wysokogatunkowa-bawelna","22":"product_tag-wyzszy-stan","24":"first","25":"instock","26":"taxable","27":"shipping-taxable","28":"purchasable","29":"product-type-simple"},"_links":{"self":[{"href":"https:\/\/butikhome.pl\/index.php\/wp-json\/wp\/v2\/product\/14184","targetHints":{"allow":["GET"]}}],"collection":[{"href":"https:\/\/butikhome.pl\/index.php\/wp-json\/wp\/v2\/product"}],"about":[{"href":"https:\/\/butikhome.pl\/index.php\/wp-json\/wp\/v2\/types\/product"}],"replies":[{"embeddable":true,"href":"https:\/\/butikhome.pl\/index.php\/wp-json\/wp\/v2\/comments?post=14184"}],"wp:featuredmedia":[{"embeddable":true,"href":"https:\/\/butikhome.pl\/index.php\/wp-json\/wp\/v2\/media\/15376"}],"wp:attachment":[{"href":"https:\/\/butikhome.pl\/index.php\/wp-json\/wp\/v2\/media?parent=14184"}],"wp:term":[{"taxonomy":"product_brand","embeddable":true,"href":"https:\/\/butikhome.pl\/index.php\/wp-json\/wp\/v2\/product_brand?post=14184"},{"taxonomy":"product_cat","embeddable":true,"href":"https:\/\/butikhome.pl\/index.php\/wp-json\/wp\/v2\/product_cat?post=14184"},{"taxonomy":"product_tag","embeddable":true,"href":"https:\/\/butikhome.pl\/index.php\/wp-json\/wp\/v2\/product_tag?post=14184"}],"curies":[{"name":"wp","href":"https:\/\/api.w.org\/{rel}","templated":true}]}}