{"id":14198,"date":"2023-03-29T19:01:57","date_gmt":"2023-03-29T17:01:57","guid":{"rendered":"https:\/\/butikhome.pl\/index.php\/produkt\/figi-montana-199-czarne\/"},"modified":"2023-05-29T15:10:33","modified_gmt":"2023-05-29T13:10:33","slug":"figi-montana-199-czarne","status":"publish","type":"product","link":"https:\/\/butikhome.pl\/index.php\/produkt\/figi-montana-199-czarne\/","title":{"rendered":"Figi Montana 199 Czarne"},"content":{"rendered":"<ul>\n<li>Pakowany w pude\u0142ko<\/li>\n<li>Produkt polski<\/li>\n<li>Siateczkowe zdobienia<\/li>\n<li>W pasie ozdobna kokardka<\/li>\n<li>Wewn\u0105trz bawe\u0142niana wk\u0142adka<\/li>\n<li>Wykonana z elastycznego materia\u0142u<\/li>\n<li>Wysoka jako\u015b\u0107<\/li>\n<li>Zdobienia bi\u017cuteryjne<\/li>\n<li>Bawe\u0142na: 95%<\/li>\n<li>Elastan: 5%<\/li>\n<\/ul>\n","protected":false},"excerpt":{"rendered":"<p>Pakowany w pude\u0142ko Produkt polski Siateczkowe zdobienia W pasie ozdobna kokardka Wewn\u0105trz bawe\u0142niana wk\u0142adka Wykonana z elastycznego materia\u0142u Wysoka jako\u015b\u0107 Zdobienia bi\u017cuteryjne Bawe\u0142na: 95% Elastan: 5%<\/p>\n","protected":false},"featured_media":15373,"comment_status":"open","ping_status":"closed","template":"","meta":[],"product_brand":[],"product_cat":[48,24,41,40,39,42],"product_tag":[708,709,710,736,1417,1338,52,1416,648,1297,644,665,301,1339,1293],"class_list":{"0":"post-14198","1":"product","2":"type-product","3":"status-publish","4":"has-post-thumbnail","6":"product_cat-majtki-podkategoria-do-bielizny","7":"product_cat-produkty","8":"product_cat-l","9":"product_cat-m","10":"product_cat-s","11":"product_cat-xl","12":"product_tag-2-s","13":"product_tag-3-m","14":"product_tag-4-l","15":"product_tag-5-xl","16":"product_tag-bawelan-z-elastanem","17":"product_tag-bawelniana-wkladka","18":"product_tag-czarne","19":"product_tag-figi-montana-199-czarne","20":"product_tag-gabidar","21":"product_tag-pakowane-w-pudelko","22":"product_tag-polski-producent","23":"product_tag-siateczkowe-zdobienia","24":"product_tag-wysoka-jakosc","25":"product_tag-z-elastycznego-materialu","26":"product_tag-zdobienia-bizuteryjne","28":"first","29":"instock","30":"taxable","31":"shipping-taxable","32":"purchasable","33":"product-type-simple"},"_links":{"self":[{"href":"https:\/\/butikhome.pl\/index.php\/wp-json\/wp\/v2\/product\/14198","targetHints":{"allow":["GET"]}}],"collection":[{"href":"https:\/\/butikhome.pl\/index.php\/wp-json\/wp\/v2\/product"}],"about":[{"href":"https:\/\/butikhome.pl\/index.php\/wp-json\/wp\/v2\/types\/product"}],"replies":[{"embeddable":true,"href":"https:\/\/butikhome.pl\/index.php\/wp-json\/wp\/v2\/comments?post=14198"}],"wp:featuredmedia":[{"embeddable":true,"href":"https:\/\/butikhome.pl\/index.php\/wp-json\/wp\/v2\/media\/15373"}],"wp:attachment":[{"href":"https:\/\/butikhome.pl\/index.php\/wp-json\/wp\/v2\/media?parent=14198"}],"wp:term":[{"taxonomy":"product_brand","embeddable":true,"href":"https:\/\/butikhome.pl\/index.php\/wp-json\/wp\/v2\/product_brand?post=14198"},{"taxonomy":"product_cat","embeddable":true,"href":"https:\/\/butikhome.pl\/index.php\/wp-json\/wp\/v2\/product_cat?post=14198"},{"taxonomy":"product_tag","embeddable":true,"href":"https:\/\/butikhome.pl\/index.php\/wp-json\/wp\/v2\/product_tag?post=14198"}],"curies":[{"name":"wp","href":"https:\/\/api.w.org\/{rel}","templated":true}]}}