{"id":14202,"date":"2023-03-29T19:02:07","date_gmt":"2023-03-29T17:02:07","guid":{"rendered":"https:\/\/butikhome.pl\/index.php\/produkt\/figi-nadia-70\/"},"modified":"2023-05-29T15:03:52","modified_gmt":"2023-05-29T13:03:52","slug":"figi-nadia-70","status":"publish","type":"product","link":"https:\/\/butikhome.pl\/index.php\/produkt\/figi-nadia-70\/","title":{"rendered":"Figi Nadia 70"},"content":{"rendered":"<p>Stylowe figi o subtelnie wy\u017cszym fasonie. Dope\u0142nione \u015bliczn\u0105, kwiecist\u0105 koronk\u0105, kt\u00f3ra dumnie pnie si\u0119 po obu stronach bioder. Sk\u0142ad: 95% bawe\u0142na, 5% elastan. <\/p>\n","protected":false},"excerpt":{"rendered":"<p>Stylowe figi o subtelnie wy\u017cszym fasonie. Dope\u0142nione \u015bliczn\u0105, kwiecist\u0105 koronk\u0105, kt\u00f3ra dumnie pnie si\u0119 po obu stronach bioder. Sk\u0142ad: 95% bawe\u0142na, 5% elastan.<\/p>\n","protected":false},"featured_media":15372,"comment_status":"open","ping_status":"closed","template":"","meta":[],"product_brand":[],"product_cat":[48,24,41,40,42,43],"product_tag":[709,710,736,768,408,1415,648,125,286,505,65],"class_list":{"0":"post-14202","1":"product","2":"type-product","3":"status-publish","4":"has-post-thumbnail","6":"product_cat-majtki-podkategoria-do-bielizny","7":"product_cat-produkty","8":"product_cat-l","9":"product_cat-m","10":"product_cat-xl","11":"product_cat-2xl","12":"product_tag-3-m","13":"product_tag-4-l","14":"product_tag-5-xl","15":"product_tag-6-xxl","16":"product_tag-biale","17":"product_tag-figi-nadia-70-biale","18":"product_tag-gabidar","19":"product_tag-gladki-tyl","20":"product_tag-klasyczny-kroj","21":"product_tag-kwiecista-koronka","22":"product_tag-wyzszy-stan","24":"first","25":"instock","26":"taxable","27":"shipping-taxable","28":"purchasable","29":"product-type-simple"},"_links":{"self":[{"href":"https:\/\/butikhome.pl\/index.php\/wp-json\/wp\/v2\/product\/14202","targetHints":{"allow":["GET"]}}],"collection":[{"href":"https:\/\/butikhome.pl\/index.php\/wp-json\/wp\/v2\/product"}],"about":[{"href":"https:\/\/butikhome.pl\/index.php\/wp-json\/wp\/v2\/types\/product"}],"replies":[{"embeddable":true,"href":"https:\/\/butikhome.pl\/index.php\/wp-json\/wp\/v2\/comments?post=14202"}],"wp:featuredmedia":[{"embeddable":true,"href":"https:\/\/butikhome.pl\/index.php\/wp-json\/wp\/v2\/media\/15372"}],"wp:attachment":[{"href":"https:\/\/butikhome.pl\/index.php\/wp-json\/wp\/v2\/media?parent=14202"}],"wp:term":[{"taxonomy":"product_brand","embeddable":true,"href":"https:\/\/butikhome.pl\/index.php\/wp-json\/wp\/v2\/product_brand?post=14202"},{"taxonomy":"product_cat","embeddable":true,"href":"https:\/\/butikhome.pl\/index.php\/wp-json\/wp\/v2\/product_cat?post=14202"},{"taxonomy":"product_tag","embeddable":true,"href":"https:\/\/butikhome.pl\/index.php\/wp-json\/wp\/v2\/product_tag?post=14202"}],"curies":[{"name":"wp","href":"https:\/\/api.w.org\/{rel}","templated":true}]}}