{"id":14213,"date":"2023-03-29T19:02:35","date_gmt":"2023-03-29T17:02:35","guid":{"rendered":"https:\/\/butikhome.pl\/index.php\/produkt\/figi-nica-24\/"},"modified":"2023-05-29T14:47:40","modified_gmt":"2023-05-29T12:47:40","slug":"figi-nica-24","status":"publish","type":"product","link":"https:\/\/butikhome.pl\/index.php\/produkt\/figi-nica-24\/","title":{"rendered":"Figi Nica 24"},"content":{"rendered":"<p>Perfekcyjne po\u0142\u0105czenie mi\u0119kkiej, przewiewnej bawe\u0142ny ze \u015bliczn\u0105, kwiecist\u0105 koronk\u0105. Oto bielizna pe\u0142na wdzi\u0119ku. Sk\u0142ad: 95% bawe\u0142na, 5% elastan. <\/p>\n","protected":false},"excerpt":{"rendered":"<p>Perfekcyjne po\u0142\u0105czenie mi\u0119kkiej, przewiewnej bawe\u0142ny ze \u015bliczn\u0105, kwiecist\u0105 koronk\u0105. Oto bielizna pe\u0142na wdzi\u0119ku. Sk\u0142ad: 95% bawe\u0142na, 5% elastan.<\/p>\n","protected":false},"featured_media":15370,"comment_status":"open","ping_status":"closed","template":"","meta":[],"product_brand":[],"product_cat":[48,24,41,40,39,42],"product_tag":[581,408,1412,81,505,386,1413,1414],"class_list":{"0":"post-14213","1":"product","2":"type-product","3":"status-publish","4":"has-post-thumbnail","6":"product_cat-majtki-podkategoria-do-bielizny","7":"product_cat-produkty","8":"product_cat-l","9":"product_cat-m","10":"product_cat-s","11":"product_cat-xl","12":"product_tag-bawelna","13":"product_tag-biale","14":"product_tag-figi-nica-24-biale","15":"product_tag-kobiece","16":"product_tag-kwiecista-koronka","17":"product_tag-majteczki-typu-figi","18":"product_tag-miekka-i-przewiewna-tkanina","19":"product_tag-pelne-wdzieku","21":"first","22":"instock","23":"taxable","24":"shipping-taxable","25":"purchasable","26":"product-type-simple"},"_links":{"self":[{"href":"https:\/\/butikhome.pl\/index.php\/wp-json\/wp\/v2\/product\/14213","targetHints":{"allow":["GET"]}}],"collection":[{"href":"https:\/\/butikhome.pl\/index.php\/wp-json\/wp\/v2\/product"}],"about":[{"href":"https:\/\/butikhome.pl\/index.php\/wp-json\/wp\/v2\/types\/product"}],"replies":[{"embeddable":true,"href":"https:\/\/butikhome.pl\/index.php\/wp-json\/wp\/v2\/comments?post=14213"}],"wp:featuredmedia":[{"embeddable":true,"href":"https:\/\/butikhome.pl\/index.php\/wp-json\/wp\/v2\/media\/15370"}],"wp:attachment":[{"href":"https:\/\/butikhome.pl\/index.php\/wp-json\/wp\/v2\/media?parent=14213"}],"wp:term":[{"taxonomy":"product_brand","embeddable":true,"href":"https:\/\/butikhome.pl\/index.php\/wp-json\/wp\/v2\/product_brand?post=14213"},{"taxonomy":"product_cat","embeddable":true,"href":"https:\/\/butikhome.pl\/index.php\/wp-json\/wp\/v2\/product_cat?post=14213"},{"taxonomy":"product_tag","embeddable":true,"href":"https:\/\/butikhome.pl\/index.php\/wp-json\/wp\/v2\/product_tag?post=14213"}],"curies":[{"name":"wp","href":"https:\/\/api.w.org\/{rel}","templated":true}]}}