{"id":14223,"date":"2023-03-29T19:03:02","date_gmt":"2023-03-29T17:03:02","guid":{"rendered":"https:\/\/butikhome.pl\/index.php\/produkt\/figi-nina-191-czarne\/"},"modified":"2023-05-29T14:40:15","modified_gmt":"2023-05-29T12:40:15","slug":"figi-nina-191-czarne","status":"publish","type":"product","link":"https:\/\/butikhome.pl\/index.php\/produkt\/figi-nina-191-czarne\/","title":{"rendered":"Figi Nina 191 Czarne"},"content":{"rendered":"<ul>\n<li>G\u0142adki ty\u0142<\/li>\n<li>Klasyczny kr\u00f3j majteczek<\/li>\n<li>Koronkowe zdobienia<\/li>\n<li>Majteczki o komfortowym kroju<\/li>\n<li>Majteczki typu figi<\/li>\n<li>Pakowany w pude\u0142ko<\/li>\n<li>Produkt polski<\/li>\n<li>Przyjemna w dotyku, mi\u0119kka dzianina\/tkanina<\/li>\n<li>Wewn\u0105trz bawe\u0142niana wk\u0142adka<\/li>\n<li>Wysoka jako\u015b\u0107<\/li>\n<li>Bawe\u0142na: 95%<\/li>\n<li>Elastan: 5%<\/li>\n<\/ul>\n","protected":false},"excerpt":{"rendered":"<p>G\u0142adki ty\u0142 Klasyczny kr\u00f3j majteczek Koronkowe zdobienia Majteczki o komfortowym kroju Majteczki typu figi Pakowany w pude\u0142ko Produkt polski Przyjemna w dotyku, mi\u0119kka dzianina\/tkanina Wewn\u0105trz bawe\u0142niana wk\u0142adka Wysoka jako\u015b\u0107 Bawe\u0142na: 95% Elastan: 5%<\/p>\n","protected":false},"featured_media":15366,"comment_status":"open","ping_status":"closed","template":"","meta":[],"product_brand":[],"product_cat":[48,24,41,40,39,42],"product_tag":[708,709,710,736,52,1409,286,253,206,386,1297,388],"class_list":{"0":"post-14223","1":"product","2":"type-product","3":"status-publish","4":"has-post-thumbnail","6":"product_cat-majtki-podkategoria-do-bielizny","7":"product_cat-produkty","8":"product_cat-l","9":"product_cat-m","10":"product_cat-s","11":"product_cat-xl","12":"product_tag-2-s","13":"product_tag-3-m","14":"product_tag-4-l","15":"product_tag-5-xl","16":"product_tag-czarne","17":"product_tag-figi-nina-191-czarne","18":"product_tag-klasyczny-kroj","19":"product_tag-komfortowy-kroj","20":"product_tag-koronkowe-zdobienia","21":"product_tag-majteczki-typu-figi","22":"product_tag-pakowane-w-pudelko","23":"product_tag-produkt-polski","25":"first","26":"instock","27":"taxable","28":"shipping-taxable","29":"purchasable","30":"product-type-simple"},"_links":{"self":[{"href":"https:\/\/butikhome.pl\/index.php\/wp-json\/wp\/v2\/product\/14223","targetHints":{"allow":["GET"]}}],"collection":[{"href":"https:\/\/butikhome.pl\/index.php\/wp-json\/wp\/v2\/product"}],"about":[{"href":"https:\/\/butikhome.pl\/index.php\/wp-json\/wp\/v2\/types\/product"}],"replies":[{"embeddable":true,"href":"https:\/\/butikhome.pl\/index.php\/wp-json\/wp\/v2\/comments?post=14223"}],"wp:featuredmedia":[{"embeddable":true,"href":"https:\/\/butikhome.pl\/index.php\/wp-json\/wp\/v2\/media\/15366"}],"wp:attachment":[{"href":"https:\/\/butikhome.pl\/index.php\/wp-json\/wp\/v2\/media?parent=14223"}],"wp:term":[{"taxonomy":"product_brand","embeddable":true,"href":"https:\/\/butikhome.pl\/index.php\/wp-json\/wp\/v2\/product_brand?post=14223"},{"taxonomy":"product_cat","embeddable":true,"href":"https:\/\/butikhome.pl\/index.php\/wp-json\/wp\/v2\/product_cat?post=14223"},{"taxonomy":"product_tag","embeddable":true,"href":"https:\/\/butikhome.pl\/index.php\/wp-json\/wp\/v2\/product_tag?post=14223"}],"curies":[{"name":"wp","href":"https:\/\/api.w.org\/{rel}","templated":true}]}}