{"id":14227,"date":"2023-03-29T19:03:12","date_gmt":"2023-03-29T17:03:12","guid":{"rendered":"https:\/\/butikhome.pl\/index.php\/produkt\/figi-nora-51-biale\/"},"modified":"2023-05-29T13:30:25","modified_gmt":"2023-05-29T11:30:25","slug":"figi-nora-51-biale","status":"publish","type":"product","link":"https:\/\/butikhome.pl\/index.php\/produkt\/figi-nora-51-biale\/","title":{"rendered":"Figi Nora 51 Bia\u0142e"},"content":{"rendered":"<p>    G\u0142adki ty\u0142<br \/>\n    Klasyczny kr\u00f3j majteczek<br \/>\n    Kobieca stylistyka<br \/>\n    Koronkowe zdobienia<br \/>\n    Majteczki typu figi<br \/>\n    Pakowany w pude\u0142ko<br \/>\n    Produkt polski<br \/>\n    Przyjemna w dotyku, mi\u0119kka dzianina\/tkanina<br \/>\n    Wewn\u0105trz bawe\u0142niana wk\u0142adka<br \/>\n    Wykonana z elastycznego materia\u0142u<br \/>\n    Bawe\u0142na: 95%<br \/>\n    Elastan: 5%<\/p>\n","protected":false},"excerpt":{"rendered":"<p>G\u0142adki ty\u0142 Klasyczny kr\u00f3j majteczek Kobieca stylistyka Koronkowe zdobienia Majteczki typu figi Pakowany w pude\u0142ko Produkt polski Przyjemna w dotyku, mi\u0119kka dzianina\/tkanina Wewn\u0105trz bawe\u0142niana wk\u0142adka Wykonana z elastycznego materia\u0142u Bawe\u0142na: 95% Elastan: 5%<\/p>\n","protected":false},"featured_media":15364,"comment_status":"open","ping_status":"closed","template":"","meta":[],"product_brand":[],"product_cat":[48,24,41,40,39,42],"product_tag":[708,709,710,736,1338,408,1407,648,125,286,206,386,1297,388,1408,1339],"class_list":{"0":"post-14227","1":"product","2":"type-product","3":"status-publish","4":"has-post-thumbnail","6":"product_cat-majtki-podkategoria-do-bielizny","7":"product_cat-produkty","8":"product_cat-l","9":"product_cat-m","10":"product_cat-s","11":"product_cat-xl","12":"product_tag-2-s","13":"product_tag-3-m","14":"product_tag-4-l","15":"product_tag-5-xl","16":"product_tag-bawelniana-wkladka","17":"product_tag-biale","18":"product_tag-figi-nora-51-biale","19":"product_tag-gabidar","20":"product_tag-gladki-tyl","21":"product_tag-klasyczny-kroj","22":"product_tag-koronkowe-zdobienia","23":"product_tag-majteczki-typu-figi","24":"product_tag-pakowane-w-pudelko","25":"product_tag-produkt-polski","26":"product_tag-przyjemna-miekka-tkanina","27":"product_tag-z-elastycznego-materialu","29":"first","30":"instock","31":"taxable","32":"shipping-taxable","33":"purchasable","34":"product-type-simple"},"_links":{"self":[{"href":"https:\/\/butikhome.pl\/index.php\/wp-json\/wp\/v2\/product\/14227","targetHints":{"allow":["GET"]}}],"collection":[{"href":"https:\/\/butikhome.pl\/index.php\/wp-json\/wp\/v2\/product"}],"about":[{"href":"https:\/\/butikhome.pl\/index.php\/wp-json\/wp\/v2\/types\/product"}],"replies":[{"embeddable":true,"href":"https:\/\/butikhome.pl\/index.php\/wp-json\/wp\/v2\/comments?post=14227"}],"wp:featuredmedia":[{"embeddable":true,"href":"https:\/\/butikhome.pl\/index.php\/wp-json\/wp\/v2\/media\/15364"}],"wp:attachment":[{"href":"https:\/\/butikhome.pl\/index.php\/wp-json\/wp\/v2\/media?parent=14227"}],"wp:term":[{"taxonomy":"product_brand","embeddable":true,"href":"https:\/\/butikhome.pl\/index.php\/wp-json\/wp\/v2\/product_brand?post=14227"},{"taxonomy":"product_cat","embeddable":true,"href":"https:\/\/butikhome.pl\/index.php\/wp-json\/wp\/v2\/product_cat?post=14227"},{"taxonomy":"product_tag","embeddable":true,"href":"https:\/\/butikhome.pl\/index.php\/wp-json\/wp\/v2\/product_tag?post=14227"}],"curies":[{"name":"wp","href":"https:\/\/api.w.org\/{rel}","templated":true}]}}