{"id":14231,"date":"2023-03-29T19:03:20","date_gmt":"2023-03-29T17:03:20","guid":{"rendered":"https:\/\/butikhome.pl\/index.php\/produkt\/figi-ofelia-120\/"},"modified":"2023-05-29T13:18:55","modified_gmt":"2023-05-29T11:18:55","slug":"figi-ofelia-120","status":"publish","type":"product","link":"https:\/\/butikhome.pl\/index.php\/produkt\/figi-ofelia-120\/","title":{"rendered":"Figi Ofelia 120"},"content":{"rendered":"<p>A\u017curowa, kwiecista koronka to dodatek, kt\u00f3ry prezentuje si\u0119 bardzo elegancko. Szczeg\u00f3lnie, je\u015bli tworzy wyj\u0105tkow\u0105, bardzo \u0142adn\u0105, kobiec\u0105 bielizn\u0119. Sk\u0142ad: 95% bawe\u0142na, 5% elastan.<\/p>\n","protected":false},"excerpt":{"rendered":"<p>A\u017curowa, kwiecista koronka to dodatek, kt\u00f3ry prezentuje si\u0119 bardzo elegancko. Szczeg\u00f3lnie, je\u015bli tworzy wyj\u0105tkow\u0105, bardzo \u0142adn\u0105, kobiec\u0105 bielizn\u0119. Sk\u0142ad: 95% bawe\u0142na, 5% elastan.<\/p>\n","protected":false},"featured_media":15363,"comment_status":"open","ping_status":"closed","template":"","meta":[],"product_brand":[],"product_cat":[48,24,41,40,42,43],"product_tag":[709,710,736,768,343,581,408,1405,648,125,1406,505,386],"class_list":{"0":"post-14231","1":"product","2":"type-product","3":"status-publish","4":"has-post-thumbnail","6":"product_cat-majtki-podkategoria-do-bielizny","7":"product_cat-produkty","8":"product_cat-l","9":"product_cat-m","10":"product_cat-xl","11":"product_cat-2xl","12":"product_tag-3-m","13":"product_tag-4-l","14":"product_tag-5-xl","15":"product_tag-6-xxl","16":"product_tag-azurowe-zdobienia","17":"product_tag-bawelna","18":"product_tag-biale","19":"product_tag-figi-ofelia-120-biale","20":"product_tag-gabidar","21":"product_tag-gladki-tyl","22":"product_tag-kbiece","23":"product_tag-kwiecista-koronka","24":"product_tag-majteczki-typu-figi","26":"first","27":"instock","28":"taxable","29":"shipping-taxable","30":"purchasable","31":"product-type-simple"},"_links":{"self":[{"href":"https:\/\/butikhome.pl\/index.php\/wp-json\/wp\/v2\/product\/14231","targetHints":{"allow":["GET"]}}],"collection":[{"href":"https:\/\/butikhome.pl\/index.php\/wp-json\/wp\/v2\/product"}],"about":[{"href":"https:\/\/butikhome.pl\/index.php\/wp-json\/wp\/v2\/types\/product"}],"replies":[{"embeddable":true,"href":"https:\/\/butikhome.pl\/index.php\/wp-json\/wp\/v2\/comments?post=14231"}],"wp:featuredmedia":[{"embeddable":true,"href":"https:\/\/butikhome.pl\/index.php\/wp-json\/wp\/v2\/media\/15363"}],"wp:attachment":[{"href":"https:\/\/butikhome.pl\/index.php\/wp-json\/wp\/v2\/media?parent=14231"}],"wp:term":[{"taxonomy":"product_brand","embeddable":true,"href":"https:\/\/butikhome.pl\/index.php\/wp-json\/wp\/v2\/product_brand?post=14231"},{"taxonomy":"product_cat","embeddable":true,"href":"https:\/\/butikhome.pl\/index.php\/wp-json\/wp\/v2\/product_cat?post=14231"},{"taxonomy":"product_tag","embeddable":true,"href":"https:\/\/butikhome.pl\/index.php\/wp-json\/wp\/v2\/product_tag?post=14231"}],"curies":[{"name":"wp","href":"https:\/\/api.w.org\/{rel}","templated":true}]}}