{"id":14238,"date":"2023-03-29T19:03:38","date_gmt":"2023-03-29T17:03:38","guid":{"rendered":"https:\/\/butikhome.pl\/index.php\/produkt\/figi-paloma-146-biale\/"},"modified":"2023-05-29T13:13:41","modified_gmt":"2023-05-29T11:13:41","slug":"figi-paloma-146-biale","status":"publish","type":"product","link":"https:\/\/butikhome.pl\/index.php\/produkt\/figi-paloma-146-biale\/","title":{"rendered":"Figi Paloma 146 Bia\u0142e"},"content":{"rendered":"<p>    Kobieca stylistyka<br \/>\n    Koronkowy ty\u0142<br \/>\n    Majteczki typu figi<br \/>\n    Majteczki wy\u017csze<br \/>\n    Pakowany w pude\u0142ko<br \/>\n    Produkt polski<br \/>\n    Przyjemna w dotyku, mi\u0119kka dzianina\/tkanina<br \/>\n    W pasie ozdobna kokardka<br \/>\n    Wewn\u0105trz bawe\u0142niana wk\u0142adka<br \/>\n    Wykonana z elastycznego materia\u0142u<br \/>\n    Wysoka jako\u015b\u0107<br \/>\n    Bawe\u0142na: 95%<br \/>\n    Elastan: 5%<\/p>\n","protected":false},"excerpt":{"rendered":"<p>Kobieca stylistyka Koronkowy ty\u0142 Majteczki typu figi Majteczki wy\u017csze Pakowany w pude\u0142ko Produkt polski Przyjemna w dotyku, mi\u0119kka dzianina\/tkanina W pasie ozdobna kokardka Wewn\u0105trz bawe\u0142niana wk\u0142adka Wykonana z elastycznego materia\u0142u Wysoka jako\u015b\u0107 Bawe\u0142na: 95% Elastan: 5%<\/p>\n","protected":false},"featured_media":15361,"comment_status":"open","ping_status":"closed","template":"","meta":[],"product_brand":[],"product_cat":[48,24,41,40,42,43],"product_tag":[709,710,736,768,1338,408,1402,648,81,442,386,1403,1297,388,1404,1339],"class_list":{"0":"post-14238","1":"product","2":"type-product","3":"status-publish","4":"has-post-thumbnail","6":"product_cat-majtki-podkategoria-do-bielizny","7":"product_cat-produkty","8":"product_cat-l","9":"product_cat-m","10":"product_cat-xl","11":"product_cat-2xl","12":"product_tag-3-m","13":"product_tag-4-l","14":"product_tag-5-xl","15":"product_tag-6-xxl","16":"product_tag-bawelniana-wkladka","17":"product_tag-biale","18":"product_tag-figi-paloma-146-biale","19":"product_tag-gabidar","20":"product_tag-kobiece","21":"product_tag-koronkowy-tyl","22":"product_tag-majteczki-typu-figi","23":"product_tag-majyeczki-wyzsze","24":"product_tag-pakowane-w-pudelko","25":"product_tag-produkt-polski","26":"product_tag-przyjemna-tkanina-w-dotyku","27":"product_tag-z-elastycznego-materialu","29":"first","30":"instock","31":"taxable","32":"shipping-taxable","33":"purchasable","34":"product-type-simple"},"_links":{"self":[{"href":"https:\/\/butikhome.pl\/index.php\/wp-json\/wp\/v2\/product\/14238","targetHints":{"allow":["GET"]}}],"collection":[{"href":"https:\/\/butikhome.pl\/index.php\/wp-json\/wp\/v2\/product"}],"about":[{"href":"https:\/\/butikhome.pl\/index.php\/wp-json\/wp\/v2\/types\/product"}],"replies":[{"embeddable":true,"href":"https:\/\/butikhome.pl\/index.php\/wp-json\/wp\/v2\/comments?post=14238"}],"wp:featuredmedia":[{"embeddable":true,"href":"https:\/\/butikhome.pl\/index.php\/wp-json\/wp\/v2\/media\/15361"}],"wp:attachment":[{"href":"https:\/\/butikhome.pl\/index.php\/wp-json\/wp\/v2\/media?parent=14238"}],"wp:term":[{"taxonomy":"product_brand","embeddable":true,"href":"https:\/\/butikhome.pl\/index.php\/wp-json\/wp\/v2\/product_brand?post=14238"},{"taxonomy":"product_cat","embeddable":true,"href":"https:\/\/butikhome.pl\/index.php\/wp-json\/wp\/v2\/product_cat?post=14238"},{"taxonomy":"product_tag","embeddable":true,"href":"https:\/\/butikhome.pl\/index.php\/wp-json\/wp\/v2\/product_tag?post=14238"}],"curies":[{"name":"wp","href":"https:\/\/api.w.org\/{rel}","templated":true}]}}