{"id":14242,"date":"2023-03-29T19:03:47","date_gmt":"2023-03-29T17:03:47","guid":{"rendered":"https:\/\/butikhome.pl\/index.php\/produkt\/figi-paloma-146-czarne\/"},"modified":"2023-05-29T12:21:40","modified_gmt":"2023-05-29T10:21:40","slug":"figi-paloma-146-czarne","status":"publish","type":"product","link":"https:\/\/butikhome.pl\/index.php\/produkt\/figi-paloma-146-czarne\/","title":{"rendered":"Figi Paloma 146 Czarne"},"content":{"rendered":"<p>    Kobieca stylistyka<br \/>\n    Koronkowy ty\u0142<br \/>\n    Majteczki typu figi<br \/>\n    Majteczki wy\u017csze<br \/>\n    Pakowany w pude\u0142ko<br \/>\n    Produkt polski<br \/>\n    Przyjemna w dotyku, mi\u0119kka dzianina\/tkanina<br \/>\n    W pasie ozdobna kokardka<br \/>\n    Wewn\u0105trz bawe\u0142niana wk\u0142adka<br \/>\n    Wysoka jako\u015b\u0107<br \/>\n    Bawe\u0142na: 95%<br \/>\n    Elastan: 5%<\/p>\n","protected":false},"excerpt":{"rendered":"<p>Kobieca stylistyka Koronkowy ty\u0142 Majteczki typu figi Majteczki wy\u017csze Pakowany w pude\u0142ko Produkt polski Przyjemna w dotyku, mi\u0119kka dzianina\/tkanina W pasie ozdobna kokardka Wewn\u0105trz bawe\u0142niana wk\u0142adka Wysoka jako\u015b\u0107 Bawe\u0142na: 95% Elastan: 5%<\/p>\n","protected":false},"featured_media":15359,"comment_status":"open","ping_status":"closed","template":"","meta":[],"product_brand":[],"product_cat":[48,24,41,40,42],"product_tag":[709,710,736,1338,52,1401,648,81,206,442,386,663,1297,388,764,301,65],"class_list":{"0":"post-14242","1":"product","2":"type-product","3":"status-publish","4":"has-post-thumbnail","6":"product_cat-majtki-podkategoria-do-bielizny","7":"product_cat-produkty","8":"product_cat-l","9":"product_cat-m","10":"product_cat-xl","11":"product_tag-3-m","12":"product_tag-4-l","13":"product_tag-5-xl","14":"product_tag-bawelniana-wkladka","15":"product_tag-czarne","16":"product_tag-figi-paloma-146-czarne","17":"product_tag-gabidar","18":"product_tag-kobiece","19":"product_tag-koronkowe-zdobienia","20":"product_tag-koronkowy-tyl","21":"product_tag-majteczki-typu-figi","22":"product_tag-miekka-dzianina","23":"product_tag-pakowane-w-pudelko","24":"product_tag-produkt-polski","25":"product_tag-przyjemne-w-dotyku","26":"product_tag-wysoka-jakosc","27":"product_tag-wyzszy-stan","29":"first","30":"instock","31":"taxable","32":"shipping-taxable","33":"purchasable","34":"product-type-simple"},"_links":{"self":[{"href":"https:\/\/butikhome.pl\/index.php\/wp-json\/wp\/v2\/product\/14242","targetHints":{"allow":["GET"]}}],"collection":[{"href":"https:\/\/butikhome.pl\/index.php\/wp-json\/wp\/v2\/product"}],"about":[{"href":"https:\/\/butikhome.pl\/index.php\/wp-json\/wp\/v2\/types\/product"}],"replies":[{"embeddable":true,"href":"https:\/\/butikhome.pl\/index.php\/wp-json\/wp\/v2\/comments?post=14242"}],"wp:featuredmedia":[{"embeddable":true,"href":"https:\/\/butikhome.pl\/index.php\/wp-json\/wp\/v2\/media\/15359"}],"wp:attachment":[{"href":"https:\/\/butikhome.pl\/index.php\/wp-json\/wp\/v2\/media?parent=14242"}],"wp:term":[{"taxonomy":"product_brand","embeddable":true,"href":"https:\/\/butikhome.pl\/index.php\/wp-json\/wp\/v2\/product_brand?post=14242"},{"taxonomy":"product_cat","embeddable":true,"href":"https:\/\/butikhome.pl\/index.php\/wp-json\/wp\/v2\/product_cat?post=14242"},{"taxonomy":"product_tag","embeddable":true,"href":"https:\/\/butikhome.pl\/index.php\/wp-json\/wp\/v2\/product_tag?post=14242"}],"curies":[{"name":"wp","href":"https:\/\/api.w.org\/{rel}","templated":true}]}}