{"id":14246,"date":"2023-03-29T19:03:56","date_gmt":"2023-03-29T17:03:56","guid":{"rendered":"https:\/\/butikhome.pl\/index.php\/produkt\/figi-pola-188-czarne\/"},"modified":"2023-05-29T12:07:50","modified_gmt":"2023-05-29T10:07:50","slug":"figi-pola-188-czarne","status":"publish","type":"product","link":"https:\/\/butikhome.pl\/index.php\/produkt\/figi-pola-188-czarne\/","title":{"rendered":"Figi Pola 188 Czarne"},"content":{"rendered":"<p>    Koronkowy ty\u0142<br \/>\n    Majteczki typu brazyliany<br \/>\n    Pakowany w pude\u0142ko<br \/>\n    W pasie ozdobna kokardka<br \/>\n    Wysoka jako\u015b\u0107<br \/>\n    Bawe\u0142na: 95%<br \/>\n    Elastan: 5%<\/p>\n","protected":false},"excerpt":{"rendered":"<p>Koronkowy ty\u0142 Majteczki typu brazyliany Pakowany w pude\u0142ko W pasie ozdobna kokardka Wysoka jako\u015b\u0107 Bawe\u0142na: 95% Elastan: 5%<\/p>\n","protected":false},"featured_media":15357,"comment_status":"open","ping_status":"closed","template":"","meta":[],"product_brand":[],"product_cat":[48,24,40,39,42],"product_tag":[708,709,736,1388,52,1396,81,206,1397,1297,1399,1400,1398,301],"class_list":{"0":"post-14246","1":"product","2":"type-product","3":"status-publish","4":"has-post-thumbnail","6":"product_cat-majtki-podkategoria-do-bielizny","7":"product_cat-produkty","8":"product_cat-m","9":"product_cat-s","10":"product_cat-xl","11":"product_tag-2-s","12":"product_tag-3-m","13":"product_tag-5-xl","14":"product_tag-bawelniane-z-dodatkiem-elastanu","15":"product_tag-czarne","16":"product_tag-figi-pola-188-czarne","17":"product_tag-kobiece","18":"product_tag-koronkowe-zdobienia","19":"product_tag-majteczki-typu-brazyliany","20":"product_tag-pakowane-w-pudelko","21":"product_tag-piekny-ozdobny-tyl","22":"product_tag-siateczka-transparentna","23":"product_tag-w-pasie-ozdobna-kokardka","24":"product_tag-wysoka-jakosc","26":"first","27":"instock","28":"taxable","29":"shipping-taxable","30":"purchasable","31":"product-type-simple"},"_links":{"self":[{"href":"https:\/\/butikhome.pl\/index.php\/wp-json\/wp\/v2\/product\/14246","targetHints":{"allow":["GET"]}}],"collection":[{"href":"https:\/\/butikhome.pl\/index.php\/wp-json\/wp\/v2\/product"}],"about":[{"href":"https:\/\/butikhome.pl\/index.php\/wp-json\/wp\/v2\/types\/product"}],"replies":[{"embeddable":true,"href":"https:\/\/butikhome.pl\/index.php\/wp-json\/wp\/v2\/comments?post=14246"}],"wp:featuredmedia":[{"embeddable":true,"href":"https:\/\/butikhome.pl\/index.php\/wp-json\/wp\/v2\/media\/15357"}],"wp:attachment":[{"href":"https:\/\/butikhome.pl\/index.php\/wp-json\/wp\/v2\/media?parent=14246"}],"wp:term":[{"taxonomy":"product_brand","embeddable":true,"href":"https:\/\/butikhome.pl\/index.php\/wp-json\/wp\/v2\/product_brand?post=14246"},{"taxonomy":"product_cat","embeddable":true,"href":"https:\/\/butikhome.pl\/index.php\/wp-json\/wp\/v2\/product_cat?post=14246"},{"taxonomy":"product_tag","embeddable":true,"href":"https:\/\/butikhome.pl\/index.php\/wp-json\/wp\/v2\/product_tag?post=14246"}],"curies":[{"name":"wp","href":"https:\/\/api.w.org\/{rel}","templated":true}]}}