{"id":14249,"date":"2023-03-29T19:04:01","date_gmt":"2023-03-29T17:04:01","guid":{"rendered":"https:\/\/butikhome.pl\/index.php\/produkt\/figi-ramona-160\/"},"modified":"2023-05-29T11:58:15","modified_gmt":"2023-05-29T09:58:15","slug":"figi-ramona-160","status":"publish","type":"product","link":"https:\/\/butikhome.pl\/index.php\/produkt\/figi-ramona-160\/","title":{"rendered":"Figi Ramona 160"},"content":{"rendered":"<p>Nieco wy\u017csze figi z a\u017curowym zdobieniem, kt\u00f3re \u015blicznie zdobi biodra. Mi\u0119kkie i elastyczne. Wykonane z wysokogatunkowej bawe\u0142ny. Sk\u0142ad: 95% bawe\u0142na, 5% elastan.<\/p>\n","protected":false},"excerpt":{"rendered":"<p>Nieco wy\u017csze figi z a\u017curowym zdobieniem, kt\u00f3re \u015blicznie zdobi biodra. Mi\u0119kkie i elastyczne. Wykonane z wysokogatunkowej bawe\u0142ny. Sk\u0142ad: 95% bawe\u0142na, 5% elastan.<\/p>\n","protected":false},"featured_media":15355,"comment_status":"open","ping_status":"closed","template":"","meta":[],"product_brand":[],"product_cat":[48,24,41,40,42,43],"product_tag":[709,710,736,768,343,408,1392,648,125,274,57,1394,1393,1395],"class_list":{"0":"post-14249","1":"product","2":"type-product","3":"status-publish","4":"has-post-thumbnail","6":"product_cat-majtki-podkategoria-do-bielizny","7":"product_cat-produkty","8":"product_cat-l","9":"product_cat-m","10":"product_cat-xl","11":"product_cat-2xl","12":"product_tag-3-m","13":"product_tag-4-l","14":"product_tag-5-xl","15":"product_tag-6-xxl","16":"product_tag-azurowe-zdobienia","17":"product_tag-biale","18":"product_tag-figi-ramona-160-biale","19":"product_tag-gabidar","20":"product_tag-gladki-tyl","21":"product_tag-klasyczne","22":"product_tag-majtki-typu-figi","23":"product_tag-miekkie-i-elastyczne","24":"product_tag-wyszy-stan-majtek","25":"product_tag-z-wysokogatunkowej-bawelny","27":"first","28":"instock","29":"taxable","30":"shipping-taxable","31":"purchasable","32":"product-type-simple"},"_links":{"self":[{"href":"https:\/\/butikhome.pl\/index.php\/wp-json\/wp\/v2\/product\/14249","targetHints":{"allow":["GET"]}}],"collection":[{"href":"https:\/\/butikhome.pl\/index.php\/wp-json\/wp\/v2\/product"}],"about":[{"href":"https:\/\/butikhome.pl\/index.php\/wp-json\/wp\/v2\/types\/product"}],"replies":[{"embeddable":true,"href":"https:\/\/butikhome.pl\/index.php\/wp-json\/wp\/v2\/comments?post=14249"}],"wp:featuredmedia":[{"embeddable":true,"href":"https:\/\/butikhome.pl\/index.php\/wp-json\/wp\/v2\/media\/15355"}],"wp:attachment":[{"href":"https:\/\/butikhome.pl\/index.php\/wp-json\/wp\/v2\/media?parent=14249"}],"wp:term":[{"taxonomy":"product_brand","embeddable":true,"href":"https:\/\/butikhome.pl\/index.php\/wp-json\/wp\/v2\/product_brand?post=14249"},{"taxonomy":"product_cat","embeddable":true,"href":"https:\/\/butikhome.pl\/index.php\/wp-json\/wp\/v2\/product_cat?post=14249"},{"taxonomy":"product_tag","embeddable":true,"href":"https:\/\/butikhome.pl\/index.php\/wp-json\/wp\/v2\/product_tag?post=14249"}],"curies":[{"name":"wp","href":"https:\/\/api.w.org\/{rel}","templated":true}]}}