{"id":14257,"date":"2023-03-29T19:04:21","date_gmt":"2023-03-29T17:04:21","guid":{"rendered":"https:\/\/butikhome.pl\/index.php\/produkt\/figi-ronda-163-czarne\/"},"modified":"2023-05-29T11:14:31","modified_gmt":"2023-05-29T09:14:31","slug":"figi-ronda-163-czarne","status":"publish","type":"product","link":"https:\/\/butikhome.pl\/index.php\/produkt\/figi-ronda-163-czarne\/","title":{"rendered":"Figi Ronda 163 Czarne"},"content":{"rendered":"<p>    G\u0142adki prz\u00f3d<br \/>\n    Kobieca stylistyka<br \/>\n    Koronkowy ty\u0142<br \/>\n    Majteczki typu figi<br \/>\n    Pakowany w pude\u0142ko<br \/>\n    Produkt polski<br \/>\n    W pasie ozdobna kokardka<br \/>\n    Wewn\u0105trz bawe\u0142niana wk\u0142adka<br \/>\n    Bawe\u0142na: 95%<br \/>\n    Elastan: 5%<\/p>\n","protected":false},"excerpt":{"rendered":"<p>G\u0142adki prz\u00f3d Kobieca stylistyka Koronkowy ty\u0142 Majteczki typu figi Pakowany w pude\u0142ko Produkt polski W pasie ozdobna kokardka Wewn\u0105trz bawe\u0142niana wk\u0142adka Bawe\u0142na: 95% Elastan: 5%<\/p>\n","protected":false},"featured_media":15353,"comment_status":"open","ping_status":"closed","template":"","meta":[],"product_brand":[],"product_cat":[48,24,41,40,39,42],"product_tag":[708,709,710,736,52,62,1389,648,260,81,206,442,57,1391,1390],"class_list":{"0":"post-14257","1":"product","2":"type-product","3":"status-publish","4":"has-post-thumbnail","6":"product_cat-majtki-podkategoria-do-bielizny","7":"product_cat-produkty","8":"product_cat-l","9":"product_cat-m","10":"product_cat-s","11":"product_cat-xl","12":"product_tag-2-s","13":"product_tag-3-m","14":"product_tag-4-l","15":"product_tag-5-xl","16":"product_tag-czarne","17":"product_tag-figi-bawelniane","18":"product_tag-figi-ronda-163-czarne","19":"product_tag-gabidar","20":"product_tag-gladki-przod","21":"product_tag-kobiece","22":"product_tag-koronkowe-zdobienia","23":"product_tag-koronkowy-tyl","24":"product_tag-majtki-typu-figi","25":"product_tag-ozdobna-kokardka-w-pasie","26":"product_tag-pakowany-w-pudelko","28":"first","29":"instock","30":"taxable","31":"shipping-taxable","32":"purchasable","33":"product-type-simple"},"_links":{"self":[{"href":"https:\/\/butikhome.pl\/index.php\/wp-json\/wp\/v2\/product\/14257","targetHints":{"allow":["GET"]}}],"collection":[{"href":"https:\/\/butikhome.pl\/index.php\/wp-json\/wp\/v2\/product"}],"about":[{"href":"https:\/\/butikhome.pl\/index.php\/wp-json\/wp\/v2\/types\/product"}],"replies":[{"embeddable":true,"href":"https:\/\/butikhome.pl\/index.php\/wp-json\/wp\/v2\/comments?post=14257"}],"wp:featuredmedia":[{"embeddable":true,"href":"https:\/\/butikhome.pl\/index.php\/wp-json\/wp\/v2\/media\/15353"}],"wp:attachment":[{"href":"https:\/\/butikhome.pl\/index.php\/wp-json\/wp\/v2\/media?parent=14257"}],"wp:term":[{"taxonomy":"product_brand","embeddable":true,"href":"https:\/\/butikhome.pl\/index.php\/wp-json\/wp\/v2\/product_brand?post=14257"},{"taxonomy":"product_cat","embeddable":true,"href":"https:\/\/butikhome.pl\/index.php\/wp-json\/wp\/v2\/product_cat?post=14257"},{"taxonomy":"product_tag","embeddable":true,"href":"https:\/\/butikhome.pl\/index.php\/wp-json\/wp\/v2\/product_tag?post=14257"}],"curies":[{"name":"wp","href":"https:\/\/api.w.org\/{rel}","templated":true}]}}