{"id":14261,"date":"2023-03-29T19:04:30","date_gmt":"2023-03-29T17:04:30","guid":{"rendered":"https:\/\/butikhome.pl\/index.php\/produkt\/figi-rose-140\/"},"modified":"2023-05-29T11:07:18","modified_gmt":"2023-05-29T09:07:18","slug":"figi-rose-140","status":"publish","type":"product","link":"https:\/\/butikhome.pl\/index.php\/produkt\/figi-rose-140\/","title":{"rendered":"Figi Rose 140"},"content":{"rendered":"<p>Zmys\u0142owe figi, kt\u00f3re uwodz\u0105 \u015blicznym, koronkowym &#8222;pasem&#8221;, kt\u00f3ry pnie si\u0119 naoko\u0142o bioder. D\u00f3\u0142 g\u0142adki, bawe\u0142niany, najlepszy jaki mo\u017ce by\u0107. Sk\u0142ad: 95% bawe\u0142na, 5% elastan.<\/p>\n","protected":false},"excerpt":{"rendered":"<p>Zmys\u0142owe figi, kt\u00f3re uwodz\u0105 \u015blicznym, koronkowym &#8222;pasem&#8221;, kt\u00f3ry pnie si\u0119 naoko\u0142o bioder. D\u00f3\u0142 g\u0142adki, bawe\u0142niany, najlepszy jaki mo\u017ce by\u0107. Sk\u0142ad: 95% bawe\u0142na, 5% elastan.<\/p>\n","protected":false},"featured_media":15352,"comment_status":"open","ping_status":"closed","template":"","meta":[],"product_brand":[],"product_cat":[48,24,41,40,39,42],"product_tag":[708,709,710,736,1388,408,1366,1386,648,206,1387,57,388,148],"class_list":{"0":"post-14261","1":"product","2":"type-product","3":"status-publish","4":"has-post-thumbnail","6":"product_cat-majtki-podkategoria-do-bielizny","7":"product_cat-produkty","8":"product_cat-l","9":"product_cat-m","10":"product_cat-s","11":"product_cat-xl","12":"product_tag-2-s","13":"product_tag-3-m","14":"product_tag-4-l","15":"product_tag-5-xl","16":"product_tag-bawelniane-z-dodatkiem-elastanu","17":"product_tag-biale","18":"product_tag-dol-gladki","19":"product_tag-figi-rose-140-biale","20":"product_tag-gabidar","21":"product_tag-koronkowe-zdobienia","22":"product_tag-koronkowy-elastyczny-pas","23":"product_tag-majtki-typu-figi","24":"product_tag-produkt-polski","25":"product_tag-zmyslowe","27":"first","28":"instock","29":"taxable","30":"shipping-taxable","31":"purchasable","32":"product-type-simple"},"_links":{"self":[{"href":"https:\/\/butikhome.pl\/index.php\/wp-json\/wp\/v2\/product\/14261","targetHints":{"allow":["GET"]}}],"collection":[{"href":"https:\/\/butikhome.pl\/index.php\/wp-json\/wp\/v2\/product"}],"about":[{"href":"https:\/\/butikhome.pl\/index.php\/wp-json\/wp\/v2\/types\/product"}],"replies":[{"embeddable":true,"href":"https:\/\/butikhome.pl\/index.php\/wp-json\/wp\/v2\/comments?post=14261"}],"wp:featuredmedia":[{"embeddable":true,"href":"https:\/\/butikhome.pl\/index.php\/wp-json\/wp\/v2\/media\/15352"}],"wp:attachment":[{"href":"https:\/\/butikhome.pl\/index.php\/wp-json\/wp\/v2\/media?parent=14261"}],"wp:term":[{"taxonomy":"product_brand","embeddable":true,"href":"https:\/\/butikhome.pl\/index.php\/wp-json\/wp\/v2\/product_brand?post=14261"},{"taxonomy":"product_cat","embeddable":true,"href":"https:\/\/butikhome.pl\/index.php\/wp-json\/wp\/v2\/product_cat?post=14261"},{"taxonomy":"product_tag","embeddable":true,"href":"https:\/\/butikhome.pl\/index.php\/wp-json\/wp\/v2\/product_tag?post=14261"}],"curies":[{"name":"wp","href":"https:\/\/api.w.org\/{rel}","templated":true}]}}