{"id":14269,"date":"2023-03-29T19:04:55","date_gmt":"2023-03-29T17:04:55","guid":{"rendered":"https:\/\/butikhome.pl\/index.php\/produkt\/figi-roxy-29\/"},"modified":"2023-05-26T15:02:19","modified_gmt":"2023-05-26T13:02:19","slug":"figi-roxy-29","status":"publish","type":"product","link":"https:\/\/butikhome.pl\/index.php\/produkt\/figi-roxy-29\/","title":{"rendered":"Figi Roxy 29"},"content":{"rendered":"<p>Nieco wy\u017csze figi, o bardzo \u0142adniej linii kroju. G\u0142adkie z przodu i z ty\u0142u, koronkowe po bokach. Sk\u0142ad: 95% bawe\u0142na, 5% elastan. <\/p>\n","protected":false},"excerpt":{"rendered":"<p>Nieco wy\u017csze figi, o bardzo \u0142adniej linii kroju. G\u0142adkie z przodu i z ty\u0142u, koronkowe po bokach. Sk\u0142ad: 95% bawe\u0142na, 5% elastan.<\/p>\n","protected":false},"featured_media":15351,"comment_status":"open","ping_status":"closed","template":"","meta":[],"product_brand":[],"product_cat":[48,24,41,40,42,43],"product_tag":[709,710,736,768,1338,408,1384,119,648,1385,1297,388],"class_list":{"0":"post-14269","1":"product","2":"type-product","3":"status-publish","4":"has-post-thumbnail","6":"product_cat-majtki-podkategoria-do-bielizny","7":"product_cat-produkty","8":"product_cat-l","9":"product_cat-m","10":"product_cat-xl","11":"product_cat-2xl","12":"product_tag-3-m","13":"product_tag-4-l","14":"product_tag-5-xl","15":"product_tag-6-xxl","16":"product_tag-bawelniana-wkladka","17":"product_tag-biale","18":"product_tag-figi-roxy-29-biale","19":"product_tag-figi-z-wyzszym-stanem","20":"product_tag-gabidar","21":"product_tag-klasyczne-koronkowe-wstawki","22":"product_tag-pakowane-w-pudelko","23":"product_tag-produkt-polski","25":"first","26":"instock","27":"taxable","28":"shipping-taxable","29":"purchasable","30":"product-type-simple"},"_links":{"self":[{"href":"https:\/\/butikhome.pl\/index.php\/wp-json\/wp\/v2\/product\/14269","targetHints":{"allow":["GET"]}}],"collection":[{"href":"https:\/\/butikhome.pl\/index.php\/wp-json\/wp\/v2\/product"}],"about":[{"href":"https:\/\/butikhome.pl\/index.php\/wp-json\/wp\/v2\/types\/product"}],"replies":[{"embeddable":true,"href":"https:\/\/butikhome.pl\/index.php\/wp-json\/wp\/v2\/comments?post=14269"}],"wp:featuredmedia":[{"embeddable":true,"href":"https:\/\/butikhome.pl\/index.php\/wp-json\/wp\/v2\/media\/15351"}],"wp:attachment":[{"href":"https:\/\/butikhome.pl\/index.php\/wp-json\/wp\/v2\/media?parent=14269"}],"wp:term":[{"taxonomy":"product_brand","embeddable":true,"href":"https:\/\/butikhome.pl\/index.php\/wp-json\/wp\/v2\/product_brand?post=14269"},{"taxonomy":"product_cat","embeddable":true,"href":"https:\/\/butikhome.pl\/index.php\/wp-json\/wp\/v2\/product_cat?post=14269"},{"taxonomy":"product_tag","embeddable":true,"href":"https:\/\/butikhome.pl\/index.php\/wp-json\/wp\/v2\/product_tag?post=14269"}],"curies":[{"name":"wp","href":"https:\/\/api.w.org\/{rel}","templated":true}]}}