{"id":14277,"date":"2023-03-29T19:05:18","date_gmt":"2023-03-29T17:05:18","guid":{"rendered":"https:\/\/butikhome.pl\/index.php\/produkt\/figi-sabine-105\/"},"modified":"2023-05-26T14:34:30","modified_gmt":"2023-05-26T12:34:30","slug":"figi-sabine-105","status":"publish","type":"product","link":"https:\/\/butikhome.pl\/index.php\/produkt\/figi-sabine-105\/","title":{"rendered":"Figi Sabine 105"},"content":{"rendered":"<p>Postaw na kobieco\u015b\u0107! Sabine 105 to figi z pi\u0119kn\u0105, koronkow\u0105, kwiecist\u0105 aplikacj\u0105. Ta stylowo pnie si\u0119 wzd\u0142u\u017c po\u015bladk\u00f3w, tworz\u0105c z nimi \u015bliczny, zmys\u0142owy duet. Sk\u0142ad: 95% bawe\u0142na, 5% elastan. <\/p>\n","protected":false},"excerpt":{"rendered":"<p>Postaw na kobieco\u015b\u0107! Sabine 105 to figi z pi\u0119kn\u0105, koronkow\u0105, kwiecist\u0105 aplikacj\u0105. Ta stylowo pnie si\u0119 wzd\u0142u\u017c po\u015bladk\u00f3w, tworz\u0105c z nimi \u015bliczny, zmys\u0142owy duet. Sk\u0142ad: 95% bawe\u0142na, 5% elastan.<\/p>\n","protected":false},"featured_media":15349,"comment_status":"open","ping_status":"closed","template":"","meta":[],"product_brand":[],"product_cat":[48,24,41,40,39,42],"product_tag":[708,709,710,736,408,1380,1381,648,1337,632,1383,1382,57,1297,1078],"class_list":{"0":"post-14277","1":"product","2":"type-product","3":"status-publish","4":"has-post-thumbnail","6":"product_cat-majtki-podkategoria-do-bielizny","7":"product_cat-produkty","8":"product_cat-l","9":"product_cat-m","10":"product_cat-s","11":"product_cat-xl","12":"product_tag-2-s","13":"product_tag-3-m","14":"product_tag-4-l","15":"product_tag-5-xl","16":"product_tag-biale","17":"product_tag-figi-sabine-105","18":"product_tag-figi-sabine-105-biale","19":"product_tag-gabidar","20":"product_tag-klasyczny-kroj-majtek","21":"product_tag-kobiecy-kroj","22":"product_tag-koronka-wzdluz-posladkow","23":"product_tag-koronkowa-kwiecista-aplikacja","24":"product_tag-majtki-typu-figi","25":"product_tag-pakowane-w-pudelko","26":"product_tag-polski-produkt","28":"first","29":"instock","30":"taxable","31":"shipping-taxable","32":"purchasable","33":"product-type-simple"},"_links":{"self":[{"href":"https:\/\/butikhome.pl\/index.php\/wp-json\/wp\/v2\/product\/14277","targetHints":{"allow":["GET"]}}],"collection":[{"href":"https:\/\/butikhome.pl\/index.php\/wp-json\/wp\/v2\/product"}],"about":[{"href":"https:\/\/butikhome.pl\/index.php\/wp-json\/wp\/v2\/types\/product"}],"replies":[{"embeddable":true,"href":"https:\/\/butikhome.pl\/index.php\/wp-json\/wp\/v2\/comments?post=14277"}],"wp:featuredmedia":[{"embeddable":true,"href":"https:\/\/butikhome.pl\/index.php\/wp-json\/wp\/v2\/media\/15349"}],"wp:attachment":[{"href":"https:\/\/butikhome.pl\/index.php\/wp-json\/wp\/v2\/media?parent=14277"}],"wp:term":[{"taxonomy":"product_brand","embeddable":true,"href":"https:\/\/butikhome.pl\/index.php\/wp-json\/wp\/v2\/product_brand?post=14277"},{"taxonomy":"product_cat","embeddable":true,"href":"https:\/\/butikhome.pl\/index.php\/wp-json\/wp\/v2\/product_cat?post=14277"},{"taxonomy":"product_tag","embeddable":true,"href":"https:\/\/butikhome.pl\/index.php\/wp-json\/wp\/v2\/product_tag?post=14277"}],"curies":[{"name":"wp","href":"https:\/\/api.w.org\/{rel}","templated":true}]}}