{"id":14289,"date":"2023-03-29T19:05:49","date_gmt":"2023-03-29T17:05:49","guid":{"rendered":"https:\/\/butikhome.pl\/index.php\/produkt\/figi-sami-181-biale\/"},"modified":"2023-05-26T14:21:12","modified_gmt":"2023-05-26T12:21:12","slug":"figi-sami-181-biale","status":"publish","type":"product","link":"https:\/\/butikhome.pl\/index.php\/produkt\/figi-sami-181-biale\/","title":{"rendered":"Figi Sami 181 Bia\u0142e"},"content":{"rendered":"<p>    G\u0142adki ty\u0142<br \/>\n    Klasyczny kr\u00f3j majteczek<br \/>\n    Koronkowe zdobienia<br \/>\n    Majteczki wy\u017csze<br \/>\n    Produkt polski<br \/>\n    W pasie ozdobna kokardka<br \/>\n    Wewn\u0105trz bawe\u0142niana wk\u0142adka<br \/>\n    Wysoka jako\u015b\u0107<br \/>\n    Bawe\u0142na: 95%<br \/>\n    Elastan: 5%<\/p>\n","protected":false},"excerpt":{"rendered":"<p>G\u0142adki ty\u0142 Klasyczny kr\u00f3j majteczek Koronkowe zdobienia Majteczki wy\u017csze Produkt polski W pasie ozdobna kokardka Wewn\u0105trz bawe\u0142niana wk\u0142adka Wysoka jako\u015b\u0107 Bawe\u0142na: 95% Elastan: 5%<\/p>\n","protected":false},"featured_media":15348,"comment_status":"open","ping_status":"closed","template":"","meta":[],"product_brand":[],"product_cat":[48,24,41,40,42,43],"product_tag":[1338,408,1378,648,125,286,206,1379,57,1294,388,65],"class_list":{"0":"post-14289","1":"product","2":"type-product","3":"status-publish","4":"has-post-thumbnail","6":"product_cat-majtki-podkategoria-do-bielizny","7":"product_cat-produkty","8":"product_cat-l","9":"product_cat-m","10":"product_cat-xl","11":"product_cat-2xl","12":"product_tag-bawelniana-wkladka","13":"product_tag-biale","14":"product_tag-figi-sami-181-biale","15":"product_tag-gabidar","16":"product_tag-gladki-tyl","17":"product_tag-klasyczny-kroj","18":"product_tag-koronkowe-zdobienia","19":"product_tag-majtki-klasyczne","20":"product_tag-majtki-typu-figi","21":"product_tag-ozdobna-kokardka","22":"product_tag-produkt-polski","23":"product_tag-wyzszy-stan","25":"first","26":"instock","27":"taxable","28":"shipping-taxable","29":"purchasable","30":"product-type-simple"},"_links":{"self":[{"href":"https:\/\/butikhome.pl\/index.php\/wp-json\/wp\/v2\/product\/14289","targetHints":{"allow":["GET"]}}],"collection":[{"href":"https:\/\/butikhome.pl\/index.php\/wp-json\/wp\/v2\/product"}],"about":[{"href":"https:\/\/butikhome.pl\/index.php\/wp-json\/wp\/v2\/types\/product"}],"replies":[{"embeddable":true,"href":"https:\/\/butikhome.pl\/index.php\/wp-json\/wp\/v2\/comments?post=14289"}],"wp:featuredmedia":[{"embeddable":true,"href":"https:\/\/butikhome.pl\/index.php\/wp-json\/wp\/v2\/media\/15348"}],"wp:attachment":[{"href":"https:\/\/butikhome.pl\/index.php\/wp-json\/wp\/v2\/media?parent=14289"}],"wp:term":[{"taxonomy":"product_brand","embeddable":true,"href":"https:\/\/butikhome.pl\/index.php\/wp-json\/wp\/v2\/product_brand?post=14289"},{"taxonomy":"product_cat","embeddable":true,"href":"https:\/\/butikhome.pl\/index.php\/wp-json\/wp\/v2\/product_cat?post=14289"},{"taxonomy":"product_tag","embeddable":true,"href":"https:\/\/butikhome.pl\/index.php\/wp-json\/wp\/v2\/product_tag?post=14289"}],"curies":[{"name":"wp","href":"https:\/\/api.w.org\/{rel}","templated":true}]}}