{"id":14301,"date":"2023-03-29T19:06:16","date_gmt":"2023-03-29T17:06:16","guid":{"rendered":"https:\/\/butikhome.pl\/index.php\/produkt\/figi-santi-165-czarne\/"},"modified":"2023-05-26T12:19:54","modified_gmt":"2023-05-26T10:19:54","slug":"figi-santi-165-czarne","status":"publish","type":"product","link":"https:\/\/butikhome.pl\/index.php\/produkt\/figi-santi-165-czarne\/","title":{"rendered":"Figi Santi 165 Czarne"},"content":{"rendered":"<p>   &#8211; Majteczki typu figi<br \/>\n   &#8211; Pakowany w pude\u0142ko<br \/>\n   &#8211; Produkt polski<br \/>\n   &#8211; Siateczkowe zdobienia<br \/>\n   &#8211; Wewn\u0105trz bawe\u0142niana wk\u0142adka<br \/>\n   &#8211; Wykonana z elastycznego materia\u0142u<br \/>\n   &#8211; Wykonana z eleganckiej koronki<br \/>\n   &#8211; Bawe\u0142na: 95%<br \/>\n   &#8211; Elastan: 5%<\/p>\n","protected":false},"excerpt":{"rendered":"<p>&#8211; Majteczki typu figi &#8211; Pakowany w pude\u0142ko &#8211; Produkt polski &#8211; Siateczkowe zdobienia &#8211; Wewn\u0105trz bawe\u0142niana wk\u0142adka &#8211; Wykonana z elastycznego materia\u0142u &#8211; Wykonana z eleganckiej koronki &#8211; Bawe\u0142na: 95% &#8211; Elastan: 5%<\/p>\n","protected":false},"featured_media":15343,"comment_status":"open","ping_status":"closed","template":"","meta":[],"product_brand":[],"product_cat":[48,24,41,40,39,42],"product_tag":[708,709,710,736,1338,1168,597,1371,648,1372,57,1297,388,665],"class_list":{"0":"post-14301","1":"product","2":"type-product","3":"status-publish","4":"has-post-thumbnail","6":"product_cat-majtki-podkategoria-do-bielizny","7":"product_cat-produkty","8":"product_cat-l","9":"product_cat-m","10":"product_cat-s","11":"product_cat-xl","12":"product_tag-2-s","13":"product_tag-3-m","14":"product_tag-4-l","15":"product_tag-5-xl","16":"product_tag-bawelniana-wkladka","17":"product_tag-elastyczny-material","18":"product_tag-elegancka-koronka","19":"product_tag-figi-santi-165-czarne","20":"product_tag-gabidar","21":"product_tag-klasyczy-kroj","22":"product_tag-majtki-typu-figi","23":"product_tag-pakowane-w-pudelko","24":"product_tag-produkt-polski","25":"product_tag-siateczkowe-zdobienia","27":"first","28":"instock","29":"taxable","30":"shipping-taxable","31":"purchasable","32":"product-type-simple"},"_links":{"self":[{"href":"https:\/\/butikhome.pl\/index.php\/wp-json\/wp\/v2\/product\/14301","targetHints":{"allow":["GET"]}}],"collection":[{"href":"https:\/\/butikhome.pl\/index.php\/wp-json\/wp\/v2\/product"}],"about":[{"href":"https:\/\/butikhome.pl\/index.php\/wp-json\/wp\/v2\/types\/product"}],"replies":[{"embeddable":true,"href":"https:\/\/butikhome.pl\/index.php\/wp-json\/wp\/v2\/comments?post=14301"}],"wp:featuredmedia":[{"embeddable":true,"href":"https:\/\/butikhome.pl\/index.php\/wp-json\/wp\/v2\/media\/15343"}],"wp:attachment":[{"href":"https:\/\/butikhome.pl\/index.php\/wp-json\/wp\/v2\/media?parent=14301"}],"wp:term":[{"taxonomy":"product_brand","embeddable":true,"href":"https:\/\/butikhome.pl\/index.php\/wp-json\/wp\/v2\/product_brand?post=14301"},{"taxonomy":"product_cat","embeddable":true,"href":"https:\/\/butikhome.pl\/index.php\/wp-json\/wp\/v2\/product_cat?post=14301"},{"taxonomy":"product_tag","embeddable":true,"href":"https:\/\/butikhome.pl\/index.php\/wp-json\/wp\/v2\/product_tag?post=14301"}],"curies":[{"name":"wp","href":"https:\/\/api.w.org\/{rel}","templated":true}]}}