{"id":14305,"date":"2023-03-29T19:06:25","date_gmt":"2023-03-29T17:06:25","guid":{"rendered":"https:\/\/butikhome.pl\/index.php\/produkt\/figi-stacy-101\/"},"modified":"2023-05-26T12:20:50","modified_gmt":"2023-05-26T10:20:50","slug":"figi-stacy-101","status":"publish","type":"product","link":"https:\/\/butikhome.pl\/index.php\/produkt\/figi-stacy-101\/","title":{"rendered":"Figi Stacy 101"},"content":{"rendered":"<p>Eleganckie, klasyczne figi wykonane z bawe\u0142ny. Po bokach kwiecista koronka, kt\u00f3ra stanowi tu bardzo \u0142adny akcent. U g\u00f3ry ma\u0142a kokardka z satyny. Sk\u0142ad: 95% bawe\u0142na, 5% elastan. <\/p>\n","protected":false},"excerpt":{"rendered":"<p>Eleganckie, klasyczne figi wykonane z bawe\u0142ny. Po bokach kwiecista koronka, kt\u00f3ra stanowi tu bardzo \u0142adny akcent. U g\u00f3ry ma\u0142a kokardka z satyny. Sk\u0142ad: 95% bawe\u0142na, 5% elastan.<\/p>\n","protected":false},"featured_media":15342,"comment_status":"open","ping_status":"closed","template":"","meta":[],"product_brand":[],"product_cat":[48,24,41,40,42,43,44],"product_tag":[709,710,736,768,1368,70,408,348,1369,648,286,505,1370,388],"class_list":{"0":"post-14305","1":"product","2":"type-product","3":"status-publish","4":"has-post-thumbnail","6":"product_cat-majtki-podkategoria-do-bielizny","7":"product_cat-produkty","8":"product_cat-l","9":"product_cat-m","10":"product_cat-xl","11":"product_cat-2xl","12":"product_cat-3xl","13":"product_tag-3-m","14":"product_tag-4-l","15":"product_tag-5-xl","16":"product_tag-6-xxl","17":"product_tag-7-xxxl","18":"product_tag-bawelniane","19":"product_tag-biale","20":"product_tag-eleganckie","21":"product_tag-figi-stacy-101-biale","22":"product_tag-gabidar","23":"product_tag-klasyczny-kroj","24":"product_tag-kwiecista-koronka","25":"product_tag-na-bokach-koronka","26":"product_tag-produkt-polski","28":"first","29":"instock","30":"taxable","31":"shipping-taxable","32":"purchasable","33":"product-type-simple"},"_links":{"self":[{"href":"https:\/\/butikhome.pl\/index.php\/wp-json\/wp\/v2\/product\/14305","targetHints":{"allow":["GET"]}}],"collection":[{"href":"https:\/\/butikhome.pl\/index.php\/wp-json\/wp\/v2\/product"}],"about":[{"href":"https:\/\/butikhome.pl\/index.php\/wp-json\/wp\/v2\/types\/product"}],"replies":[{"embeddable":true,"href":"https:\/\/butikhome.pl\/index.php\/wp-json\/wp\/v2\/comments?post=14305"}],"wp:featuredmedia":[{"embeddable":true,"href":"https:\/\/butikhome.pl\/index.php\/wp-json\/wp\/v2\/media\/15342"}],"wp:attachment":[{"href":"https:\/\/butikhome.pl\/index.php\/wp-json\/wp\/v2\/media?parent=14305"}],"wp:term":[{"taxonomy":"product_brand","embeddable":true,"href":"https:\/\/butikhome.pl\/index.php\/wp-json\/wp\/v2\/product_brand?post=14305"},{"taxonomy":"product_cat","embeddable":true,"href":"https:\/\/butikhome.pl\/index.php\/wp-json\/wp\/v2\/product_cat?post=14305"},{"taxonomy":"product_tag","embeddable":true,"href":"https:\/\/butikhome.pl\/index.php\/wp-json\/wp\/v2\/product_tag?post=14305"}],"curies":[{"name":"wp","href":"https:\/\/api.w.org\/{rel}","templated":true}]}}