{"id":14320,"date":"2023-03-29T19:07:15","date_gmt":"2023-03-29T17:07:15","guid":{"rendered":"https:\/\/butikhome.pl\/index.php\/produkt\/figi-steffi-21\/"},"modified":"2023-05-25T15:50:42","modified_gmt":"2023-05-25T13:50:42","slug":"figi-steffi-21","status":"publish","type":"product","link":"https:\/\/butikhome.pl\/index.php\/produkt\/figi-steffi-21\/","title":{"rendered":"Figi Steffi 21"},"content":{"rendered":"<p>Wygodne figi ze \u015blicznym, koronkowym akcentem pn\u0105cym si\u0119 wzd\u0142u\u017c bioder. Sk\u0142ad: 95% bawe\u0142na, 5% elastan.<\/p>\n","protected":false},"excerpt":{"rendered":"<p>Wygodne figi ze \u015blicznym, koronkowym akcentem pn\u0105cym si\u0119 wzd\u0142u\u017c bioder. Sk\u0142ad: 95% bawe\u0142na, 5% elastan.<\/p>\n","protected":false},"featured_media":15340,"comment_status":"open","ping_status":"closed","template":"","meta":[],"product_brand":[],"product_cat":[48,24,41,40,39,42],"product_tag":[708,709,710,736,408,1366,1364,1367,286,1365,57,120],"class_list":{"0":"post-14320","1":"product","2":"type-product","3":"status-publish","4":"has-post-thumbnail","6":"product_cat-majtki-podkategoria-do-bielizny","7":"product_cat-produkty","8":"product_cat-l","9":"product_cat-m","10":"product_cat-s","11":"product_cat-xl","12":"product_tag-2-s","13":"product_tag-3-m","14":"product_tag-4-l","15":"product_tag-5-xl","16":"product_tag-biale","17":"product_tag-dol-gladki","18":"product_tag-figi-steffi-21","19":"product_tag-gora-koronkowa","20":"product_tag-klasyczny-kroj","21":"product_tag-koronkowe-akcenty","22":"product_tag-majtki-typu-figi","23":"product_tag-wygodne","25":"first","26":"instock","27":"taxable","28":"shipping-taxable","29":"purchasable","30":"product-type-simple"},"_links":{"self":[{"href":"https:\/\/butikhome.pl\/index.php\/wp-json\/wp\/v2\/product\/14320","targetHints":{"allow":["GET"]}}],"collection":[{"href":"https:\/\/butikhome.pl\/index.php\/wp-json\/wp\/v2\/product"}],"about":[{"href":"https:\/\/butikhome.pl\/index.php\/wp-json\/wp\/v2\/types\/product"}],"replies":[{"embeddable":true,"href":"https:\/\/butikhome.pl\/index.php\/wp-json\/wp\/v2\/comments?post=14320"}],"wp:featuredmedia":[{"embeddable":true,"href":"https:\/\/butikhome.pl\/index.php\/wp-json\/wp\/v2\/media\/15340"}],"wp:attachment":[{"href":"https:\/\/butikhome.pl\/index.php\/wp-json\/wp\/v2\/media?parent=14320"}],"wp:term":[{"taxonomy":"product_brand","embeddable":true,"href":"https:\/\/butikhome.pl\/index.php\/wp-json\/wp\/v2\/product_brand?post=14320"},{"taxonomy":"product_cat","embeddable":true,"href":"https:\/\/butikhome.pl\/index.php\/wp-json\/wp\/v2\/product_cat?post=14320"},{"taxonomy":"product_tag","embeddable":true,"href":"https:\/\/butikhome.pl\/index.php\/wp-json\/wp\/v2\/product_tag?post=14320"}],"curies":[{"name":"wp","href":"https:\/\/api.w.org\/{rel}","templated":true}]}}