{"id":14332,"date":"2023-03-29T19:07:56","date_gmt":"2023-03-29T17:07:56","guid":{"rendered":"https:\/\/butikhome.pl\/index.php\/produkt\/figi-stella-180-biale\/"},"modified":"2023-05-25T15:42:12","modified_gmt":"2023-05-25T13:42:12","slug":"figi-stella-180-biale","status":"publish","type":"product","link":"https:\/\/butikhome.pl\/index.php\/produkt\/figi-stella-180-biale\/","title":{"rendered":"Figi Stella 180 Bia\u0142e"},"content":{"rendered":"<p>Klasyczne, wy\u017csze figi. Wykonane z bawe\u0142ny z dodatkiem elastanu. Prz\u00f3d uatrakcyjniaj\u0105 dwie, koronkowe wstawki. Ty\u0142 &#8211; g\u0142adki. Sk\u0142ad: 95% bawe\u0142na, 5% elastan. <\/p>\n","protected":false},"excerpt":{"rendered":"<p>Klasyczne, wy\u017csze figi. Wykonane z bawe\u0142ny z dodatkiem elastanu. Prz\u00f3d uatrakcyjniaj\u0105 dwie, koronkowe wstawki. Ty\u0142 &#8211; g\u0142adki. Sk\u0142ad: 95% bawe\u0142na, 5% elastan.<\/p>\n","protected":false},"featured_media":15339,"comment_status":"open","ping_status":"closed","template":"","meta":[],"product_brand":[],"product_cat":[48,24,41,40,39,42],"product_tag":[708,709,710,736,614,408,1363,125,286,199,57,65],"class_list":{"0":"post-14332","1":"product","2":"type-product","3":"status-publish","4":"has-post-thumbnail","6":"product_cat-majtki-podkategoria-do-bielizny","7":"product_cat-produkty","8":"product_cat-l","9":"product_cat-m","10":"product_cat-s","11":"product_cat-xl","12":"product_tag-2-s","13":"product_tag-3-m","14":"product_tag-4-l","15":"product_tag-5-xl","16":"product_tag-bawelna-z-dodatkiem-elastanu","17":"product_tag-biale","18":"product_tag-figi-stella-180","19":"product_tag-gladki-tyl","20":"product_tag-klasyczny-kroj","21":"product_tag-koronkowe-wstawki","22":"product_tag-majtki-typu-figi","23":"product_tag-wyzszy-stan","25":"first","26":"instock","27":"taxable","28":"shipping-taxable","29":"purchasable","30":"product-type-simple"},"_links":{"self":[{"href":"https:\/\/butikhome.pl\/index.php\/wp-json\/wp\/v2\/product\/14332","targetHints":{"allow":["GET"]}}],"collection":[{"href":"https:\/\/butikhome.pl\/index.php\/wp-json\/wp\/v2\/product"}],"about":[{"href":"https:\/\/butikhome.pl\/index.php\/wp-json\/wp\/v2\/types\/product"}],"replies":[{"embeddable":true,"href":"https:\/\/butikhome.pl\/index.php\/wp-json\/wp\/v2\/comments?post=14332"}],"wp:featuredmedia":[{"embeddable":true,"href":"https:\/\/butikhome.pl\/index.php\/wp-json\/wp\/v2\/media\/15339"}],"wp:attachment":[{"href":"https:\/\/butikhome.pl\/index.php\/wp-json\/wp\/v2\/media?parent=14332"}],"wp:term":[{"taxonomy":"product_brand","embeddable":true,"href":"https:\/\/butikhome.pl\/index.php\/wp-json\/wp\/v2\/product_brand?post=14332"},{"taxonomy":"product_cat","embeddable":true,"href":"https:\/\/butikhome.pl\/index.php\/wp-json\/wp\/v2\/product_cat?post=14332"},{"taxonomy":"product_tag","embeddable":true,"href":"https:\/\/butikhome.pl\/index.php\/wp-json\/wp\/v2\/product_tag?post=14332"}],"curies":[{"name":"wp","href":"https:\/\/api.w.org\/{rel}","templated":true}]}}