{"id":14336,"date":"2023-03-29T19:08:08","date_gmt":"2023-03-29T17:08:08","guid":{"rendered":"https:\/\/butikhome.pl\/index.php\/produkt\/figi-stella-180-czarne\/"},"modified":"2023-05-24T13:31:55","modified_gmt":"2023-05-24T11:31:55","slug":"figi-stella-180-czarne","status":"publish","type":"product","link":"https:\/\/butikhome.pl\/index.php\/produkt\/figi-stella-180-czarne\/","title":{"rendered":"Figi Stella 180 Czarne"},"content":{"rendered":"<p> Wykonane z bawe\u0142ny z dodatkiem elastanu. Prz\u00f3d uatrakcyjniaj\u0105 dwie, koronkowe wstawki. Ty\u0142 &#8211; g\u0142adki. Sk\u0142ad: 95% bawe\u0142na, 5% elastan. <\/p>\n","protected":false},"excerpt":{"rendered":"<p>Wykonane z bawe\u0142ny z dodatkiem elastanu. Prz\u00f3d uatrakcyjniaj\u0105 dwie, koronkowe wstawki. Ty\u0142 &#8211; g\u0142adki. Sk\u0142ad: 95% bawe\u0142na, 5% elastan.<\/p>\n","protected":false},"featured_media":15338,"comment_status":"open","ping_status":"closed","template":"","meta":[],"product_brand":[],"product_cat":[48,24,41,40,42,43],"product_tag":[709,710,736,768,614,52,1361,125,1362,57],"class_list":{"0":"post-14336","1":"product","2":"type-product","3":"status-publish","4":"has-post-thumbnail","6":"product_cat-majtki-podkategoria-do-bielizny","7":"product_cat-produkty","8":"product_cat-l","9":"product_cat-m","10":"product_cat-xl","11":"product_cat-2xl","12":"product_tag-3-m","13":"product_tag-4-l","14":"product_tag-5-xl","15":"product_tag-6-xxl","16":"product_tag-bawelna-z-dodatkiem-elastanu","17":"product_tag-czarne","18":"product_tag-figi-stella-180-czarne","19":"product_tag-gladki-tyl","20":"product_tag-koronkowe-wstawki-na-przodzie","21":"product_tag-majtki-typu-figi","23":"first","24":"instock","25":"taxable","26":"shipping-taxable","27":"purchasable","28":"product-type-simple"},"_links":{"self":[{"href":"https:\/\/butikhome.pl\/index.php\/wp-json\/wp\/v2\/product\/14336","targetHints":{"allow":["GET"]}}],"collection":[{"href":"https:\/\/butikhome.pl\/index.php\/wp-json\/wp\/v2\/product"}],"about":[{"href":"https:\/\/butikhome.pl\/index.php\/wp-json\/wp\/v2\/types\/product"}],"replies":[{"embeddable":true,"href":"https:\/\/butikhome.pl\/index.php\/wp-json\/wp\/v2\/comments?post=14336"}],"wp:featuredmedia":[{"embeddable":true,"href":"https:\/\/butikhome.pl\/index.php\/wp-json\/wp\/v2\/media\/15338"}],"wp:attachment":[{"href":"https:\/\/butikhome.pl\/index.php\/wp-json\/wp\/v2\/media?parent=14336"}],"wp:term":[{"taxonomy":"product_brand","embeddable":true,"href":"https:\/\/butikhome.pl\/index.php\/wp-json\/wp\/v2\/product_brand?post=14336"},{"taxonomy":"product_cat","embeddable":true,"href":"https:\/\/butikhome.pl\/index.php\/wp-json\/wp\/v2\/product_cat?post=14336"},{"taxonomy":"product_tag","embeddable":true,"href":"https:\/\/butikhome.pl\/index.php\/wp-json\/wp\/v2\/product_tag?post=14336"}],"curies":[{"name":"wp","href":"https:\/\/api.w.org\/{rel}","templated":true}]}}