{"id":14338,"date":"2023-03-29T19:08:14","date_gmt":"2023-03-29T17:08:14","guid":{"rendered":"https:\/\/butikhome.pl\/index.php\/produkt\/figi-summer-113-biale\/"},"modified":"2023-05-24T12:42:18","modified_gmt":"2023-05-24T10:42:18","slug":"figi-summer-113-biale","status":"publish","type":"product","link":"https:\/\/butikhome.pl\/index.php\/produkt\/figi-summer-113-biale\/","title":{"rendered":"Figi Summer 113 Bia\u0142e"},"content":{"rendered":"<p>Bawe\u0142niane figi z pi\u0119kn\u0105, koronkow\u0105 wstawk\u0105, widoczn\u0105 naoko\u0142o po\u015bladk\u00f3w i blisko talii. Bardzo zgrabnie zdobi\u0105 biodra. Sk\u0142ad: 95% bawe\u0142na, 5% elastan.<\/p>\n","protected":false},"excerpt":{"rendered":"<p>Bawe\u0142niane figi z pi\u0119kn\u0105, koronkow\u0105 wstawk\u0105, widoczn\u0105 naoko\u0142o po\u015bladk\u00f3w i blisko talii. Bardzo zgrabnie zdobi\u0105 biodra. Sk\u0142ad: 95% bawe\u0142na, 5% elastan.<\/p>\n","protected":false},"featured_media":15335,"comment_status":"open","ping_status":"closed","template":"","meta":[],"product_brand":[],"product_cat":[48,24,40,39,42],"product_tag":[708,709,736,70,169,408,1358,1359,206,57,388,1360],"class_list":{"0":"post-14338","1":"product","2":"type-product","3":"status-publish","4":"has-post-thumbnail","6":"product_cat-majtki-podkategoria-do-bielizny","7":"product_cat-produkty","8":"product_cat-m","9":"product_cat-s","10":"product_cat-xl","11":"product_tag-2-s","12":"product_tag-3-m","13":"product_tag-5-xl","14":"product_tag-bawelniane","15":"product_tag-bawelniane-figi","16":"product_tag-biale","17":"product_tag-figi-summer-113-biale","18":"product_tag-koronka-wokol-posladkow-i-talii","19":"product_tag-koronkowe-zdobienia","20":"product_tag-majtki-typu-figi","21":"product_tag-produkt-polski","22":"product_tag-zdobioa-biodra","24":"first","25":"instock","26":"taxable","27":"shipping-taxable","28":"purchasable","29":"product-type-simple"},"_links":{"self":[{"href":"https:\/\/butikhome.pl\/index.php\/wp-json\/wp\/v2\/product\/14338","targetHints":{"allow":["GET"]}}],"collection":[{"href":"https:\/\/butikhome.pl\/index.php\/wp-json\/wp\/v2\/product"}],"about":[{"href":"https:\/\/butikhome.pl\/index.php\/wp-json\/wp\/v2\/types\/product"}],"replies":[{"embeddable":true,"href":"https:\/\/butikhome.pl\/index.php\/wp-json\/wp\/v2\/comments?post=14338"}],"wp:featuredmedia":[{"embeddable":true,"href":"https:\/\/butikhome.pl\/index.php\/wp-json\/wp\/v2\/media\/15335"}],"wp:attachment":[{"href":"https:\/\/butikhome.pl\/index.php\/wp-json\/wp\/v2\/media?parent=14338"}],"wp:term":[{"taxonomy":"product_brand","embeddable":true,"href":"https:\/\/butikhome.pl\/index.php\/wp-json\/wp\/v2\/product_brand?post=14338"},{"taxonomy":"product_cat","embeddable":true,"href":"https:\/\/butikhome.pl\/index.php\/wp-json\/wp\/v2\/product_cat?post=14338"},{"taxonomy":"product_tag","embeddable":true,"href":"https:\/\/butikhome.pl\/index.php\/wp-json\/wp\/v2\/product_tag?post=14338"}],"curies":[{"name":"wp","href":"https:\/\/api.w.org\/{rel}","templated":true}]}}