{"id":14345,"date":"2023-03-29T19:08:29","date_gmt":"2023-03-29T17:08:29","guid":{"rendered":"https:\/\/butikhome.pl\/index.php\/produkt\/figi-suzi-193-biale\/"},"modified":"2023-05-23T13:48:04","modified_gmt":"2023-05-23T11:48:04","slug":"figi-suzi-193-biale","status":"publish","type":"product","link":"https:\/\/butikhome.pl\/index.php\/produkt\/figi-suzi-193-biale\/","title":{"rendered":"Figi Suzi 193 Bia\u0142e"},"content":{"rendered":"<ul>\n<li>Majteczki o komfortowym kroju<\/li>\n<li>Majteczki typu figi<\/li>\n<li>Majteczki wy\u017csze<\/li>\n<li>Pakowany w pude\u0142ko<\/li>\n<li>Produkt polski<\/li>\n<li>Przyjemna w dotyku, mi\u0119kka dzianina\/tkanina<\/li>\n<li>Siateczkowe zdobienia<\/li>\n<li>Wysoka jako\u015b\u0107<\/li>\n<li>Bawe\u0142na: 95%<\/li>\n<li>Elastan: 5%<\/li>\n<\/ul>\n","protected":false},"excerpt":{"rendered":"<p>Majteczki o komfortowym kroju Majteczki typu figi Majteczki wy\u017csze Pakowany w pude\u0142ko Produkt polski Przyjemna w dotyku, mi\u0119kka dzianina\/tkanina Siateczkowe zdobienia Wysoka jako\u015b\u0107 Bawe\u0142na: 95% Elastan: 5%<\/p>\n","protected":false},"featured_media":15331,"comment_status":"open","ping_status":"closed","template":"","meta":[],"product_brand":[],"product_cat":[48,24,41,40,39,42],"product_tag":[408,1354,253,57,663,1297,388,764,665,301,1349],"class_list":{"0":"post-14345","1":"product","2":"type-product","3":"status-publish","4":"has-post-thumbnail","6":"product_cat-majtki-podkategoria-do-bielizny","7":"product_cat-produkty","8":"product_cat-l","9":"product_cat-m","10":"product_cat-s","11":"product_cat-xl","12":"product_tag-biale","13":"product_tag-figi-suzi-193-biale","14":"product_tag-komfortowy-kroj","15":"product_tag-majtki-typu-figi","16":"product_tag-miekka-dzianina","17":"product_tag-pakowane-w-pudelko","18":"product_tag-produkt-polski","19":"product_tag-przyjemne-w-dotyku","20":"product_tag-siateczkowe-zdobienia","21":"product_tag-wysoka-jakosc","22":"product_tag-wyzsze-majteczki","24":"first","25":"instock","26":"taxable","27":"shipping-taxable","28":"purchasable","29":"product-type-simple"},"_links":{"self":[{"href":"https:\/\/butikhome.pl\/index.php\/wp-json\/wp\/v2\/product\/14345","targetHints":{"allow":["GET"]}}],"collection":[{"href":"https:\/\/butikhome.pl\/index.php\/wp-json\/wp\/v2\/product"}],"about":[{"href":"https:\/\/butikhome.pl\/index.php\/wp-json\/wp\/v2\/types\/product"}],"replies":[{"embeddable":true,"href":"https:\/\/butikhome.pl\/index.php\/wp-json\/wp\/v2\/comments?post=14345"}],"wp:featuredmedia":[{"embeddable":true,"href":"https:\/\/butikhome.pl\/index.php\/wp-json\/wp\/v2\/media\/15331"}],"wp:attachment":[{"href":"https:\/\/butikhome.pl\/index.php\/wp-json\/wp\/v2\/media?parent=14345"}],"wp:term":[{"taxonomy":"product_brand","embeddable":true,"href":"https:\/\/butikhome.pl\/index.php\/wp-json\/wp\/v2\/product_brand?post=14345"},{"taxonomy":"product_cat","embeddable":true,"href":"https:\/\/butikhome.pl\/index.php\/wp-json\/wp\/v2\/product_cat?post=14345"},{"taxonomy":"product_tag","embeddable":true,"href":"https:\/\/butikhome.pl\/index.php\/wp-json\/wp\/v2\/product_tag?post=14345"}],"curies":[{"name":"wp","href":"https:\/\/api.w.org\/{rel}","templated":true}]}}