{"id":14351,"date":"2023-03-29T19:08:41","date_gmt":"2023-03-29T17:08:41","guid":{"rendered":"https:\/\/butikhome.pl\/index.php\/produkt\/figi-tola-190-biale\/"},"modified":"2023-05-23T13:21:20","modified_gmt":"2023-05-23T11:21:20","slug":"figi-tola-190-biale","status":"publish","type":"product","link":"https:\/\/butikhome.pl\/index.php\/produkt\/figi-tola-190-biale\/","title":{"rendered":"Figi Tola 190 Bia\u0142e"},"content":{"rendered":"<ul>\n<li>G\u0142adki ty\u0142<\/li>\n<li>Klasyczny kr\u00f3j majteczek<\/li>\n<li>Majteczki wy\u017csze<\/li>\n<li>Siateczkowe zdobienia<\/li>\n<li>Wewn\u0105trz bawe\u0142niana wk\u0142adka<\/li>\n<li>Wykonana z elastycznego materia\u0142u<\/li>\n<li>Bawe\u0142na: 95%<\/li>\n<li>Elastan: 5%<\/li>\n<\/ul>\n","protected":false},"excerpt":{"rendered":"<p>G\u0142adki ty\u0142 Klasyczny kr\u00f3j majteczek Majteczki wy\u017csze Siateczkowe zdobienia Wewn\u0105trz bawe\u0142niana wk\u0142adka Wykonana z elastycznego materia\u0142u Bawe\u0142na: 95% Elastan: 5%<\/p>\n","protected":false},"featured_media":15328,"comment_status":"open","ping_status":"closed","template":"","meta":[],"product_brand":[],"product_cat":[48,24,41,40,39,42,43],"product_tag":[1338,408,1350,1351,286,665,1349,1339],"class_list":{"0":"post-14351","1":"product","2":"type-product","3":"status-publish","4":"has-post-thumbnail","6":"product_cat-majtki-podkategoria-do-bielizny","7":"product_cat-produkty","8":"product_cat-l","9":"product_cat-m","10":"product_cat-s","11":"product_cat-xl","12":"product_cat-2xl","13":"product_tag-bawelniana-wkladka","14":"product_tag-biale","15":"product_tag-figi-tola-190-biale","16":"product_tag-gladkityl","17":"product_tag-klasyczny-kroj","18":"product_tag-siateczkowe-zdobienia","19":"product_tag-wyzsze-majteczki","20":"product_tag-z-elastycznego-materialu","22":"first","23":"instock","24":"taxable","25":"shipping-taxable","26":"purchasable","27":"product-type-simple"},"_links":{"self":[{"href":"https:\/\/butikhome.pl\/index.php\/wp-json\/wp\/v2\/product\/14351","targetHints":{"allow":["GET"]}}],"collection":[{"href":"https:\/\/butikhome.pl\/index.php\/wp-json\/wp\/v2\/product"}],"about":[{"href":"https:\/\/butikhome.pl\/index.php\/wp-json\/wp\/v2\/types\/product"}],"replies":[{"embeddable":true,"href":"https:\/\/butikhome.pl\/index.php\/wp-json\/wp\/v2\/comments?post=14351"}],"wp:featuredmedia":[{"embeddable":true,"href":"https:\/\/butikhome.pl\/index.php\/wp-json\/wp\/v2\/media\/15328"}],"wp:attachment":[{"href":"https:\/\/butikhome.pl\/index.php\/wp-json\/wp\/v2\/media?parent=14351"}],"wp:term":[{"taxonomy":"product_brand","embeddable":true,"href":"https:\/\/butikhome.pl\/index.php\/wp-json\/wp\/v2\/product_brand?post=14351"},{"taxonomy":"product_cat","embeddable":true,"href":"https:\/\/butikhome.pl\/index.php\/wp-json\/wp\/v2\/product_cat?post=14351"},{"taxonomy":"product_tag","embeddable":true,"href":"https:\/\/butikhome.pl\/index.php\/wp-json\/wp\/v2\/product_tag?post=14351"}],"curies":[{"name":"wp","href":"https:\/\/api.w.org\/{rel}","templated":true}]}}