{"id":14366,"date":"2023-03-29T19:09:25","date_gmt":"2023-03-29T17:09:25","guid":{"rendered":"https:\/\/butikhome.pl\/index.php\/produkt\/figi-zuza-67-biale\/"},"modified":"2023-05-23T11:02:01","modified_gmt":"2023-05-23T09:02:01","slug":"figi-zuza-67-biale","status":"publish","type":"product","link":"https:\/\/butikhome.pl\/index.php\/produkt\/figi-zuza-67-biale\/","title":{"rendered":"Figi Zuza 67 Bia\u0142e"},"content":{"rendered":"<ul>\n<li>G\u0142adki ty\u0142<\/li>\n<li>Klasyczny kr\u00f3j majteczek<\/li>\n<li>Koronkowe zdobienia<\/li>\n<li>Majteczki o komfortowym kroju<\/li>\n<li>Majteczki typu figi<\/li>\n<li>Majteczki wy\u017csze<\/li>\n<li>Pakowany w pude\u0142ko<\/li>\n<li>Produkt polski<\/li>\n<li>Przyjemna w dotyku, mi\u0119kka dzianina\/tkanina<\/li>\n<li>Wewn\u0105trz bawe\u0142niana wk\u0142adka<\/li>\n<li>Wykonana z elastycznego materia\u0142u<\/li>\n<li>Wysoka jako\u015b\u0107<\/li>\n<li>Bawe\u0142na: 95%<\/li>\n<li>Elastan: 5%<\/li>\n<\/ul>\n","protected":false},"excerpt":{"rendered":"<p>G\u0142adki ty\u0142 Klasyczny kr\u00f3j majteczek Koronkowe zdobienia Majteczki o komfortowym kroju Majteczki typu figi Majteczki wy\u017csze Pakowany w pude\u0142ko Produkt polski Przyjemna w dotyku, mi\u0119kka dzianina\/tkanina Wewn\u0105trz bawe\u0142niana wk\u0142adka Wykonana z elastycznego materia\u0142u Wysoka jako\u015b\u0107 Bawe\u0142na: 95% Elastan: 5%<\/p>\n","protected":false},"featured_media":15324,"comment_status":"open","ping_status":"closed","template":"","meta":[],"product_brand":[],"product_cat":[48,24,41,40,42,43],"product_tag":[709,710,736,768,1338,408,1168,1342,125,1337,206,386,1340,388,1343,301],"class_list":{"0":"post-14366","1":"product","2":"type-product","3":"status-publish","4":"has-post-thumbnail","6":"product_cat-majtki-podkategoria-do-bielizny","7":"product_cat-produkty","8":"product_cat-l","9":"product_cat-m","10":"product_cat-xl","11":"product_cat-2xl","12":"product_tag-3-m","13":"product_tag-4-l","14":"product_tag-5-xl","15":"product_tag-6-xxl","16":"product_tag-bawelniana-wkladka","17":"product_tag-biale","18":"product_tag-elastyczny-material","19":"product_tag-figi-zuza-67-biale","20":"product_tag-gladki-tyl","21":"product_tag-klasyczny-kroj-majtek","22":"product_tag-koronkowe-zdobienia","23":"product_tag-majteczki-typu-figi","24":"product_tag-majtki-wyzsze","25":"product_tag-produkt-polski","26":"product_tag-przyjemna-w-dotyku-dzianina","27":"product_tag-wysoka-jakosc","29":"first","30":"instock","31":"taxable","32":"shipping-taxable","33":"purchasable","34":"product-type-simple"},"_links":{"self":[{"href":"https:\/\/butikhome.pl\/index.php\/wp-json\/wp\/v2\/product\/14366","targetHints":{"allow":["GET"]}}],"collection":[{"href":"https:\/\/butikhome.pl\/index.php\/wp-json\/wp\/v2\/product"}],"about":[{"href":"https:\/\/butikhome.pl\/index.php\/wp-json\/wp\/v2\/types\/product"}],"replies":[{"embeddable":true,"href":"https:\/\/butikhome.pl\/index.php\/wp-json\/wp\/v2\/comments?post=14366"}],"wp:featuredmedia":[{"embeddable":true,"href":"https:\/\/butikhome.pl\/index.php\/wp-json\/wp\/v2\/media\/15324"}],"wp:attachment":[{"href":"https:\/\/butikhome.pl\/index.php\/wp-json\/wp\/v2\/media?parent=14366"}],"wp:term":[{"taxonomy":"product_brand","embeddable":true,"href":"https:\/\/butikhome.pl\/index.php\/wp-json\/wp\/v2\/product_brand?post=14366"},{"taxonomy":"product_cat","embeddable":true,"href":"https:\/\/butikhome.pl\/index.php\/wp-json\/wp\/v2\/product_cat?post=14366"},{"taxonomy":"product_tag","embeddable":true,"href":"https:\/\/butikhome.pl\/index.php\/wp-json\/wp\/v2\/product_tag?post=14366"}],"curies":[{"name":"wp","href":"https:\/\/api.w.org\/{rel}","templated":true}]}}