{"id":14373,"date":"2023-03-29T19:09:41","date_gmt":"2023-03-29T17:09:41","guid":{"rendered":"https:\/\/butikhome.pl\/index.php\/produkt\/shorty-azalea-175-biale\/"},"modified":"2023-05-19T15:44:59","modified_gmt":"2023-05-19T13:44:59","slug":"shorty-azalea-175-biale","status":"publish","type":"product","link":"https:\/\/butikhome.pl\/index.php\/produkt\/shorty-azalea-175-biale\/","title":{"rendered":"Shorty Azalea 175 Bia\u0142e"},"content":{"rendered":"<p>Wyj\u0105tkowe shorty wykonane z osobliwej koronki. Lekko prze\u015bwituj\u0105ce, kobiece i bardzo zmys\u0142owe. G\u00f3ra w eleganckie, ma\u0142e, kwiatuszki. D\u00f3\u0142 w drobne oczka. Sk\u0142ad: 95% bawe\u0142na, 5% elastan.<\/p>\n<p>&nbsp;<\/p>\n<table border=\"1\" cellspacing=\"0\" cellpadding=\"3\">\n<tbody>\n<tr>\n<td valign=\"top\" width=\"170\">Tabela rozmiar\u00f3w<\/td>\n<td valign=\"top\" width=\"170\">Obw\u00f3d bioder<\/td>\n<\/tr>\n<tr>\n<td valign=\"top\" width=\"170\">XS (34)<\/td>\n<td valign=\"top\" width=\"170\">82-88 cm<\/td>\n<\/tr>\n<tr>\n<td valign=\"top\" width=\"170\">S (36)<\/td>\n<td valign=\"top\" width=\"170\">88-94 cm<\/td>\n<\/tr>\n<tr>\n<td valign=\"top\" width=\"170\">M (38)<\/td>\n<td valign=\"top\" width=\"170\">94-100 cm<\/td>\n<\/tr>\n<tr>\n<td valign=\"top\" width=\"170\">L (40)<\/td>\n<td valign=\"top\" width=\"170\">100-106 cm<\/td>\n<\/tr>\n<tr>\n<td valign=\"top\" width=\"170\">XL (42)<\/td>\n<td valign=\"top\" width=\"170\">106-112 cm<\/td>\n<\/tr>\n<tr>\n<td valign=\"top\" width=\"170\">XXL (44)<\/td>\n<td valign=\"top\" width=\"170\">112-118 cm<\/td>\n<\/tr>\n<tr>\n<td valign=\"top\" width=\"170\">XXXL (46)<\/td>\n<td valign=\"top\" width=\"170\">118-124 cm<\/td>\n<\/tr>\n<\/tbody>\n<\/table>\n<p>&nbsp;<\/p>\n","protected":false},"excerpt":{"rendered":"<p>Wyj\u0105tkowe shorty wykonane z osobliwej koronki. Lekko prze\u015bwituj\u0105ce, kobiece i bardzo zmys\u0142owe. G\u00f3ra w eleganckie, ma\u0142e, kwiatuszki. D\u00f3\u0142 w drobne oczka. Sk\u0142ad: 95% bawe\u0142na, 5% elastan. &nbsp; Tabela rozmiar\u00f3w Obw\u00f3d bioder XS (34) 82-88 cm S (36) 88-94 cm M (38) 94-100 cm L (40) 100-106 cm XL (42) 106-112 cm XXL (44) 112-118 cm &hellip; <\/p>\n","protected":false},"featured_media":15319,"comment_status":"open","ping_status":"closed","template":"","meta":[],"product_brand":[],"product_cat":[48,24,41,40,39,42],"product_tag":[708,709,710,736,1208,408,348,1335,81,312,1334,1333],"class_list":{"0":"post-14373","1":"product","2":"type-product","3":"status-publish","4":"has-post-thumbnail","6":"product_cat-majtki-podkategoria-do-bielizny","7":"product_cat-produkty","8":"product_cat-l","9":"product_cat-m","10":"product_cat-s","11":"product_cat-xl","12":"product_tag-2-s","13":"product_tag-3-m","14":"product_tag-4-l","15":"product_tag-5-xl","16":"product_tag-bardzo-zmyslowe","17":"product_tag-biale","18":"product_tag-eleganckie","19":"product_tag-gora-wykonana-z-kwiecistej-koronki","20":"product_tag-kobiece","21":"product_tag-lekko-przeswitujace","22":"product_tag-shorty-azalea-175-biale","23":"product_tag-w-dole-drobne-oczka","25":"first","26":"instock","27":"taxable","28":"shipping-taxable","29":"purchasable","30":"product-type-simple"},"_links":{"self":[{"href":"https:\/\/butikhome.pl\/index.php\/wp-json\/wp\/v2\/product\/14373","targetHints":{"allow":["GET"]}}],"collection":[{"href":"https:\/\/butikhome.pl\/index.php\/wp-json\/wp\/v2\/product"}],"about":[{"href":"https:\/\/butikhome.pl\/index.php\/wp-json\/wp\/v2\/types\/product"}],"replies":[{"embeddable":true,"href":"https:\/\/butikhome.pl\/index.php\/wp-json\/wp\/v2\/comments?post=14373"}],"wp:featuredmedia":[{"embeddable":true,"href":"https:\/\/butikhome.pl\/index.php\/wp-json\/wp\/v2\/media\/15319"}],"wp:attachment":[{"href":"https:\/\/butikhome.pl\/index.php\/wp-json\/wp\/v2\/media?parent=14373"}],"wp:term":[{"taxonomy":"product_brand","embeddable":true,"href":"https:\/\/butikhome.pl\/index.php\/wp-json\/wp\/v2\/product_brand?post=14373"},{"taxonomy":"product_cat","embeddable":true,"href":"https:\/\/butikhome.pl\/index.php\/wp-json\/wp\/v2\/product_cat?post=14373"},{"taxonomy":"product_tag","embeddable":true,"href":"https:\/\/butikhome.pl\/index.php\/wp-json\/wp\/v2\/product_tag?post=14373"}],"curies":[{"name":"wp","href":"https:\/\/api.w.org\/{rel}","templated":true}]}}