{"id":14405,"date":"2023-03-29T19:11:14","date_gmt":"2023-03-29T17:11:14","guid":{"rendered":"https:\/\/butikhome.pl\/index.php\/produkt\/shorty-erica-96-bezowe\/"},"modified":"2023-05-19T15:07:26","modified_gmt":"2023-05-19T13:07:26","slug":"shorty-erica-96-bezowe","status":"publish","type":"product","link":"https:\/\/butikhome.pl\/index.php\/produkt\/shorty-erica-96-bezowe\/","title":{"rendered":"Shorty Erica 96 Be\u017cowe"},"content":{"rendered":"<p>Bardzo kobiece i bardzo wygodne shorty, wykonane z przyjemnej w dotyku bawe\u0142ny. Wersja z pi\u0119knym, koronkowym zdobieniem przy udach. Sk\u0142ad: 95% bawe\u0142na, 5% elastan.<\/p>\n<table border=\"1\" cellspacing=\"0\" cellpadding=\"3\">\n<tbody>\n<tr>\n<td valign=\"top\" width=\"170\">Tabela rozmiar\u00f3w<\/td>\n<td valign=\"top\" width=\"170\">Obw\u00f3d bioder<\/td>\n<\/tr>\n<tr>\n<td valign=\"top\" width=\"170\">XS (34)<\/td>\n<td valign=\"top\" width=\"170\">82-88 cm<\/td>\n<\/tr>\n<tr>\n<td valign=\"top\" width=\"170\">S (36)<\/td>\n<td valign=\"top\" width=\"170\">88-94 cm<\/td>\n<\/tr>\n<tr>\n<td valign=\"top\" width=\"170\">M (38)<\/td>\n<td valign=\"top\" width=\"170\">94-100 cm<\/td>\n<\/tr>\n<tr>\n<td valign=\"top\" width=\"170\">L (40)<\/td>\n<td valign=\"top\" width=\"170\">100-106 cm<\/td>\n<\/tr>\n<tr>\n<td valign=\"top\" width=\"170\">XL (42)<\/td>\n<td valign=\"top\" width=\"170\">106-112 cm<\/td>\n<\/tr>\n<tr>\n<td valign=\"top\" width=\"170\">XXL (44)<\/td>\n<td valign=\"top\" width=\"170\">112-118 cm<\/td>\n<\/tr>\n<tr>\n<td valign=\"top\" width=\"170\">XXXL (46)<\/td>\n<td valign=\"top\" width=\"170\">118-124 cm<\/td>\n<\/tr>\n<\/tbody>\n<\/table>\n<p>&nbsp;<\/p>\n","protected":false},"excerpt":{"rendered":"<p>Bardzo kobiece i bardzo wygodne shorty, wykonane z przyjemnej w dotyku bawe\u0142ny. Wersja z pi\u0119knym, koronkowym zdobieniem przy udach. Sk\u0142ad: 95% bawe\u0142na, 5% elastan. Tabela rozmiar\u00f3w Obw\u00f3d bioder XS (34) 82-88 cm S (36) 88-94 cm M (38) 94-100 cm L (40) 100-106 cm XL (42) 106-112 cm XXL (44) 112-118 cm XXXL (46) 118-124 &hellip; <\/p>\n","protected":false},"featured_media":15309,"comment_status":"open","ping_status":"closed","template":"","meta":[],"product_brand":[],"product_cat":[48,24,41,40,39,42],"product_tag":[708,709,710,736,147,149,67,206,1291,1323,764,1321,1322],"class_list":{"0":"post-14405","1":"product","2":"type-product","3":"status-publish","4":"has-post-thumbnail","6":"product_cat-majtki-podkategoria-do-bielizny","7":"product_cat-produkty","8":"product_cat-l","9":"product_cat-m","10":"product_cat-s","11":"product_cat-xl","12":"product_tag-2-s","13":"product_tag-3-m","14":"product_tag-4-l","15":"product_tag-5-xl","16":"product_tag-bardzo-kobiece","17":"product_tag-bardzo-wygodne","18":"product_tag-bezowe","19":"product_tag-koronkowe-zdobienia","20":"product_tag-majtki-typu-szorty","21":"product_tag-piekne-zdobienia","22":"product_tag-przyjemne-w-dotyku","23":"product_tag-shorty-erica-96-bezowe","24":"product_tag-wykonane-z-bawelny","26":"first","27":"instock","28":"taxable","29":"shipping-taxable","30":"purchasable","31":"product-type-simple"},"_links":{"self":[{"href":"https:\/\/butikhome.pl\/index.php\/wp-json\/wp\/v2\/product\/14405","targetHints":{"allow":["GET"]}}],"collection":[{"href":"https:\/\/butikhome.pl\/index.php\/wp-json\/wp\/v2\/product"}],"about":[{"href":"https:\/\/butikhome.pl\/index.php\/wp-json\/wp\/v2\/types\/product"}],"replies":[{"embeddable":true,"href":"https:\/\/butikhome.pl\/index.php\/wp-json\/wp\/v2\/comments?post=14405"}],"wp:featuredmedia":[{"embeddable":true,"href":"https:\/\/butikhome.pl\/index.php\/wp-json\/wp\/v2\/media\/15309"}],"wp:attachment":[{"href":"https:\/\/butikhome.pl\/index.php\/wp-json\/wp\/v2\/media?parent=14405"}],"wp:term":[{"taxonomy":"product_brand","embeddable":true,"href":"https:\/\/butikhome.pl\/index.php\/wp-json\/wp\/v2\/product_brand?post=14405"},{"taxonomy":"product_cat","embeddable":true,"href":"https:\/\/butikhome.pl\/index.php\/wp-json\/wp\/v2\/product_cat?post=14405"},{"taxonomy":"product_tag","embeddable":true,"href":"https:\/\/butikhome.pl\/index.php\/wp-json\/wp\/v2\/product_tag?post=14405"}],"curies":[{"name":"wp","href":"https:\/\/api.w.org\/{rel}","templated":true}]}}