{"id":14425,"date":"2023-03-29T19:12:21","date_gmt":"2023-03-29T17:12:21","guid":{"rendered":"https:\/\/butikhome.pl\/index.php\/produkt\/shorty-natalie-111\/"},"modified":"2023-05-19T13:00:34","modified_gmt":"2023-05-19T11:00:34","slug":"shorty-natalie-111","status":"publish","type":"product","link":"https:\/\/butikhome.pl\/index.php\/produkt\/shorty-natalie-111\/","title":{"rendered":"Shorty Natalie 111"},"content":{"rendered":"<p>Romans bawe\u0142ny ze \u015bliczn\u0105 koronk\u0105. Z tego musi powsta\u0107 co\u015b dobrego! G\u00f3ra wygl\u0105da lekko i kobieco. D\u00f3\u0142 g\u0142adki, wykonany z wysokogatunkowej bawe\u0142ny, sprosta Twoim oczekiwaniom. Sk\u0142ad: 95% bawe\u0142na, 5% elastan.<\/p>\n<table border=\"1\" cellspacing=\"0\" cellpadding=\"3\">\n<tbody>\n<tr>\n<td valign=\"top\" width=\"170\">Tabela rozmiar\u00f3w<\/td>\n<td valign=\"top\" width=\"170\">Obw\u00f3d bioder<\/td>\n<\/tr>\n<tr>\n<td valign=\"top\" width=\"170\">XS (34)<\/td>\n<td valign=\"top\" width=\"170\">do 82 cm<\/td>\n<\/tr>\n<tr>\n<td valign=\"top\" width=\"170\">S (36)<\/td>\n<td valign=\"top\" width=\"170\">82-92 cm<\/td>\n<\/tr>\n<tr>\n<td valign=\"top\" width=\"170\">M (38)<\/td>\n<td valign=\"top\" width=\"170\">92-104 cm<\/td>\n<\/tr>\n<tr>\n<td valign=\"top\" width=\"170\">L (40)<\/td>\n<td valign=\"top\" width=\"170\">104-114 cm<\/td>\n<\/tr>\n<tr>\n<td valign=\"top\" width=\"170\">XL (42)<\/td>\n<td valign=\"top\" width=\"170\">114-126 cm<\/td>\n<\/tr>\n<tr>\n<td valign=\"top\" width=\"170\">XXL (44)<\/td>\n<td valign=\"top\" width=\"170\">126-136 cm<\/td>\n<\/tr>\n<\/tbody>\n<\/table>\n<p>&nbsp;<\/p>\n","protected":false},"excerpt":{"rendered":"<p>Romans bawe\u0142ny ze \u015bliczn\u0105 koronk\u0105. Z tego musi powsta\u0107 co\u015b dobrego! G\u00f3ra wygl\u0105da lekko i kobieco. D\u00f3\u0142 g\u0142adki, wykonany z wysokogatunkowej bawe\u0142ny, sprosta Twoim oczekiwaniom. Sk\u0142ad: 95% bawe\u0142na, 5% elastan. Tabela rozmiar\u00f3w Obw\u00f3d bioder XS (34) do 82 cm S (36) 82-92 cm M (38) 92-104 cm L (40) 104-114 cm XL (42) 114-126 cm &hellip; <\/p>\n","protected":false},"featured_media":15304,"comment_status":"open","ping_status":"closed","template":"","meta":[],"product_brand":[],"product_cat":[48,24,41,40,39],"product_tag":[708,709,710,1310,1308,289,1309,81,1312,268,288,209,1311,1307,271],"class_list":{"0":"post-14425","1":"product","2":"type-product","3":"status-publish","4":"has-post-thumbnail","6":"product_cat-majtki-podkategoria-do-bielizny","7":"product_cat-produkty","8":"product_cat-l","9":"product_cat-m","10":"product_cat-s","11":"product_tag-2-s","12":"product_tag-3-m","13":"product_tag-4-l","14":"product_tag-bawelna-z-elastanem","15":"product_tag-bawelna-z-koronka","16":"product_tag-delikatne","17":"product_tag-gladki-dol","18":"product_tag-kobiece","19":"product_tag-komfortowe-i-wygodne","20":"product_tag-koronka-na-posladkach","21":"product_tag-lekkie","22":"product_tag-najwyzsza-jakosc","23":"product_tag-przod-z-koronka","24":"product_tag-shorty-natalie-111","25":"product_tag-wysokogatunkowa-bawelna","27":"first","28":"instock","29":"taxable","30":"shipping-taxable","31":"purchasable","32":"product-type-simple"},"_links":{"self":[{"href":"https:\/\/butikhome.pl\/index.php\/wp-json\/wp\/v2\/product\/14425","targetHints":{"allow":["GET"]}}],"collection":[{"href":"https:\/\/butikhome.pl\/index.php\/wp-json\/wp\/v2\/product"}],"about":[{"href":"https:\/\/butikhome.pl\/index.php\/wp-json\/wp\/v2\/types\/product"}],"replies":[{"embeddable":true,"href":"https:\/\/butikhome.pl\/index.php\/wp-json\/wp\/v2\/comments?post=14425"}],"wp:featuredmedia":[{"embeddable":true,"href":"https:\/\/butikhome.pl\/index.php\/wp-json\/wp\/v2\/media\/15304"}],"wp:attachment":[{"href":"https:\/\/butikhome.pl\/index.php\/wp-json\/wp\/v2\/media?parent=14425"}],"wp:term":[{"taxonomy":"product_brand","embeddable":true,"href":"https:\/\/butikhome.pl\/index.php\/wp-json\/wp\/v2\/product_brand?post=14425"},{"taxonomy":"product_cat","embeddable":true,"href":"https:\/\/butikhome.pl\/index.php\/wp-json\/wp\/v2\/product_cat?post=14425"},{"taxonomy":"product_tag","embeddable":true,"href":"https:\/\/butikhome.pl\/index.php\/wp-json\/wp\/v2\/product_tag?post=14425"}],"curies":[{"name":"wp","href":"https:\/\/api.w.org\/{rel}","templated":true}]}}