{"id":14432,"date":"2023-03-29T19:12:40","date_gmt":"2023-03-29T17:12:40","guid":{"rendered":"https:\/\/butikhome.pl\/index.php\/produkt\/shorty-poli-171-czarne\/"},"modified":"2023-05-19T12:46:43","modified_gmt":"2023-05-19T10:46:43","slug":"shorty-poli-171-czarne","status":"publish","type":"product","link":"https:\/\/butikhome.pl\/index.php\/produkt\/shorty-poli-171-czarne\/","title":{"rendered":"Shorty Poli 171 Czarne"},"content":{"rendered":"<ul>\n<li>Majteczki typu szorty<\/li>\n<li>Pakowany w pude\u0142ko<\/li>\n<li>Produkt polski<\/li>\n<li>Przyjemna w dotyku, mi\u0119kka dzianina\/tkanina<\/li>\n<li>Wewn\u0105trz bawe\u0142niana wk\u0142adka<\/li>\n<li>Wykonana z eleganckiej koronki<\/li>\n<li>Wysoka jako\u015b\u0107<\/li>\n<li>Zdobienia bi\u017cuteryjne<\/li>\n<li>Zdobienia w stylu Glamour<\/li>\n<li>Bawe\u0142na: 95%<\/li>\n<li>Elastan: 5%<\/li>\n<\/ul>\n","protected":false},"excerpt":{"rendered":"<p>Majteczki typu szorty Pakowany w pude\u0142ko Produkt polski Przyjemna w dotyku, mi\u0119kka dzianina\/tkanina Wewn\u0105trz bawe\u0142niana wk\u0142adka Wykonana z eleganckiej koronki Wysoka jako\u015b\u0107 Zdobienia bi\u017cuteryjne Zdobienia w stylu Glamour Bawe\u0142na: 95% Elastan: 5%<\/p>\n","protected":false},"featured_media":15301,"comment_status":"open","ping_status":"closed","template":"","meta":[],"product_brand":[],"product_cat":[48,24,39],"product_tag":[708,52,358,1297,388,1182,1304,403,1305,301,1293,1306],"class_list":{"0":"post-14432","1":"product","2":"type-product","3":"status-publish","4":"has-post-thumbnail","6":"product_cat-majtki-podkategoria-do-bielizny","7":"product_cat-produkty","8":"product_cat-s","9":"product_tag-2-s","10":"product_tag-czarne","11":"product_tag-koronkowe","12":"product_tag-pakowane-w-pudelko","13":"product_tag-produkt-polski","14":"product_tag-przyjemny-material","15":"product_tag-shorty-poli-171-czarne","16":"product_tag-szorty","17":"product_tag-wewnatrz-bawelniana-wkladka","18":"product_tag-wysoka-jakosc","19":"product_tag-zdobienia-bizuteryjne","20":"product_tag-zdobienia-w-stylu-glamour","22":"first","23":"instock","24":"taxable","25":"shipping-taxable","26":"purchasable","27":"product-type-simple"},"_links":{"self":[{"href":"https:\/\/butikhome.pl\/index.php\/wp-json\/wp\/v2\/product\/14432","targetHints":{"allow":["GET"]}}],"collection":[{"href":"https:\/\/butikhome.pl\/index.php\/wp-json\/wp\/v2\/product"}],"about":[{"href":"https:\/\/butikhome.pl\/index.php\/wp-json\/wp\/v2\/types\/product"}],"replies":[{"embeddable":true,"href":"https:\/\/butikhome.pl\/index.php\/wp-json\/wp\/v2\/comments?post=14432"}],"wp:featuredmedia":[{"embeddable":true,"href":"https:\/\/butikhome.pl\/index.php\/wp-json\/wp\/v2\/media\/15301"}],"wp:attachment":[{"href":"https:\/\/butikhome.pl\/index.php\/wp-json\/wp\/v2\/media?parent=14432"}],"wp:term":[{"taxonomy":"product_brand","embeddable":true,"href":"https:\/\/butikhome.pl\/index.php\/wp-json\/wp\/v2\/product_brand?post=14432"},{"taxonomy":"product_cat","embeddable":true,"href":"https:\/\/butikhome.pl\/index.php\/wp-json\/wp\/v2\/product_cat?post=14432"},{"taxonomy":"product_tag","embeddable":true,"href":"https:\/\/butikhome.pl\/index.php\/wp-json\/wp\/v2\/product_tag?post=14432"}],"curies":[{"name":"wp","href":"https:\/\/api.w.org\/{rel}","templated":true}]}}