{"id":14444,"date":"2023-03-29T19:13:08","date_gmt":"2023-03-29T17:13:08","guid":{"rendered":"https:\/\/butikhome.pl\/index.php\/produkt\/shorty-rosalia-114\/"},"modified":"2023-05-19T12:24:29","modified_gmt":"2023-05-19T10:24:29","slug":"shorty-rosalia-114","status":"publish","type":"product","link":"https:\/\/butikhome.pl\/index.php\/produkt\/shorty-rosalia-114\/","title":{"rendered":"Shorty Rosalia 114"},"content":{"rendered":"<p>Pozw\u00f3l sobie na male\u0144ki prezent! \u015aliczne, w ca\u0142o\u015bci koronkowe shorty to propozycja dla kobiet, kt\u00f3re kochaj\u0105 wyj\u0105tkow\u0105 bielizn\u0119. Lekko prze\u015bwituj\u0105ce, zmys\u0142owe, a przy tym bardzo wygodne. Sk\u0142ad: 95% bawe\u0142na, 5% elastan.<\/p>\n<table border=\"1\" cellspacing=\"0\" cellpadding=\"3\">\n<tbody>\n<tr>\n<td valign=\"top\" width=\"170\">Tabela rozmiar\u00f3w<\/td>\n<td valign=\"top\" width=\"170\">Obw\u00f3d bioder<\/td>\n<\/tr>\n<tr>\n<td valign=\"top\" width=\"170\">XS (34)<\/td>\n<td valign=\"top\" width=\"170\">do 82 cm<\/td>\n<\/tr>\n<tr>\n<td valign=\"top\" width=\"170\">S (36)<\/td>\n<td valign=\"top\" width=\"170\">82-92 cm<\/td>\n<\/tr>\n<tr>\n<td valign=\"top\" width=\"170\">M (38)<\/td>\n<td valign=\"top\" width=\"170\">92-104 cm<\/td>\n<\/tr>\n<tr>\n<td valign=\"top\" width=\"170\">L (40)<\/td>\n<td valign=\"top\" width=\"170\">104-114 cm<\/td>\n<\/tr>\n<tr>\n<td valign=\"top\" width=\"170\">XL (42)<\/td>\n<td valign=\"top\" width=\"170\">114-126 cm<\/td>\n<\/tr>\n<tr>\n<td valign=\"top\" width=\"170\">XXL (44)<\/td>\n<td valign=\"top\" width=\"170\">126-136 cm<\/td>\n<\/tr>\n<\/tbody>\n<\/table>\n<p>&nbsp;<\/p>\n","protected":false},"excerpt":{"rendered":"<p>Pozw\u00f3l sobie na male\u0144ki prezent! \u015aliczne, w ca\u0142o\u015bci koronkowe shorty to propozycja dla kobiet, kt\u00f3re kochaj\u0105 wyj\u0105tkow\u0105 bielizn\u0119. Lekko prze\u015bwituj\u0105ce, zmys\u0142owe, a przy tym bardzo wygodne. Sk\u0142ad: 95% bawe\u0142na, 5% elastan. Tabela rozmiar\u00f3w Obw\u00f3d bioder XS (34) do 82 cm S (36) 82-92 cm M (38) 92-104 cm L (40) 104-114 cm XL (42) 114-126 &hellip; <\/p>\n","protected":false},"featured_media":15297,"comment_status":"open","ping_status":"closed","template":"","meta":[],"product_brand":[],"product_cat":[48,24,41,40,42],"product_tag":[709,710,736,149,81,1302,312,1301,403,148],"class_list":{"0":"post-14444","1":"product","2":"type-product","3":"status-publish","4":"has-post-thumbnail","6":"product_cat-majtki-podkategoria-do-bielizny","7":"product_cat-produkty","8":"product_cat-l","9":"product_cat-m","10":"product_cat-xl","11":"product_tag-3-m","12":"product_tag-4-l","13":"product_tag-5-xl","14":"product_tag-bardzo-wygodne","15":"product_tag-kobiece","16":"product_tag-koronkowe-szorty","17":"product_tag-lekko-przeswitujace","18":"product_tag-shorty-rosalia-114-bezowe","19":"product_tag-szorty","20":"product_tag-zmyslowe","22":"first","23":"instock","24":"taxable","25":"shipping-taxable","26":"purchasable","27":"product-type-simple"},"_links":{"self":[{"href":"https:\/\/butikhome.pl\/index.php\/wp-json\/wp\/v2\/product\/14444","targetHints":{"allow":["GET"]}}],"collection":[{"href":"https:\/\/butikhome.pl\/index.php\/wp-json\/wp\/v2\/product"}],"about":[{"href":"https:\/\/butikhome.pl\/index.php\/wp-json\/wp\/v2\/types\/product"}],"replies":[{"embeddable":true,"href":"https:\/\/butikhome.pl\/index.php\/wp-json\/wp\/v2\/comments?post=14444"}],"wp:featuredmedia":[{"embeddable":true,"href":"https:\/\/butikhome.pl\/index.php\/wp-json\/wp\/v2\/media\/15297"}],"wp:attachment":[{"href":"https:\/\/butikhome.pl\/index.php\/wp-json\/wp\/v2\/media?parent=14444"}],"wp:term":[{"taxonomy":"product_brand","embeddable":true,"href":"https:\/\/butikhome.pl\/index.php\/wp-json\/wp\/v2\/product_brand?post=14444"},{"taxonomy":"product_cat","embeddable":true,"href":"https:\/\/butikhome.pl\/index.php\/wp-json\/wp\/v2\/product_cat?post=14444"},{"taxonomy":"product_tag","embeddable":true,"href":"https:\/\/butikhome.pl\/index.php\/wp-json\/wp\/v2\/product_tag?post=14444"}],"curies":[{"name":"wp","href":"https:\/\/api.w.org\/{rel}","templated":true}]}}