{"id":14463,"date":"2023-03-29T19:14:04","date_gmt":"2023-03-29T17:14:04","guid":{"rendered":"https:\/\/butikhome.pl\/index.php\/produkt\/shorty-she-154-biale\/"},"modified":"2023-05-19T11:59:02","modified_gmt":"2023-05-19T09:59:02","slug":"shorty-she-154-biale","status":"publish","type":"product","link":"https:\/\/butikhome.pl\/index.php\/produkt\/shorty-she-154-biale\/","title":{"rendered":"Shorty She 154 Bia\u0142e"},"content":{"rendered":"<ul>\n<li>G\u0142adki prz\u00f3d<\/li>\n<li>G\u0142adki ty\u0142<\/li>\n<li>Koronkowe zdobienia<\/li>\n<li>Pakowany w pude\u0142ko<\/li>\n<li>Produkt polski<\/li>\n<li>Wykonana z elastycznego materia\u0142u<\/li>\n<li>Wysoka jako\u015b\u0107<\/li>\n<\/ul>\n","protected":false},"excerpt":{"rendered":"<p>G\u0142adki prz\u00f3d G\u0142adki ty\u0142 Koronkowe zdobienia Pakowany w pude\u0142ko Produkt polski Wykonana z elastycznego materia\u0142u Wysoka jako\u015b\u0107<\/p>\n","protected":false},"featured_media":15294,"comment_status":"open","ping_status":"closed","template":"","meta":[],"product_brand":[],"product_cat":[48,24,41,40,39,42],"product_tag":[708,709,710,736,260,125,206,1297,388,1298,403,301],"class_list":{"0":"post-14463","1":"product","2":"type-product","3":"status-publish","4":"has-post-thumbnail","6":"product_cat-majtki-podkategoria-do-bielizny","7":"product_cat-produkty","8":"product_cat-l","9":"product_cat-m","10":"product_cat-s","11":"product_cat-xl","12":"product_tag-2-s","13":"product_tag-3-m","14":"product_tag-4-l","15":"product_tag-5-xl","16":"product_tag-gladki-przod","17":"product_tag-gladki-tyl","18":"product_tag-koronkowe-zdobienia","19":"product_tag-pakowane-w-pudelko","20":"product_tag-produkt-polski","21":"product_tag-shorty-she-154-biale","22":"product_tag-szorty","23":"product_tag-wysoka-jakosc","25":"first","26":"instock","27":"taxable","28":"shipping-taxable","29":"purchasable","30":"product-type-simple"},"_links":{"self":[{"href":"https:\/\/butikhome.pl\/index.php\/wp-json\/wp\/v2\/product\/14463","targetHints":{"allow":["GET"]}}],"collection":[{"href":"https:\/\/butikhome.pl\/index.php\/wp-json\/wp\/v2\/product"}],"about":[{"href":"https:\/\/butikhome.pl\/index.php\/wp-json\/wp\/v2\/types\/product"}],"replies":[{"embeddable":true,"href":"https:\/\/butikhome.pl\/index.php\/wp-json\/wp\/v2\/comments?post=14463"}],"wp:featuredmedia":[{"embeddable":true,"href":"https:\/\/butikhome.pl\/index.php\/wp-json\/wp\/v2\/media\/15294"}],"wp:attachment":[{"href":"https:\/\/butikhome.pl\/index.php\/wp-json\/wp\/v2\/media?parent=14463"}],"wp:term":[{"taxonomy":"product_brand","embeddable":true,"href":"https:\/\/butikhome.pl\/index.php\/wp-json\/wp\/v2\/product_brand?post=14463"},{"taxonomy":"product_cat","embeddable":true,"href":"https:\/\/butikhome.pl\/index.php\/wp-json\/wp\/v2\/product_cat?post=14463"},{"taxonomy":"product_tag","embeddable":true,"href":"https:\/\/butikhome.pl\/index.php\/wp-json\/wp\/v2\/product_tag?post=14463"}],"curies":[{"name":"wp","href":"https:\/\/api.w.org\/{rel}","templated":true}]}}