{"id":14467,"date":"2023-03-29T19:14:14","date_gmt":"2023-03-29T17:14:14","guid":{"rendered":"https:\/\/butikhome.pl\/index.php\/produkt\/shorty-she-154-czarne\/"},"modified":"2023-05-19T11:51:49","modified_gmt":"2023-05-19T09:51:49","slug":"shorty-she-154-czarne","status":"publish","type":"product","link":"https:\/\/butikhome.pl\/index.php\/produkt\/shorty-she-154-czarne\/","title":{"rendered":"Shorty She 154 Czarne"},"content":{"rendered":"<ul>\n<li>G\u0142adki prz\u00f3d<\/li>\n<li>G\u0142adki ty\u0142<\/li>\n<li>Koronkowe zdobienia<\/li>\n<li>Pakowany w pude\u0142ko<\/li>\n<li>Produkt polski<\/li>\n<li>Wykonana z elastycznego materia\u0142u<\/li>\n<li>Wysoka jako\u015b\u0107<\/li>\n<\/ul>\n","protected":false},"excerpt":{"rendered":"<p>G\u0142adki prz\u00f3d G\u0142adki ty\u0142 Koronkowe zdobienia Pakowany w pude\u0142ko Produkt polski Wykonana z elastycznego materia\u0142u Wysoka jako\u015b\u0107<\/p>\n","protected":false},"featured_media":15292,"comment_status":"open","ping_status":"closed","template":"","meta":[],"product_brand":[],"product_cat":[48,24,41,40,39,42],"product_tag":[708,709,710,736,52,1168,260,125,1296,1297,388,355,1295,403,301],"class_list":{"0":"post-14467","1":"product","2":"type-product","3":"status-publish","4":"has-post-thumbnail","6":"product_cat-majtki-podkategoria-do-bielizny","7":"product_cat-produkty","8":"product_cat-l","9":"product_cat-m","10":"product_cat-s","11":"product_cat-xl","12":"product_tag-2-s","13":"product_tag-3-m","14":"product_tag-4-l","15":"product_tag-5-xl","16":"product_tag-czarne","17":"product_tag-elastyczny-material","18":"product_tag-gladki-przod","19":"product_tag-gladki-tyl","20":"product_tag-koronkowe-zdobienia-na-bokach","21":"product_tag-pakowane-w-pudelko","22":"product_tag-produkt-polski","23":"product_tag-shorty","24":"product_tag-shorty-she-154-czarne","25":"product_tag-szorty","26":"product_tag-wysoka-jakosc","28":"first","29":"instock","30":"taxable","31":"shipping-taxable","32":"purchasable","33":"product-type-simple"},"_links":{"self":[{"href":"https:\/\/butikhome.pl\/index.php\/wp-json\/wp\/v2\/product\/14467","targetHints":{"allow":["GET"]}}],"collection":[{"href":"https:\/\/butikhome.pl\/index.php\/wp-json\/wp\/v2\/product"}],"about":[{"href":"https:\/\/butikhome.pl\/index.php\/wp-json\/wp\/v2\/types\/product"}],"replies":[{"embeddable":true,"href":"https:\/\/butikhome.pl\/index.php\/wp-json\/wp\/v2\/comments?post=14467"}],"wp:featuredmedia":[{"embeddable":true,"href":"https:\/\/butikhome.pl\/index.php\/wp-json\/wp\/v2\/media\/15292"}],"wp:attachment":[{"href":"https:\/\/butikhome.pl\/index.php\/wp-json\/wp\/v2\/media?parent=14467"}],"wp:term":[{"taxonomy":"product_brand","embeddable":true,"href":"https:\/\/butikhome.pl\/index.php\/wp-json\/wp\/v2\/product_brand?post=14467"},{"taxonomy":"product_cat","embeddable":true,"href":"https:\/\/butikhome.pl\/index.php\/wp-json\/wp\/v2\/product_cat?post=14467"},{"taxonomy":"product_tag","embeddable":true,"href":"https:\/\/butikhome.pl\/index.php\/wp-json\/wp\/v2\/product_tag?post=14467"}],"curies":[{"name":"wp","href":"https:\/\/api.w.org\/{rel}","templated":true}]}}