{"id":14471,"date":"2023-03-29T19:14:25","date_gmt":"2023-03-29T17:14:25","guid":{"rendered":"https:\/\/butikhome.pl\/index.php\/produkt\/shoty-ronna-200-czarne\/"},"modified":"2023-05-18T15:41:32","modified_gmt":"2023-05-18T13:41:32","slug":"shoty-ronna-200-czarne","status":"publish","type":"product","link":"https:\/\/butikhome.pl\/index.php\/produkt\/shoty-ronna-200-czarne\/","title":{"rendered":"Shoty Ronna 200 Czarne"},"content":{"rendered":"<ul>\n<li>G\u0142adki ty\u0142<\/li>\n<li>Koronkowe zdobienia<\/li>\n<li>Majteczki o komfortowym kroju<\/li>\n<li>Majteczki typu szorty<\/li>\n<li>Pakowany w pude\u0142ko<\/li>\n<li>Produkt polski<\/li>\n<li>Przyjemna w dotyku, mi\u0119kka dzianina\/tkanina<\/li>\n<li>W pasie ozdobna kokardka<\/li>\n<li>Zdobienia bi\u017cuteryjne<\/li>\n<\/ul>\n","protected":false},"excerpt":{"rendered":"<p>G\u0142adki ty\u0142 Koronkowe zdobienia Majteczki o komfortowym kroju Majteczki typu szorty Pakowany w pude\u0142ko Produkt polski Przyjemna w dotyku, mi\u0119kka dzianina\/tkanina W pasie ozdobna kokardka Zdobienia bi\u017cuteryjne<\/p>\n","protected":false},"featured_media":15291,"comment_status":"open","ping_status":"closed","template":"","meta":[],"product_brand":[],"product_cat":[48,24,41,40,39,42,627],"product_tag":[708,709,710,736,125,253,1292,1291,1294,388,764,1290,1289,1293],"class_list":{"0":"post-14471","1":"product","2":"type-product","3":"status-publish","4":"has-post-thumbnail","6":"product_cat-majtki-podkategoria-do-bielizny","7":"product_cat-produkty","8":"product_cat-l","9":"product_cat-m","10":"product_cat-s","11":"product_cat-xl","12":"product_cat-stringi-podkategoria-do-bielizny","13":"product_tag-2-s","14":"product_tag-3-m","15":"product_tag-4-l","16":"product_tag-5-xl","17":"product_tag-gladki-tyl","18":"product_tag-komfortowy-kroj","19":"product_tag-koronkowe-zdobienia-z-przodu","20":"product_tag-majtki-typu-szorty","21":"product_tag-ozdobna-kokardka","22":"product_tag-produkt-polski","23":"product_tag-przyjemne-w-dotyku","24":"product_tag-shoty","25":"product_tag-szorty-ronna-200-czarne","26":"product_tag-zdobienia-bizuteryjne","28":"first","29":"instock","30":"taxable","31":"shipping-taxable","32":"purchasable","33":"product-type-simple"},"_links":{"self":[{"href":"https:\/\/butikhome.pl\/index.php\/wp-json\/wp\/v2\/product\/14471","targetHints":{"allow":["GET"]}}],"collection":[{"href":"https:\/\/butikhome.pl\/index.php\/wp-json\/wp\/v2\/product"}],"about":[{"href":"https:\/\/butikhome.pl\/index.php\/wp-json\/wp\/v2\/types\/product"}],"replies":[{"embeddable":true,"href":"https:\/\/butikhome.pl\/index.php\/wp-json\/wp\/v2\/comments?post=14471"}],"wp:featuredmedia":[{"embeddable":true,"href":"https:\/\/butikhome.pl\/index.php\/wp-json\/wp\/v2\/media\/15291"}],"wp:attachment":[{"href":"https:\/\/butikhome.pl\/index.php\/wp-json\/wp\/v2\/media?parent=14471"}],"wp:term":[{"taxonomy":"product_brand","embeddable":true,"href":"https:\/\/butikhome.pl\/index.php\/wp-json\/wp\/v2\/product_brand?post=14471"},{"taxonomy":"product_cat","embeddable":true,"href":"https:\/\/butikhome.pl\/index.php\/wp-json\/wp\/v2\/product_cat?post=14471"},{"taxonomy":"product_tag","embeddable":true,"href":"https:\/\/butikhome.pl\/index.php\/wp-json\/wp\/v2\/product_tag?post=14471"}],"curies":[{"name":"wp","href":"https:\/\/api.w.org\/{rel}","templated":true}]}}