{"id":14475,"date":"2023-03-29T19:14:35","date_gmt":"2023-03-29T17:14:35","guid":{"rendered":"https:\/\/butikhome.pl\/index.php\/produkt\/stringi-aimee-93-bezowe\/"},"modified":"2023-05-18T15:30:18","modified_gmt":"2023-05-18T13:30:18","slug":"stringi-aimee-93-bezowe","status":"publish","type":"product","link":"https:\/\/butikhome.pl\/index.php\/produkt\/stringi-aimee-93-bezowe\/","title":{"rendered":"Stringi Aimee 93 Be\u017cowe"},"content":{"rendered":"<p>Fajne stringi w koronkowy, geometryczny wz\u00f3r. Zgrabnie zdobi\u0105 cia\u0142o. Prz\u00f3d i ty\u0142 podszyty g\u0142adk\u0105 tkanin\u0105, nie b\u0119dzie prze\u015bwitywa\u0142. Sk\u0142ad: \u00a095% bawe\u0142na, 5% elastan.<\/p>\n<p>&nbsp;<\/p>\n","protected":false},"excerpt":{"rendered":"<p>Fajne stringi w koronkowy, geometryczny wz\u00f3r. Zgrabnie zdobi\u0105 cia\u0142o. Prz\u00f3d i ty\u0142 podszyty g\u0142adk\u0105 tkanin\u0105, nie b\u0119dzie prze\u015bwitywa\u0142. Sk\u0142ad: \u00a095% bawe\u0142na, 5% elastan. &nbsp;<\/p>\n","protected":false},"featured_media":15289,"comment_status":"open","ping_status":"closed","template":"","meta":[],"product_brand":[],"product_cat":[48,24,40,39,42],"product_tag":[708,709,736,598,358,1281,640,1288,1286],"class_list":{"0":"post-14475","1":"product","2":"type-product","3":"status-publish","4":"has-post-thumbnail","6":"product_cat-majtki-podkategoria-do-bielizny","7":"product_cat-produkty","8":"product_cat-m","9":"product_cat-s","10":"product_cat-xl","11":"product_tag-2-s","12":"product_tag-3-m","13":"product_tag-5-xl","14":"product_tag-geometryczny-wzor","15":"product_tag-koronkowe","16":"product_tag-przod-i-tyl-podszyty-gladka-tkanina","17":"product_tag-stringi","18":"product_tag-stringi-aimee-93-bezowe","19":"product_tag-zdobia-cialo","21":"first","22":"instock","23":"taxable","24":"shipping-taxable","25":"purchasable","26":"product-type-simple"},"_links":{"self":[{"href":"https:\/\/butikhome.pl\/index.php\/wp-json\/wp\/v2\/product\/14475","targetHints":{"allow":["GET"]}}],"collection":[{"href":"https:\/\/butikhome.pl\/index.php\/wp-json\/wp\/v2\/product"}],"about":[{"href":"https:\/\/butikhome.pl\/index.php\/wp-json\/wp\/v2\/types\/product"}],"replies":[{"embeddable":true,"href":"https:\/\/butikhome.pl\/index.php\/wp-json\/wp\/v2\/comments?post=14475"}],"wp:featuredmedia":[{"embeddable":true,"href":"https:\/\/butikhome.pl\/index.php\/wp-json\/wp\/v2\/media\/15289"}],"wp:attachment":[{"href":"https:\/\/butikhome.pl\/index.php\/wp-json\/wp\/v2\/media?parent=14475"}],"wp:term":[{"taxonomy":"product_brand","embeddable":true,"href":"https:\/\/butikhome.pl\/index.php\/wp-json\/wp\/v2\/product_brand?post=14475"},{"taxonomy":"product_cat","embeddable":true,"href":"https:\/\/butikhome.pl\/index.php\/wp-json\/wp\/v2\/product_cat?post=14475"},{"taxonomy":"product_tag","embeddable":true,"href":"https:\/\/butikhome.pl\/index.php\/wp-json\/wp\/v2\/product_tag?post=14475"}],"curies":[{"name":"wp","href":"https:\/\/api.w.org\/{rel}","templated":true}]}}