{"id":14495,"date":"2023-03-29T19:15:31","date_gmt":"2023-03-29T17:15:31","guid":{"rendered":"https:\/\/butikhome.pl\/index.php\/produkt\/stringi-estera-161\/"},"modified":"2023-05-25T14:10:19","modified_gmt":"2023-05-25T12:10:19","slug":"stringi-estera-161","status":"publish","type":"product","link":"https:\/\/butikhome.pl\/index.php\/produkt\/stringi-estera-161\/","title":{"rendered":"Stringi Estera 161"},"content":{"rendered":"<p>Idealne po\u0142\u0105czenie g\u0142adkiej bawe\u0142ny z a\u017curow\u0105, kwiecist\u0105 koronk\u0105. Bielizna lekko prze\u015bwituje po bokach, dodaje wdzi\u0119ku i lekko\u015bci biodrom. Propozycja godna polecenia. Sk\u0142ad: 95% bawe\u0142na, 5% elastan.<\/p>\n<table border=\"1\" cellspacing=\"0\" cellpadding=\"3\">\n<tbody>\n<tr>\n<td valign=\"top\" width=\"170\">Tabela rozmiar\u00f3w<\/td>\n<td valign=\"top\" width=\"170\">Obw\u00f3d bioder<\/td>\n<\/tr>\n<tr>\n<td valign=\"top\" width=\"170\">XS (34)<\/td>\n<td valign=\"top\" width=\"170\">do 82 cm<\/td>\n<\/tr>\n<tr>\n<td valign=\"top\" width=\"170\">S (36)<\/td>\n<td valign=\"top\" width=\"170\">82-92 cm<\/td>\n<\/tr>\n<tr>\n<td valign=\"top\" width=\"170\">M (38)<\/td>\n<td valign=\"top\" width=\"170\">92-104 cm<\/td>\n<\/tr>\n<tr>\n<td valign=\"top\" width=\"170\">L (40)<\/td>\n<td valign=\"top\" width=\"170\">104-114 cm<\/td>\n<\/tr>\n<tr>\n<td valign=\"top\" width=\"170\">XL (42)<\/td>\n<td valign=\"top\" width=\"170\">114-126 cm<\/td>\n<\/tr>\n<tr>\n<td valign=\"top\" width=\"170\">XXL (44)<\/td>\n<td valign=\"top\" width=\"170\">126-136 cm<\/td>\n<\/tr>\n<\/tbody>\n<\/table>\n<p>&nbsp;<\/p>\n","protected":false},"excerpt":{"rendered":"<p>Idealne po\u0142\u0105czenie g\u0142adkiej bawe\u0142ny z a\u017curow\u0105, kwiecist\u0105 koronk\u0105. Bielizna lekko prze\u015bwituje po bokach, dodaje wdzi\u0119ku i lekko\u015bci biodrom. Propozycja godna polecenia. Sk\u0142ad: 95% bawe\u0142na, 5% elastan. Tabela rozmiar\u00f3w Obw\u00f3d bioder XS (34) do 82 cm S (36) 82-92 cm M (38) 92-104 cm L (40) 104-114 cm XL (42) 114-126 cm XXL (44) 126-136 cm &hellip; <\/p>\n","protected":false},"featured_media":14892,"comment_status":"open","ping_status":"closed","template":"","meta":[],"product_brand":[],"product_cat":[48,24,41,39],"product_tag":[82,581,649,651,650,640],"class_list":{"0":"post-14495","1":"product","2":"type-product","3":"status-publish","4":"has-post-thumbnail","6":"product_cat-majtki-podkategoria-do-bielizny","7":"product_cat-produkty","8":"product_cat-l","9":"product_cat-s","10":"product_tag-azurowa-koronka","11":"product_tag-bawelna","12":"product_tag-kwiecista","13":"product_tag-pelna-wdzieku","14":"product_tag-przeswitujaca-lekko-na-bokach","15":"product_tag-stringi","17":"first","18":"instock","19":"taxable","20":"shipping-taxable","21":"purchasable","22":"product-type-simple"},"_links":{"self":[{"href":"https:\/\/butikhome.pl\/index.php\/wp-json\/wp\/v2\/product\/14495","targetHints":{"allow":["GET"]}}],"collection":[{"href":"https:\/\/butikhome.pl\/index.php\/wp-json\/wp\/v2\/product"}],"about":[{"href":"https:\/\/butikhome.pl\/index.php\/wp-json\/wp\/v2\/types\/product"}],"replies":[{"embeddable":true,"href":"https:\/\/butikhome.pl\/index.php\/wp-json\/wp\/v2\/comments?post=14495"}],"wp:featuredmedia":[{"embeddable":true,"href":"https:\/\/butikhome.pl\/index.php\/wp-json\/wp\/v2\/media\/14892"}],"wp:attachment":[{"href":"https:\/\/butikhome.pl\/index.php\/wp-json\/wp\/v2\/media?parent=14495"}],"wp:term":[{"taxonomy":"product_brand","embeddable":true,"href":"https:\/\/butikhome.pl\/index.php\/wp-json\/wp\/v2\/product_brand?post=14495"},{"taxonomy":"product_cat","embeddable":true,"href":"https:\/\/butikhome.pl\/index.php\/wp-json\/wp\/v2\/product_cat?post=14495"},{"taxonomy":"product_tag","embeddable":true,"href":"https:\/\/butikhome.pl\/index.php\/wp-json\/wp\/v2\/product_tag?post=14495"}],"curies":[{"name":"wp","href":"https:\/\/api.w.org\/{rel}","templated":true}]}}