{"id":14502,"date":"2023-03-29T19:15:51","date_gmt":"2023-03-29T17:15:51","guid":{"rendered":"https:\/\/butikhome.pl\/index.php\/produkt\/stringi-greta-169\/"},"modified":"2023-05-25T14:09:41","modified_gmt":"2023-05-25T12:09:41","slug":"stringi-greta-169","status":"publish","type":"product","link":"https:\/\/butikhome.pl\/index.php\/produkt\/stringi-greta-169\/","title":{"rendered":"Stringi Greta 169"},"content":{"rendered":"<p>Eleganckie z przodu i bardzo seksowne z ty\u0142u &#8211; Greta to stringi warte grzechu. Wyj\u0105tkowo modne w tym sezonie, geometryczne, a\u017curowe aplikacje stylowo zdobi\u0105 biodra. Sk\u0142ad: 95% bawe\u0142na, 5% elastan.<\/p>\n<table border=\"1\" cellspacing=\"0\" cellpadding=\"3\">\n<tbody>\n<tr>\n<td valign=\"top\" width=\"170\">Tabela rozmiar\u00f3w<\/td>\n<td valign=\"top\" width=\"170\">Obw\u00f3d bioder<\/td>\n<\/tr>\n<tr>\n<td valign=\"top\" width=\"170\">XS (34)<\/td>\n<td valign=\"top\" width=\"170\">do 82 cm<\/td>\n<\/tr>\n<tr>\n<td valign=\"top\" width=\"170\">S (36)<\/td>\n<td valign=\"top\" width=\"170\">82-92 cm<\/td>\n<\/tr>\n<tr>\n<td valign=\"top\" width=\"170\">M (38)<\/td>\n<td valign=\"top\" width=\"170\">92-104 cm<\/td>\n<\/tr>\n<tr>\n<td valign=\"top\" width=\"170\">L (40)<\/td>\n<td valign=\"top\" width=\"170\">104-114 cm<\/td>\n<\/tr>\n<tr>\n<td valign=\"top\" width=\"170\">XL (42)<\/td>\n<td valign=\"top\" width=\"170\">114-126 cm<\/td>\n<\/tr>\n<tr>\n<td valign=\"top\" width=\"170\">XXL (44)<\/td>\n<td valign=\"top\" width=\"170\">126-136 cm<\/td>\n<\/tr>\n<\/tbody>\n<\/table>\n<p>&nbsp;<\/p>\n","protected":false},"excerpt":{"rendered":"<p>Eleganckie z przodu i bardzo seksowne z ty\u0142u &#8211; Greta to stringi warte grzechu. Wyj\u0105tkowo modne w tym sezonie, geometryczne, a\u017curowe aplikacje stylowo zdobi\u0105 biodra. Sk\u0142ad: 95% bawe\u0142na, 5% elastan. Tabela rozmiar\u00f3w Obw\u00f3d bioder XS (34) do 82 cm S (36) 82-92 cm M (38) 92-104 cm L (40) 104-114 cm XL (42) 114-126 cm &hellip; <\/p>\n","protected":false},"featured_media":14886,"comment_status":"open","ping_status":"closed","template":"","meta":[],"product_brand":[],"product_cat":[48,24,41,40,39,42],"product_tag":[647,581,645,81,646],"class_list":{"0":"post-14502","1":"product","2":"type-product","3":"status-publish","4":"has-post-thumbnail","6":"product_cat-majtki-podkategoria-do-bielizny","7":"product_cat-produkty","8":"product_cat-l","9":"product_cat-m","10":"product_cat-s","11":"product_cat-xl","12":"product_tag-azurowe-aplikacje","13":"product_tag-bawelna","14":"product_tag-elegancki-przod","15":"product_tag-kobiece","16":"product_tag-seksowny-tyl","18":"first","19":"instock","20":"taxable","21":"shipping-taxable","22":"purchasable","23":"product-type-simple"},"_links":{"self":[{"href":"https:\/\/butikhome.pl\/index.php\/wp-json\/wp\/v2\/product\/14502","targetHints":{"allow":["GET"]}}],"collection":[{"href":"https:\/\/butikhome.pl\/index.php\/wp-json\/wp\/v2\/product"}],"about":[{"href":"https:\/\/butikhome.pl\/index.php\/wp-json\/wp\/v2\/types\/product"}],"replies":[{"embeddable":true,"href":"https:\/\/butikhome.pl\/index.php\/wp-json\/wp\/v2\/comments?post=14502"}],"wp:featuredmedia":[{"embeddable":true,"href":"https:\/\/butikhome.pl\/index.php\/wp-json\/wp\/v2\/media\/14886"}],"wp:attachment":[{"href":"https:\/\/butikhome.pl\/index.php\/wp-json\/wp\/v2\/media?parent=14502"}],"wp:term":[{"taxonomy":"product_brand","embeddable":true,"href":"https:\/\/butikhome.pl\/index.php\/wp-json\/wp\/v2\/product_brand?post=14502"},{"taxonomy":"product_cat","embeddable":true,"href":"https:\/\/butikhome.pl\/index.php\/wp-json\/wp\/v2\/product_cat?post=14502"},{"taxonomy":"product_tag","embeddable":true,"href":"https:\/\/butikhome.pl\/index.php\/wp-json\/wp\/v2\/product_tag?post=14502"}],"curies":[{"name":"wp","href":"https:\/\/api.w.org\/{rel}","templated":true}]}}