{"id":14530,"date":"2023-03-29T19:17:10","date_gmt":"2023-03-29T17:17:10","guid":{"rendered":"https:\/\/butikhome.pl\/index.php\/produkt\/figi-iga\/"},"modified":"2023-05-25T11:32:24","modified_gmt":"2023-05-25T09:32:24","slug":"figi-iga","status":"publish","type":"product","link":"https:\/\/butikhome.pl\/index.php\/produkt\/figi-iga\/","title":{"rendered":"Figi Iga"},"content":{"rendered":"<p>Eleganckie figi z linii Classic, kt\u00f3re zdobi efektowna, a\u017curowa koronka &#8211; dzi\u0119ki niej, pomimo wy\u017cszego kroju, figi prezentuj\u0105 si\u0119 niesamowicie kobieco i elegancko. Z przodu, w g\u00f3rnej cz\u0119\u015bci &#8211; tak\u017ce \u015bliczne zdobieinie z koronki. Sk\u0142ad: 95% bawe\u0142na, 5% elastan.<\/p>\n<p>&nbsp;<\/p>\n","protected":false},"excerpt":{"rendered":"<p>Eleganckie figi z linii Classic, kt\u00f3re zdobi efektowna, a\u017curowa koronka &#8211; dzi\u0119ki niej, pomimo wy\u017cszego kroju, figi prezentuj\u0105 si\u0119 niesamowicie kobieco i elegancko. Z przodu, w g\u00f3rnej cz\u0119\u015bci &#8211; tak\u017ce \u015bliczne zdobieinie z koronki. Sk\u0142ad: 95% bawe\u0142na, 5% elastan. &nbsp;<\/p>\n","protected":false},"featured_media":14882,"comment_status":"open","ping_status":"closed","template":"","meta":[],"product_brand":[],"product_cat":[48,24,41,42],"product_tag":[82,408,348,50,81,381,639],"class_list":{"0":"post-14530","1":"product","2":"type-product","3":"status-publish","4":"has-post-thumbnail","6":"product_cat-majtki-podkategoria-do-bielizny","7":"product_cat-produkty","8":"product_cat-l","9":"product_cat-xl","10":"product_tag-azurowa-koronka","11":"product_tag-biale","12":"product_tag-eleganckie","13":"product_tag-figi","14":"product_tag-kobiece","15":"product_tag-pelny-kroj","16":"product_tag-zdobienia-z-koronki","18":"first","19":"instock","20":"taxable","21":"shipping-taxable","22":"purchasable","23":"product-type-simple"},"_links":{"self":[{"href":"https:\/\/butikhome.pl\/index.php\/wp-json\/wp\/v2\/product\/14530","targetHints":{"allow":["GET"]}}],"collection":[{"href":"https:\/\/butikhome.pl\/index.php\/wp-json\/wp\/v2\/product"}],"about":[{"href":"https:\/\/butikhome.pl\/index.php\/wp-json\/wp\/v2\/types\/product"}],"replies":[{"embeddable":true,"href":"https:\/\/butikhome.pl\/index.php\/wp-json\/wp\/v2\/comments?post=14530"}],"wp:featuredmedia":[{"embeddable":true,"href":"https:\/\/butikhome.pl\/index.php\/wp-json\/wp\/v2\/media\/14882"}],"wp:attachment":[{"href":"https:\/\/butikhome.pl\/index.php\/wp-json\/wp\/v2\/media?parent=14530"}],"wp:term":[{"taxonomy":"product_brand","embeddable":true,"href":"https:\/\/butikhome.pl\/index.php\/wp-json\/wp\/v2\/product_brand?post=14530"},{"taxonomy":"product_cat","embeddable":true,"href":"https:\/\/butikhome.pl\/index.php\/wp-json\/wp\/v2\/product_cat?post=14530"},{"taxonomy":"product_tag","embeddable":true,"href":"https:\/\/butikhome.pl\/index.php\/wp-json\/wp\/v2\/product_tag?post=14530"}],"curies":[{"name":"wp","href":"https:\/\/api.w.org\/{rel}","templated":true}]}}