{"id":14532,"date":"2023-03-29T19:17:15","date_gmt":"2023-03-29T17:17:15","guid":{"rendered":"https:\/\/butikhome.pl\/index.php\/produkt\/figi-kloe-bezowe\/"},"modified":"2023-05-18T14:16:45","modified_gmt":"2023-05-18T12:16:45","slug":"figi-kloe-bezowe","status":"publish","type":"product","link":"https:\/\/butikhome.pl\/index.php\/produkt\/figi-kloe-bezowe\/","title":{"rendered":"Figi Kloe Be\u017cowe"},"content":{"rendered":"<p>Zjawiskowe figi, kt\u00f3re \u0142\u0105cz\u0105 wygod\u0119 z ponadprzeci\u0119tnym wdzi\u0119kiem. G\u0142adki, spokojny prz\u00f3d i koronkowy ty\u0142 ze zmys\u0142owym efektem prze\u015bwitu. Oto bielizna dla Ciebie. Sk\u0142ad: 95% bawe\u0142na, 5% elastan<\/p>\n<p>&nbsp;<\/p>\n","protected":false},"excerpt":{"rendered":"<p>Zjawiskowe figi, kt\u00f3re \u0142\u0105cz\u0105 wygod\u0119 z ponadprzeci\u0119tnym wdzi\u0119kiem. G\u0142adki, spokojny prz\u00f3d i koronkowy ty\u0142 ze zmys\u0142owym efektem prze\u015bwitu. Oto bielizna dla Ciebie. Sk\u0142ad: 95% bawe\u0142na, 5% elastan &nbsp;<\/p>\n","protected":false},"featured_media":15286,"comment_status":"open","ping_status":"closed","template":"","meta":[],"product_brand":[],"product_cat":[48,24,41,40,39,42],"product_tag":[708,709,710,736,67,328,50,1283,260,442,1284,120],"class_list":{"0":"post-14532","1":"product","2":"type-product","3":"status-publish","4":"has-post-thumbnail","6":"product_cat-majtki-podkategoria-do-bielizny","7":"product_cat-produkty","8":"product_cat-l","9":"product_cat-m","10":"product_cat-s","11":"product_cat-xl","12":"product_tag-2-s","13":"product_tag-3-m","14":"product_tag-4-l","15":"product_tag-5-xl","16":"product_tag-bezowe","17":"product_tag-efekt-przeswitu","18":"product_tag-figi","19":"product_tag-figi-kloe-bezowe","20":"product_tag-gladki-przod","21":"product_tag-koronkowy-tyl","22":"product_tag-wdziek","23":"product_tag-wygodne","25":"first","26":"instock","27":"taxable","28":"shipping-taxable","29":"purchasable","30":"product-type-simple"},"_links":{"self":[{"href":"https:\/\/butikhome.pl\/index.php\/wp-json\/wp\/v2\/product\/14532","targetHints":{"allow":["GET"]}}],"collection":[{"href":"https:\/\/butikhome.pl\/index.php\/wp-json\/wp\/v2\/product"}],"about":[{"href":"https:\/\/butikhome.pl\/index.php\/wp-json\/wp\/v2\/types\/product"}],"replies":[{"embeddable":true,"href":"https:\/\/butikhome.pl\/index.php\/wp-json\/wp\/v2\/comments?post=14532"}],"wp:featuredmedia":[{"embeddable":true,"href":"https:\/\/butikhome.pl\/index.php\/wp-json\/wp\/v2\/media\/15286"}],"wp:attachment":[{"href":"https:\/\/butikhome.pl\/index.php\/wp-json\/wp\/v2\/media?parent=14532"}],"wp:term":[{"taxonomy":"product_brand","embeddable":true,"href":"https:\/\/butikhome.pl\/index.php\/wp-json\/wp\/v2\/product_brand?post=14532"},{"taxonomy":"product_cat","embeddable":true,"href":"https:\/\/butikhome.pl\/index.php\/wp-json\/wp\/v2\/product_cat?post=14532"},{"taxonomy":"product_tag","embeddable":true,"href":"https:\/\/butikhome.pl\/index.php\/wp-json\/wp\/v2\/product_tag?post=14532"}],"curies":[{"name":"wp","href":"https:\/\/api.w.org\/{rel}","templated":true}]}}