{"id":14536,"date":"2023-03-29T19:17:25","date_gmt":"2023-03-29T17:17:25","guid":{"rendered":"https:\/\/butikhome.pl\/index.php\/produkt\/figi-kloe-biale\/"},"modified":"2023-05-25T11:31:14","modified_gmt":"2023-05-25T09:31:14","slug":"figi-kloe-biale","status":"publish","type":"product","link":"https:\/\/butikhome.pl\/index.php\/produkt\/figi-kloe-biale\/","title":{"rendered":"Figi Kloe Bia\u0142e"},"content":{"rendered":"<p>Zjawiskowe figi, kt\u00f3re \u0142\u0105cz\u0105 wygod\u0119 z ponadprzeci\u0119tnym wdzi\u0119kiem. G\u0142adki, spokojny prz\u00f3d i koronkowy ty\u0142 ze zmys\u0142owym efektem prze\u015bwitu. Oto bielizna dla Ciebie. Sk\u0142ad: 95% bawe\u0142na, 5% elastan<\/p>\n","protected":false},"excerpt":{"rendered":"<p>Zjawiskowe figi, kt\u00f3re \u0142\u0105cz\u0105 wygod\u0119 z ponadprzeci\u0119tnym wdzi\u0119kiem. G\u0142adki, spokojny prz\u00f3d i koronkowy ty\u0142 ze zmys\u0142owym efektem prze\u015bwitu. Oto bielizna dla Ciebie. Sk\u0142ad: 95% bawe\u0142na, 5% elastan<\/p>\n","protected":false},"featured_media":14880,"comment_status":"open","ping_status":"closed","template":"","meta":[],"product_brand":[],"product_cat":[48,24,41,40,39,42],"product_tag":[581,408,328,50,260,442],"class_list":{"0":"post-14536","1":"product","2":"type-product","3":"status-publish","4":"has-post-thumbnail","6":"product_cat-majtki-podkategoria-do-bielizny","7":"product_cat-produkty","8":"product_cat-l","9":"product_cat-m","10":"product_cat-s","11":"product_cat-xl","12":"product_tag-bawelna","13":"product_tag-biale","14":"product_tag-efekt-przeswitu","15":"product_tag-figi","16":"product_tag-gladki-przod","17":"product_tag-koronkowy-tyl","19":"first","20":"instock","21":"taxable","22":"shipping-taxable","23":"purchasable","24":"product-type-simple"},"_links":{"self":[{"href":"https:\/\/butikhome.pl\/index.php\/wp-json\/wp\/v2\/product\/14536","targetHints":{"allow":["GET"]}}],"collection":[{"href":"https:\/\/butikhome.pl\/index.php\/wp-json\/wp\/v2\/product"}],"about":[{"href":"https:\/\/butikhome.pl\/index.php\/wp-json\/wp\/v2\/types\/product"}],"replies":[{"embeddable":true,"href":"https:\/\/butikhome.pl\/index.php\/wp-json\/wp\/v2\/comments?post=14536"}],"wp:featuredmedia":[{"embeddable":true,"href":"https:\/\/butikhome.pl\/index.php\/wp-json\/wp\/v2\/media\/14880"}],"wp:attachment":[{"href":"https:\/\/butikhome.pl\/index.php\/wp-json\/wp\/v2\/media?parent=14536"}],"wp:term":[{"taxonomy":"product_brand","embeddable":true,"href":"https:\/\/butikhome.pl\/index.php\/wp-json\/wp\/v2\/product_brand?post=14536"},{"taxonomy":"product_cat","embeddable":true,"href":"https:\/\/butikhome.pl\/index.php\/wp-json\/wp\/v2\/product_cat?post=14536"},{"taxonomy":"product_tag","embeddable":true,"href":"https:\/\/butikhome.pl\/index.php\/wp-json\/wp\/v2\/product_tag?post=14536"}],"curies":[{"name":"wp","href":"https:\/\/api.w.org\/{rel}","templated":true}]}}