{"id":14540,"date":"2023-03-29T19:17:34","date_gmt":"2023-03-29T17:17:34","guid":{"rendered":"https:\/\/butikhome.pl\/index.php\/produkt\/figi-kloe-czarne\/"},"modified":"2023-05-25T11:30:43","modified_gmt":"2023-05-25T09:30:43","slug":"figi-kloe-czarne","status":"publish","type":"product","link":"https:\/\/butikhome.pl\/index.php\/produkt\/figi-kloe-czarne\/","title":{"rendered":"Figi Kloe Czarne"},"content":{"rendered":"<p>Zjawiskowe figi, kt\u00f3re \u0142\u0105cz\u0105 wygod\u0119 z ponadprzeci\u0119tnym wdzi\u0119kiem. G\u0142adki, spokojny prz\u00f3d i koronkowy ty\u0142 ze zmys\u0142owym efektem prze\u015bwitu. Oto bielizna dla Ciebie. Sk\u0142ad: 95% bawe\u0142na, 5% elastan<\/p>\n<p>&nbsp;<\/p>\n","protected":false},"excerpt":{"rendered":"<p>Zjawiskowe figi, kt\u00f3re \u0142\u0105cz\u0105 wygod\u0119 z ponadprzeci\u0119tnym wdzi\u0119kiem. G\u0142adki, spokojny prz\u00f3d i koronkowy ty\u0142 ze zmys\u0142owym efektem prze\u015bwitu. Oto bielizna dla Ciebie. Sk\u0142ad: 95% bawe\u0142na, 5% elastan &nbsp;<\/p>\n","protected":false},"featured_media":14879,"comment_status":"open","ping_status":"closed","template":"","meta":[],"product_brand":[],"product_cat":[48,24,40],"product_tag":[581,50,260,81,442,556,192],"class_list":{"0":"post-14540","1":"product","2":"type-product","3":"status-publish","4":"has-post-thumbnail","6":"product_cat-majtki-podkategoria-do-bielizny","7":"product_cat-produkty","8":"product_cat-m","9":"product_tag-bawelna","10":"product_tag-figi","11":"product_tag-gladki-przod","12":"product_tag-kobiece","13":"product_tag-koronkowy-tyl","14":"product_tag-pelniejszy-fason","15":"product_tag-przeswity","17":"first","18":"instock","19":"taxable","20":"shipping-taxable","21":"purchasable","22":"product-type-simple"},"_links":{"self":[{"href":"https:\/\/butikhome.pl\/index.php\/wp-json\/wp\/v2\/product\/14540","targetHints":{"allow":["GET"]}}],"collection":[{"href":"https:\/\/butikhome.pl\/index.php\/wp-json\/wp\/v2\/product"}],"about":[{"href":"https:\/\/butikhome.pl\/index.php\/wp-json\/wp\/v2\/types\/product"}],"replies":[{"embeddable":true,"href":"https:\/\/butikhome.pl\/index.php\/wp-json\/wp\/v2\/comments?post=14540"}],"wp:featuredmedia":[{"embeddable":true,"href":"https:\/\/butikhome.pl\/index.php\/wp-json\/wp\/v2\/media\/14879"}],"wp:attachment":[{"href":"https:\/\/butikhome.pl\/index.php\/wp-json\/wp\/v2\/media?parent=14540"}],"wp:term":[{"taxonomy":"product_brand","embeddable":true,"href":"https:\/\/butikhome.pl\/index.php\/wp-json\/wp\/v2\/product_brand?post=14540"},{"taxonomy":"product_cat","embeddable":true,"href":"https:\/\/butikhome.pl\/index.php\/wp-json\/wp\/v2\/product_cat?post=14540"},{"taxonomy":"product_tag","embeddable":true,"href":"https:\/\/butikhome.pl\/index.php\/wp-json\/wp\/v2\/product_tag?post=14540"}],"curies":[{"name":"wp","href":"https:\/\/api.w.org\/{rel}","templated":true}]}}