{"id":14554,"date":"2023-03-29T19:18:06","date_gmt":"2023-03-29T17:18:06","guid":{"rendered":"https:\/\/butikhome.pl\/index.php\/produkt\/figi-sisi-czarne-2\/"},"modified":"2023-05-25T11:23:28","modified_gmt":"2023-05-25T09:23:28","slug":"figi-sisi-czarne-2","status":"publish","type":"product","link":"https:\/\/butikhome.pl\/index.php\/produkt\/figi-sisi-czarne-2\/","title":{"rendered":"Figi Sisi Czarne"},"content":{"rendered":"<p>Rewelacyjne figi w bardzo atrakcyjnym, koronkowym wydaniu. Ty\u0142 z g\u0142adkim tr\u00f3jk\u0105tem u g\u00f3ry i zmys\u0142owym, koronkowym prze\u015bwitem na po\u015bladkach. Prz\u00f3d z koronkow\u0105 g\u00f3r\u0105 i g\u0142adkim, kryj\u0105cym do\u0142em. Fason inspirowany najmodniejszym obecnie krojem brazylijskim. Sk\u0142ad: 95% bawe\u0142na, 5% elastan.<\/p>\n<p>&nbsp;<\/p>\n","protected":false},"excerpt":{"rendered":"<p>Rewelacyjne figi w bardzo atrakcyjnym, koronkowym wydaniu. Ty\u0142 z g\u0142adkim tr\u00f3jk\u0105tem u g\u00f3ry i zmys\u0142owym, koronkowym prze\u015bwitem na po\u015bladkach. Prz\u00f3d z koronkow\u0105 g\u00f3r\u0105 i g\u0142adkim, kryj\u0105cym do\u0142em. Fason inspirowany najmodniejszym obecnie krojem brazylijskim. Sk\u0142ad: 95% bawe\u0142na, 5% elastan. &nbsp;<\/p>\n","protected":false},"featured_media":14873,"comment_status":"open","ping_status":"closed","template":"","meta":[],"product_brand":[],"product_cat":[48,24,40],"product_tag":[147,581,52,50,634,635],"class_list":{"0":"post-14554","1":"product","2":"type-product","3":"status-publish","4":"has-post-thumbnail","6":"product_cat-majtki-podkategoria-do-bielizny","7":"product_cat-produkty","8":"product_cat-m","9":"product_tag-bardzo-kobiece","10":"product_tag-bawelna","11":"product_tag-czarne","12":"product_tag-figi","13":"product_tag-koronkowy-przeswit-na-posladkach","14":"product_tag-kroj-brazylijski","16":"first","17":"instock","18":"taxable","19":"shipping-taxable","20":"purchasable","21":"product-type-simple"},"_links":{"self":[{"href":"https:\/\/butikhome.pl\/index.php\/wp-json\/wp\/v2\/product\/14554","targetHints":{"allow":["GET"]}}],"collection":[{"href":"https:\/\/butikhome.pl\/index.php\/wp-json\/wp\/v2\/product"}],"about":[{"href":"https:\/\/butikhome.pl\/index.php\/wp-json\/wp\/v2\/types\/product"}],"replies":[{"embeddable":true,"href":"https:\/\/butikhome.pl\/index.php\/wp-json\/wp\/v2\/comments?post=14554"}],"wp:featuredmedia":[{"embeddable":true,"href":"https:\/\/butikhome.pl\/index.php\/wp-json\/wp\/v2\/media\/14873"}],"wp:attachment":[{"href":"https:\/\/butikhome.pl\/index.php\/wp-json\/wp\/v2\/media?parent=14554"}],"wp:term":[{"taxonomy":"product_brand","embeddable":true,"href":"https:\/\/butikhome.pl\/index.php\/wp-json\/wp\/v2\/product_brand?post=14554"},{"taxonomy":"product_cat","embeddable":true,"href":"https:\/\/butikhome.pl\/index.php\/wp-json\/wp\/v2\/product_cat?post=14554"},{"taxonomy":"product_tag","embeddable":true,"href":"https:\/\/butikhome.pl\/index.php\/wp-json\/wp\/v2\/product_tag?post=14554"}],"curies":[{"name":"wp","href":"https:\/\/api.w.org\/{rel}","templated":true}]}}