{"id":14555,"date":"2023-03-29T19:18:07","date_gmt":"2023-03-29T17:18:07","guid":{"rendered":"https:\/\/butikhome.pl\/index.php\/produkt\/figi-zuza-bezowe\/"},"modified":"2023-05-25T11:21:51","modified_gmt":"2023-05-25T09:21:51","slug":"figi-zuza-bezowe","status":"publish","type":"product","link":"https:\/\/butikhome.pl\/index.php\/produkt\/figi-zuza-bezowe\/","title":{"rendered":"Figi Zuza Be\u017cowe"},"content":{"rendered":"<p>Idealne na co dzie\u0144, bawe\u0142niane figi o bardzo kobiecym kroju &#8211; midi bikini. Boki koronkowe, dodaj\u0105 ca\u0142o\u015bci wspania\u0142ej elegancji. Sk\u0142ad: 95% bawe\u0142na, 5% elastan.<\/p>\n<p>&nbsp;<\/p>\n<p>&nbsp;<\/p>\n","protected":false},"excerpt":{"rendered":"<p>Idealne na co dzie\u0144, bawe\u0142niane figi o bardzo kobiecym kroju &#8211; midi bikini. Boki koronkowe, dodaj\u0105 ca\u0142o\u015bci wspania\u0142ej elegancji. Sk\u0142ad: 95% bawe\u0142na, 5% elastan. &nbsp; &nbsp;<\/p>\n","protected":false},"featured_media":14861,"comment_status":"open","ping_status":"closed","template":"","meta":[],"product_brand":[],"product_cat":[48,24,41,40,39,42,43],"product_tag":[70,348,50,397,633,521],"class_list":{"0":"post-14555","1":"product","2":"type-product","3":"status-publish","4":"has-post-thumbnail","6":"product_cat-majtki-podkategoria-do-bielizny","7":"product_cat-produkty","8":"product_cat-l","9":"product_cat-m","10":"product_cat-s","11":"product_cat-xl","12":"product_cat-2xl","13":"product_tag-bawelniane","14":"product_tag-eleganckie","15":"product_tag-figi","16":"product_tag-koronkowe-boki","17":"product_tag-midi-bikini","18":"product_tag-na-codzien","20":"first","21":"instock","22":"taxable","23":"shipping-taxable","24":"purchasable","25":"product-type-simple"},"_links":{"self":[{"href":"https:\/\/butikhome.pl\/index.php\/wp-json\/wp\/v2\/product\/14555","targetHints":{"allow":["GET"]}}],"collection":[{"href":"https:\/\/butikhome.pl\/index.php\/wp-json\/wp\/v2\/product"}],"about":[{"href":"https:\/\/butikhome.pl\/index.php\/wp-json\/wp\/v2\/types\/product"}],"replies":[{"embeddable":true,"href":"https:\/\/butikhome.pl\/index.php\/wp-json\/wp\/v2\/comments?post=14555"}],"wp:featuredmedia":[{"embeddable":true,"href":"https:\/\/butikhome.pl\/index.php\/wp-json\/wp\/v2\/media\/14861"}],"wp:attachment":[{"href":"https:\/\/butikhome.pl\/index.php\/wp-json\/wp\/v2\/media?parent=14555"}],"wp:term":[{"taxonomy":"product_brand","embeddable":true,"href":"https:\/\/butikhome.pl\/index.php\/wp-json\/wp\/v2\/product_brand?post=14555"},{"taxonomy":"product_cat","embeddable":true,"href":"https:\/\/butikhome.pl\/index.php\/wp-json\/wp\/v2\/product_cat?post=14555"},{"taxonomy":"product_tag","embeddable":true,"href":"https:\/\/butikhome.pl\/index.php\/wp-json\/wp\/v2\/product_tag?post=14555"}],"curies":[{"name":"wp","href":"https:\/\/api.w.org\/{rel}","templated":true}]}}