{"id":14560,"date":"2023-03-29T19:18:19","date_gmt":"2023-03-29T17:18:19","guid":{"rendered":"https:\/\/butikhome.pl\/index.php\/produkt\/figi-zuza-biale\/"},"modified":"2023-05-25T11:21:32","modified_gmt":"2023-05-25T09:21:32","slug":"figi-zuza-biale","status":"publish","type":"product","link":"https:\/\/butikhome.pl\/index.php\/produkt\/figi-zuza-biale\/","title":{"rendered":"Figi Zuza Bia\u0142e"},"content":{"rendered":"<p>Idealne na co dzie\u0144, bawe\u0142niane figi o bardzo kobiecym kroju &#8211; midi bikini. Boki koronkowe, dodaj\u0105 ca\u0142o\u015bci wspania\u0142ej elegancji. Sk\u0142ad: 95% bawe\u0142na, 5% elastan.<\/p>\n<p>&nbsp;<\/p>\n","protected":false},"excerpt":{"rendered":"<p>Idealne na co dzie\u0144, bawe\u0142niane figi o bardzo kobiecym kroju &#8211; midi bikini. Boki koronkowe, dodaj\u0105 ca\u0142o\u015bci wspania\u0142ej elegancji. Sk\u0142ad: 95% bawe\u0142na, 5% elastan. &nbsp;<\/p>\n","protected":false},"featured_media":14863,"comment_status":"open","ping_status":"closed","template":"","meta":[],"product_brand":[],"product_cat":[48,24,41,40,42,43],"product_tag":[581,348,50,632,633,521],"class_list":{"0":"post-14560","1":"product","2":"type-product","3":"status-publish","4":"has-post-thumbnail","6":"product_cat-majtki-podkategoria-do-bielizny","7":"product_cat-produkty","8":"product_cat-l","9":"product_cat-m","10":"product_cat-xl","11":"product_cat-2xl","12":"product_tag-bawelna","13":"product_tag-eleganckie","14":"product_tag-figi","15":"product_tag-kobiecy-kroj","16":"product_tag-midi-bikini","17":"product_tag-na-codzien","19":"first","20":"instock","21":"taxable","22":"shipping-taxable","23":"purchasable","24":"product-type-simple"},"_links":{"self":[{"href":"https:\/\/butikhome.pl\/index.php\/wp-json\/wp\/v2\/product\/14560","targetHints":{"allow":["GET"]}}],"collection":[{"href":"https:\/\/butikhome.pl\/index.php\/wp-json\/wp\/v2\/product"}],"about":[{"href":"https:\/\/butikhome.pl\/index.php\/wp-json\/wp\/v2\/types\/product"}],"replies":[{"embeddable":true,"href":"https:\/\/butikhome.pl\/index.php\/wp-json\/wp\/v2\/comments?post=14560"}],"wp:featuredmedia":[{"embeddable":true,"href":"https:\/\/butikhome.pl\/index.php\/wp-json\/wp\/v2\/media\/14863"}],"wp:attachment":[{"href":"https:\/\/butikhome.pl\/index.php\/wp-json\/wp\/v2\/media?parent=14560"}],"wp:term":[{"taxonomy":"product_brand","embeddable":true,"href":"https:\/\/butikhome.pl\/index.php\/wp-json\/wp\/v2\/product_brand?post=14560"},{"taxonomy":"product_cat","embeddable":true,"href":"https:\/\/butikhome.pl\/index.php\/wp-json\/wp\/v2\/product_cat?post=14560"},{"taxonomy":"product_tag","embeddable":true,"href":"https:\/\/butikhome.pl\/index.php\/wp-json\/wp\/v2\/product_tag?post=14560"}],"curies":[{"name":"wp","href":"https:\/\/api.w.org\/{rel}","templated":true}]}}