{"id":14570,"date":"2023-03-29T19:18:45","date_gmt":"2023-03-29T17:18:45","guid":{"rendered":"https:\/\/butikhome.pl\/index.php\/produkt\/podkolanowki-body-care-massage-20\/"},"modified":"2023-05-25T11:19:38","modified_gmt":"2023-05-25T09:19:38","slug":"podkolanowki-body-care-massage-20","status":"publish","type":"product","link":"https:\/\/butikhome.pl\/index.php\/produkt\/podkolanowki-body-care-massage-20\/","title":{"rendered":"Podkolan\u00f3wki Body Care Massage 20"},"content":{"rendered":"<p>Rewelacyjne podkolan\u00f3wki marki Fiore z efektem masa\u017cu. Od spodu &#8211; specjalne strefy. Do tego technologia Silver Fresh (pozwala ograniczy\u0107 rozw\u00f3j nieprzyjemnych zapach\u00f3w, bakterii czy grzyb\u00f3w) i komfortowy, bezuciskowy \u015bci\u0105gacz. Sk\u0142ad: 80% poliamid, 20% elastan. Grubo\u015b\u0107 20 DEN.<\/p>\n<p>&nbsp;<\/p>\n","protected":false},"excerpt":{"rendered":"<p>Rewelacyjne podkolan\u00f3wki marki Fiore z efektem masa\u017cu. Od spodu &#8211; specjalne strefy. Do tego technologia Silver Fresh (pozwala ograniczy\u0107 rozw\u00f3j nieprzyjemnych zapach\u00f3w, bakterii czy grzyb\u00f3w) i komfortowy, bezuciskowy \u015bci\u0105gacz. Sk\u0142ad: 80% poliamid, 20% elastan. Grubo\u015b\u0107 20 DEN. &nbsp;<\/p>\n","protected":false},"featured_media":15284,"comment_status":"open","ping_status":"closed","template":"","meta":[],"product_brand":[],"product_cat":[1259,24,30],"product_tag":[977,1275,1274,51,700,402,1276,1277,1279,1265,1268,1278,1034],"class_list":{"0":"post-14570","1":"product","2":"type-product","3":"status-publish","4":"has-post-thumbnail","6":"product_cat-podkolanowki","7":"product_cat-produkty","8":"product_cat-uncategorized","9":"product_tag-bezuciskowy-sciagacz","10":"product_tag-czarne-black","11":"product_tag-fiore-podkolanowki-body-care-massage-20","12":"product_tag-gladkie","13":"product_tag-grubosc-20-den","14":"product_tag-komfortowe","15":"product_tag-light-natural","16":"product_tag-natural-odc-naturalny","17":"product_tag-od-spodu-specjalne-strefy","18":"product_tag-podkolanowki-z-efektem-masazu","19":"product_tag-pozwala-ograniczyc-rozwoj-nieprzyjemnych-zapachow-bakterii-czy-grzybow","20":"product_tag-tan-opalony","21":"product_tag-technologia-silver-fresh","23":"first","24":"instock","25":"taxable","26":"shipping-taxable","27":"purchasable","28":"product-type-simple"},"_links":{"self":[{"href":"https:\/\/butikhome.pl\/index.php\/wp-json\/wp\/v2\/product\/14570","targetHints":{"allow":["GET"]}}],"collection":[{"href":"https:\/\/butikhome.pl\/index.php\/wp-json\/wp\/v2\/product"}],"about":[{"href":"https:\/\/butikhome.pl\/index.php\/wp-json\/wp\/v2\/types\/product"}],"replies":[{"embeddable":true,"href":"https:\/\/butikhome.pl\/index.php\/wp-json\/wp\/v2\/comments?post=14570"}],"wp:featuredmedia":[{"embeddable":true,"href":"https:\/\/butikhome.pl\/index.php\/wp-json\/wp\/v2\/media\/15284"}],"wp:attachment":[{"href":"https:\/\/butikhome.pl\/index.php\/wp-json\/wp\/v2\/media?parent=14570"}],"wp:term":[{"taxonomy":"product_brand","embeddable":true,"href":"https:\/\/butikhome.pl\/index.php\/wp-json\/wp\/v2\/product_brand?post=14570"},{"taxonomy":"product_cat","embeddable":true,"href":"https:\/\/butikhome.pl\/index.php\/wp-json\/wp\/v2\/product_cat?post=14570"},{"taxonomy":"product_tag","embeddable":true,"href":"https:\/\/butikhome.pl\/index.php\/wp-json\/wp\/v2\/product_tag?post=14570"}],"curies":[{"name":"wp","href":"https:\/\/api.w.org\/{rel}","templated":true}]}}